{"id":289,"date":"2025-08-21T09:36:49","date_gmt":"2025-08-21T07:36:49","guid":{"rendered":"https:\/\/vozolpuff.de\/?page_id=289"},"modified":"2025-08-21T09:58:28","modified_gmt":"2025-08-21T07:58:28","slug":"about","status":"publish","type":"page","link":"https:\/\/vozolpuff.de\/da\/about\/","title":{"rendered":"Omkring"},"content":{"rendered":"<section class=\"section dark\" id=\"section_1715993146\">\n\t\t<div class=\"section-bg fill\" >\n\t\t\t<img loading=\"lazy\" decoding=\"async\" width=\"1024\" height=\"588\" src=\"https:\/\/vozolpuff.de\/wp-content\/uploads\/2025\/08\/\u5fae\u4fe1\u56fe\u7247_20250820223125.png\" class=\"bg attachment- size-\" alt=\"\" \/>\t\t\t\t\t\t<div class=\"section-bg-overlay absolute fill\"><\/div>\n\t\t\t\n\n\t\t<\/div>\n\n\t\t\n\n\t\t<div class=\"section-content relative\">\n\t\t\t\n\n<div class=\"row align-center\"  id=\"row-1508316126\">\n\n\n\t<div id=\"col-1651149027\" class=\"col medium-9 small-12 large-7\"  >\n\t\t\t\t<div class=\"col-inner text-center\"  >\n\t\t\t\n\t\t\t\n\n\t<div id=\"text-1094392407\" class=\"text\">\n\t\t\n\n<h3>Om os<\/h3>\n\t\t\n<style>\n#text-1094392407 {\n  font-size: 2.75rem;\n  line-height: 1;\n}\n<\/style>\n\t<\/div>\n\t\n\t<div id=\"text-3351682808\" class=\"text\">\n\t\t\n\n<p><strong>Oplev vozolpuff.co.uk, din f\u00f8rste anl\u00f8bshavn for engangsdampningsprodukter af h\u00f8j kvalitet online. Med seks \u00e5rs brancheerfaring har vi etableret os som en p\u00e5lidelig distribut\u00f8r af f\u00f8rende m\u00e6rker som Vozol, Waspe, Bang, JNR, RandM Tornado, Elf Box, Uwin, Vapsolo, Al Fakher og mange flere respekterede navne i dampbranchen. Vores internationalt anerkendte produkter n\u00e5r ud til kunder i mange lande verden over.<\/strong><\/p>\n<p><strong>Hos vozolpuff.de betjener vi b\u00e5de detailkunder og grossister med et omfattende udvalg af engangsl\u00f8sninger til dampning. Vores fokus p\u00e5 fremragende kvalitet og kundetilfredshed kendetegner os som en p\u00e5lidelig og professionel vaping-forhandler.<\/strong><\/p>\n<p><strong>Gennemse vores mangfoldige udvalg af Vozol-engangsapparater, RandM Tornado-produkter, Vapsolo-produkter, Elf Box-produkter og andre premium-m\u00e6rker for at finde den perfekte dampl\u00f8sning til dine individuelle behov. Uanset om du er en erfaren dampentusiast eller lige er begyndt p\u00e5 din damprejse, har vores brede sortiment noget for enhver smag.<\/strong><\/p>\n<p><strong>V\u00e6lg vozolpuff.co.uk for en problemfri shoppingoplevelse, fair priser og et imponerende udvalg af smagsvarianter og enheder, der vil forbedre dit vaping-eventyr. Slut dig til vores tilfredse kunder over hele verden, og oplev den praktiske anvendelighed og tilfredshed, som engangsdampere tilbyder.<\/strong><\/p>\n<p><strong>Revolution\u00e9r din dampoplevelse med f\u00f8rsteklasses engangsprodukter fra vozolpuff.co.uk. Bestil i dag og nyd vaping-perfektion, n\u00e5r det er bedst!<\/strong><\/p>\n\t\t\n<style>\n#text-3351682808 {\n  font-size: 1.2rem;\n  line-height: 1.65;\n  color: rgb(255,255,255);\n}\n#text-3351682808 > * {\n  color: rgb(255,255,255);\n}\n<\/style>\n\t<\/div>\n\t\n\n\t\t<\/div>\n\t\t\t\t\t<\/div>\n\n\t\n\n<\/div>\n\n\t\t<\/div>\n\n\t\t\n<style>\n#section_1715993146 {\n  padding-top: 30px;\n  padding-bottom: 30px;\n  min-height: 600px;\n}\n#section_1715993146 .section-bg-overlay {\n  background-color: rgba(0, 0, 0, 0.4);\n}\n@media (min-width:850px) {\n  #section_1715993146 {\n    min-height: 900px;\n  }\n}\n<\/style>\n\t<\/section>","protected":false},"excerpt":{"rendered":"","protected":false},"author":1,"featured_media":0,"parent":0,"menu_order":0,"comment_status":"closed","ping_status":"closed","template":"","meta":{"_acf_changed":false,"footnotes":""},"class_list":["post-289","page","type-page","status-publish","hentry"],"acf":[],"_links":{"self":[{"href":"https:\/\/vozolpuff.de\/da\/wp-json\/wp\/v2\/pages\/289","targetHints":{"allow":["GET"]}}],"collection":[{"href":"https:\/\/vozolpuff.de\/da\/wp-json\/wp\/v2\/pages"}],"about":[{"href":"https:\/\/vozolpuff.de\/da\/wp-json\/wp\/v2\/types\/page"}],"author":[{"embeddable":true,"href":"https:\/\/vozolpuff.de\/da\/wp-json\/wp\/v2\/users\/1"}],"replies":[{"embeddable":true,"href":"https:\/\/vozolpuff.de\/da\/wp-json\/wp\/v2\/comments?post=289"}],"version-history":[{"count":10,"href":"https:\/\/vozolpuff.de\/da\/wp-json\/wp\/v2\/pages\/289\/revisions"}],"predecessor-version":[{"id":307,"href":"https:\/\/vozolpuff.de\/da\/wp-json\/wp\/v2\/pages\/289\/revisions\/307"}],"wp:attachment":[{"href":"https:\/\/vozolpuff.de\/da\/wp-json\/wp\/v2\/media?parent=289"}],"curies":[{"name":"wp","href":"https:\/\/api.w.org\/{rel}","templated":true}]}}