{"id":328,"date":"2025-08-21T10:43:16","date_gmt":"2025-08-21T08:43:16","guid":{"rendered":"https:\/\/vozolpuff.de\/?page_id=328"},"modified":"2025-08-21T10:43:18","modified_gmt":"2025-08-21T08:43:18","slug":"rueckgaberichtlinie","status":"publish","type":"page","link":"https:\/\/vozolpuff.de\/da\/rueckgaberichtlinie\/","title":{"rendered":"Politik for returnering"},"content":{"rendered":"<p><strong>Returperioder og generelle bestemmelser<\/strong><\/p>\n\n\n\n<ul class=\"wp-block-list\">\n<li><strong>Tidsramme for returnering<\/strong>: 3 dages returret fra k\u00f8bsdato<\/li>\n\n\n\n<li><strong>Leveringstider<\/strong>3 dages leveringstid - tjek varerne for korrekt funktion straks ved ankomsten<\/li>\n\n\n\n<li><strong>Tidsforl\u00f8b<\/strong>: Efter 3 dage er ingen refusion eller ombytning mulig uanset \u00e5rsag.<\/li>\n\n\n\n<li><strong>\u00c6ndringer af ordren<\/strong>: Adresse\u00e6ndringer kan udf\u00f8res op til afsendelse via e-mail til czhiwen97@gmail.com<\/li>\n\n\n\n<li><strong>Efter afsendelse af varer<\/strong>Afbestilling ikke l\u00e6ngere mulig<\/li>\n<\/ul>\n\n\n\n<p><strong>Omkostninger og afgifter<\/strong><\/p>\n\n\n\n<ul class=\"wp-block-list\">\n<li><strong>Leveringer accepteres ikke<\/strong>30% Behandlingsgebyr for afvisning af pakke eller forkert adresse med anmodning om tilbagebetaling<\/li>\n\n\n\n<li><strong>Forsendelsesomkostninger<\/strong>Er generelt ikke refunderbare<\/li>\n\n\n\n<li><strong>Omkostninger til opbevaring af returvarer<\/strong>50% Gebyr for returnerede, fejlfri, \u00e5bnede varer<\/li>\n<\/ul>\n\n\n\n<p><strong>Varer, der er godkendt til returnering<\/strong><\/p>\n\n\n\n<ul class=\"wp-block-list\">\n<li><strong>Accepterede returneringer<\/strong>Kun defekte produkter accepteres til returnering.<\/li>\n\n\n\n<li><strong>Standard artikel<\/strong>: Ingen refusion for almindelige produkter<\/li>\n<\/ul>\n\n\n\n<p><strong>Produkter, der ikke kan returneres<\/strong> <strong>Hygiejniske og sikkerhedsm\u00e6ssige \u00e5rsager:<\/strong><\/p>\n\n\n\n<ul class=\"wp-block-list\">\n<li>V\u00e6sker til e-cigaretter\/e-v\u00e6sker<\/li>\n\n\n\n<li>Mundstykker, patroner, fordampercoils<\/li>\n\n\n\n<li>\u00c5ben tank\/RDA\/RDTA-systemer<\/li>\n\n\n\n<li>Varmespiraler, ledninger, vat<\/li>\n\n\n\n<li>Beholder, fordampningsenheder, fordampningshoveder<\/li>\n\n\n\n<li>Batterier, opladere<\/li>\n<\/ul>\n\n\n\n<p><strong>Yderligere undtagelser:<\/strong><\/p>\n\n\n\n<ul class=\"wp-block-list\">\n<li>Gratis eller salgsfremmende pr\u00f8ver<\/li>\n\n\n\n<li>Individuelle ordrer via salgspersonale<\/li>\n\n\n\n<li>Store ordrer<\/li>\n\n\n\n<li>Alle pr\u00e6senterede eller modificerede produkter<\/li>\n\n\n\n<li>Varer med fysiske skader, fugtskader eller tegn p\u00e5 manipulation<\/li>\n<\/ul>\n\n\n\n<p><strong>Procedure for returnering<\/strong><\/p>\n\n\n\n<ul class=\"wp-block-list\">\n<li><strong>N\u00f8dvendig information<\/strong>Fuldst\u00e6ndigt navn, ordrenummer og -dato, produktoplysninger: Betegnelse, producent, type, farve<\/li>\n\n\n\n<li><strong>Type af afkast<\/strong>Defekt artikel, forkert produkt<\/li>\n\n\n\n<li><strong>Billedkreditering<\/strong>Foto-\/videodokumentation af stregkode, serienummer, QR-kode<\/li>\n\n\n\n<li><strong>Returtype<\/strong>Tilbagebetaling, butikskredit eller produktombytning<\/li>\n\n\n\n<li><strong>Returforsendelse<\/strong>Egen emballering og forsendelse for kundens regning<\/li>\n\n\n\n<li><strong>Behandlingstid<\/strong>1-3 arbejdsdage Inspektion efter modtagelse af varer<\/li>\n\n\n\n<li><strong>Mulighed for kontakt<\/strong>: czhiwen97@gmail.com<\/li>\n<\/ul>\n\n\n\n<p><strong>Krav til defekte varer<\/strong><\/p>\n\n\n\n<ul class=\"wp-block-list\">\n<li><strong>Betingelser for bytte\/kredit<\/strong>: Ingen fysiske skader eller dybe ridser<\/li>\n\n\n\n<li><strong>Ingen returnering<\/strong>P\u00e5 grund af mindre optiske fejl<\/li>\n\n\n\n<li><strong>Fuldst\u00e6ndighed<\/strong>: Alle ekstra dele skal ogs\u00e5 sendes<\/li>\n\n\n\n<li><strong>Emballage<\/strong>: Omhyggelig indpakning n\u00f8dvendig<\/li>\n\n\n\n<li><strong>Kriterier for udelukkelse<\/strong>Artikler m\u00e5 ikke v\u00e6re p\u00e5 udelukkelseslisten<\/li>\n<\/ul>\n\n\n\n<p><strong>Behandling og h\u00e5ndtering af tilbagebetaling<\/strong><\/p>\n\n\n\n<ul class=\"wp-block-list\">\n<li><strong>Behandlingstid<\/strong>7-10 arbejdsdage for postreturneringer<\/li>\n\n\n\n<li><strong>Behandling af tilbagebetaling<\/strong>3-7 arbejdsdage til behandling af tilbagebetaling<\/li>\n\n\n\n<li><strong>Bankafh\u00e6ngig varighed<\/strong>Op til 10 ekstra dage afh\u00e6ngigt af banken<\/li>\n\n\n\n<li><strong>Almindelige priser<\/strong>: Kan refunderes<\/li>\n\n\n\n<li><strong>Reklameartikler<\/strong>: Ikke autoriseret til at returnere<\/li>\n\n\n\n<li><strong>Udsalgsvarer<\/strong>: Ingen erstatning garanteret, vil ikke blive genbestilt<\/li>\n<\/ul>\n\n\n\n<p><strong>Vigtige bem\u00e6rkninger<\/strong><\/p>\n\n\n\n<ul class=\"wp-block-list\">\n<li><strong>Ansvarlighed<\/strong>Intet ansvar for mistede, stj\u00e5lne eller beskadigede returneringer<\/li>\n\n\n\n<li><strong>K\u00f8berens fortrydelse<\/strong>Ingen returnering af \u00e5bnede\/brugte varer uden defekter<\/li>\n\n\n\n<li><strong>Lokale bestemmelser<\/strong>Kunder skal tjekke lokale love<\/li>\n\n\n\n<li><strong>Ansvarsfraskrivelse<\/strong>: Ingen juridisk r\u00e5dgivning fra vozolpuff.de<\/li>\n\n\n\n<li><strong>Batteriets sikkerhed<\/strong>Intet ansvar for skader for\u00e5rsaget af forkert brug af batteriet<\/li>\n\n\n\n<li><strong>Kontant ved levering<\/strong>: Ikke l\u00e6ngere tilg\u00e6ngelig som leveringsmulighed<\/li>\n<\/ul>","protected":false},"excerpt":{"rendered":"<p>R\u00fcckgabefristen und Allgemeine Bestimmungen Kosten und Abgaben Zur R\u00fcckgabe berechtigte Waren Nicht r\u00fccksendbare Produkte Hygienische und sicherheitsrelevante Gr\u00fcnde: Weitere Ausschl\u00fcsse: Ablauf der R\u00fcckgabe Voraussetzungen f\u00fcr mangelhafte Artikel Erstattungsabwicklung und Bearbeitung Wesentliche Hinweise<\/p>","protected":false},"author":1,"featured_media":0,"parent":0,"menu_order":0,"comment_status":"closed","ping_status":"closed","template":"","meta":{"_acf_changed":false,"footnotes":""},"class_list":["post-328","page","type-page","status-publish","hentry"],"acf":[],"_links":{"self":[{"href":"https:\/\/vozolpuff.de\/da\/wp-json\/wp\/v2\/pages\/328","targetHints":{"allow":["GET"]}}],"collection":[{"href":"https:\/\/vozolpuff.de\/da\/wp-json\/wp\/v2\/pages"}],"about":[{"href":"https:\/\/vozolpuff.de\/da\/wp-json\/wp\/v2\/types\/page"}],"author":[{"embeddable":true,"href":"https:\/\/vozolpuff.de\/da\/wp-json\/wp\/v2\/users\/1"}],"replies":[{"embeddable":true,"href":"https:\/\/vozolpuff.de\/da\/wp-json\/wp\/v2\/comments?post=328"}],"version-history":[{"count":1,"href":"https:\/\/vozolpuff.de\/da\/wp-json\/wp\/v2\/pages\/328\/revisions"}],"predecessor-version":[{"id":330,"href":"https:\/\/vozolpuff.de\/da\/wp-json\/wp\/v2\/pages\/328\/revisions\/330"}],"wp:attachment":[{"href":"https:\/\/vozolpuff.de\/da\/wp-json\/wp\/v2\/media?parent=328"}],"curies":[{"name":"wp","href":"https:\/\/api.w.org\/{rel}","templated":true}]}}