{"id":331,"date":"2025-08-21T10:45:50","date_gmt":"2025-08-21T08:45:50","guid":{"rendered":"https:\/\/vozolpuff.de\/?page_id=331"},"modified":"2025-08-21T10:45:52","modified_gmt":"2025-08-21T08:45:52","slug":"versand-und-lieferung","status":"publish","type":"page","link":"https:\/\/vozolpuff.de\/da\/versand-und-lieferung\/","title":{"rendered":"Forsendelse og levering"},"content":{"rendered":"<h2 class=\"wp-block-heading\"><strong>Ordrebehandling og afsendelse<\/strong><\/h2>\n\n\n\n<ul class=\"wp-block-list\">\n<li><strong>Behandlingstid<\/strong>Ordrer behandles og afsendes inden for 1-5 arbejdsdage.<\/li>\n\n\n\n<li><strong>Standard leveringstid<\/strong>Den s\u00e6dvanlige leveringstid er 10-15 arbejdsdage<\/li>\n\n\n\n<li><strong>Pause i forsendelsen<\/strong>: Varer sendes ikke i weekender og p\u00e5 helligdage<\/li>\n<\/ul>\n\n\n\n<h2 class=\"wp-block-heading\"><strong>Sporing af pakker<\/strong><\/h2>\n\n\n\n<ul class=\"wp-block-list\">\n<li><strong>Meddelelse om sporing<\/strong>: Efter afsendelse modtager kunderne en e-mail med sporingsnummeret til kontrol af forsendelsen.<\/li>\n\n\n\n<li><strong>Opdatering af sporingsdata<\/strong>Sporingsoplysningerne opdateres f\u00f8rst 3-7 dage efter afsendelse.<\/li>\n<\/ul>\n\n\n\n<h2 class=\"wp-block-heading\"><strong>\u00c6ndringer og annulleringer af ordrer<\/strong><\/h2>\n\n\n\n<ul class=\"wp-block-list\">\n<li><strong>F\u00f8r afsendelse<\/strong>Ordrer kan annulleres f\u00f8r afsendelse, eller leveringsadressen kan \u00e6ndres.<\/li>\n\n\n\n<li><strong>Efter afsendelse<\/strong>: Ingen tilbagebetalinger eller adresse\u00e6ndringer er mulige efter afsendelse<\/li>\n<\/ul>\n\n\n\n<h2 class=\"wp-block-heading\"><strong>Toldklarering og fortoldning<\/strong><\/h2>\n\n\n\n<ul class=\"wp-block-list\">\n<li><strong>DDP-levering (Delivery Duty Paid)<\/strong>Tilbydes til f\u00f8lgende lande\/regioner, hvor der ikke p\u00e5l\u00f8ber toldbehandling eller toldomkostninger:\n<ul class=\"wp-block-list\">\n<li>USA (via UPS, undtagen Alaska og Hawaii)<\/li>\n\n\n\n<li>Australien (via Australia Post)<\/li>\n\n\n\n<li>Storbritannien (via DPD Express)<\/li>\n\n\n\n<li>Europa (via DHL Express \/ DPD Express)<\/li>\n<\/ul>\n<\/li>\n<\/ul>\n\n\n\n<h2 class=\"wp-block-heading\"><strong>Begr\u00e6nsninger p\u00e5 service<\/strong><\/h2>\n\n\n\n<ul class=\"wp-block-list\">\n<li><strong>Lande ikke tilg\u00e6ngelige<\/strong>: Tjenesten er ikke tilg\u00e6ngelig i nogle lande med strenge toldregler: Danmark, Australien, Norge og Schweiz.<\/li>\n<\/ul>\n\n\n\n<h2 class=\"wp-block-heading\"><strong>Supplerende oplysninger<\/strong><\/h2>\n\n\n\n<ul class=\"wp-block-list\">\n<li><strong>Fjerntliggende regioner<\/strong>: Ekstra omkostninger og l\u00e6ngere leveringstider kan forekomme for sv\u00e6rt tilg\u00e6ngelige omr\u00e5der<\/li>\n\n\n\n<li><strong>Kundesupport<\/strong>Hvis du har sp\u00f8rgsm\u00e5l, bedes du kontakte kundeservice p\u00e5 czhiwen97@gmail.com<\/li>\n<\/ul>","protected":false},"excerpt":{"rendered":"<p>Auftragsabwicklung und Versendung Paketverfolgung \u00c4nderungen und Stornierungen von Bestellungen Zollabwicklung und Verzollung Servicebeschr\u00e4nkungen Erg\u00e4nzende Informationen<\/p>","protected":false},"author":1,"featured_media":0,"parent":0,"menu_order":0,"comment_status":"closed","ping_status":"closed","template":"","meta":{"_acf_changed":false,"footnotes":""},"class_list":["post-331","page","type-page","status-publish","hentry"],"acf":[],"_links":{"self":[{"href":"https:\/\/vozolpuff.de\/da\/wp-json\/wp\/v2\/pages\/331","targetHints":{"allow":["GET"]}}],"collection":[{"href":"https:\/\/vozolpuff.de\/da\/wp-json\/wp\/v2\/pages"}],"about":[{"href":"https:\/\/vozolpuff.de\/da\/wp-json\/wp\/v2\/types\/page"}],"author":[{"embeddable":true,"href":"https:\/\/vozolpuff.de\/da\/wp-json\/wp\/v2\/users\/1"}],"replies":[{"embeddable":true,"href":"https:\/\/vozolpuff.de\/da\/wp-json\/wp\/v2\/comments?post=331"}],"version-history":[{"count":2,"href":"https:\/\/vozolpuff.de\/da\/wp-json\/wp\/v2\/pages\/331\/revisions"}],"predecessor-version":[{"id":2549,"href":"https:\/\/vozolpuff.de\/da\/wp-json\/wp\/v2\/pages\/331\/revisions\/2549"}],"wp:attachment":[{"href":"https:\/\/vozolpuff.de\/da\/wp-json\/wp\/v2\/media?parent=331"}],"curies":[{"name":"wp","href":"https:\/\/api.w.org\/{rel}","templated":true}]}}