{"id":1213,"date":"2025-08-25T14:50:49","date_gmt":"2025-08-25T12:50:49","guid":{"rendered":"https:\/\/vozolpuff.de\/?post_type=product&#038;p=1213"},"modified":"2026-03-31T16:13:41","modified_gmt":"2026-03-31T14:13:41","slug":"vozol-gear-shisha-25000-blueberry-ice","status":"publish","type":"product","link":"https:\/\/vozolpuff.de\/da\/vare\/vozol-gear-shisha-25000-blueberry-ice\/","title":{"rendered":"Vozol Gear Shisha 25000 Blueberry Ice"},"content":{"rendered":"<h2 class=\"text-xl font-bold text-text-100 mt-1 -mb-0.5\">Vozol Gear Shisha 25000 Blueberry Ice engangs e-cigaret<\/h2>\n<p class=\"whitespace-normal break-words\">Den <strong>Vozol Gear Shisha 25000 Blueberry Ice<\/strong> kombinerer s\u00f8d bl\u00e5b\u00e6rsmag med intens friskhed i en sofistikeret engangsdamper. Med en enest\u00e5ende kapacitet p\u00e5 op til 25.000 pust i den \u00f8konomiske eco-tilstand garanterer den langvarig dampnydelse uden afbrydelser. Den dynamiske power mode giver intensiverede smagsoplevelser takket v\u00e6re den avancerede dual mesh coil-teknologi. Det aerodynamisk optimerede luftkanaldesign er skabt udelukkende til DTL-entusiaster og sikrer \u00f8jeblikkelig, fl\u00f8jlsbl\u00f8d dampudtr\u00e6kning. Udstyret med et p\u00e5lideligt 1000 mAh batteri, et gener\u00f8st 24 ml e-v\u00e6ske reservoir og en informativ 2,1 tommer megask\u00e6rm, kombinerer denne enhed holdbarhed, innovation og bekvemmelighed i perfekt balance.<\/p>\n<h3 class=\"text-lg font-bold text-text-100 mt-1 -mb-1.5\">Produkth\u00f8jdepunkter for Vozol Gear Shisha 25000 Blueberry Ice:<\/h3>\n<p class=\"whitespace-normal break-words\"><strong>Opbevaring af energi:<\/strong> 1000 mAh for l\u00e6ngere driftstid<br \/>\n<strong>\u00d8konomitilstand:<\/strong> Op til 25.000 k\u00f8lige tog<br \/>\n<strong>Turbotilstand:<\/strong> Op til 18.000 kraftige tr\u00e6k<br \/>\n<strong>Indhold af nikotin:<\/strong> 5 mg\/ml til tilfredsstillende dampsessioner<br \/>\n<strong>Teknologi til tr\u00e6kkraft:<\/strong> DTL (Direct To Lung) for store m\u00e6ngder damp<br \/>\n<strong>Opvarmningsteknologi:<\/strong> Fordamper med dobbelt mesh for maksimal smag og dampvolumen<br \/>\n<strong>Yderligere funktioner:<\/strong> Lydinteraktion til moderne brug<br \/>\n<strong>Display-system:<\/strong> 2,1-tommers farvedisplay for nem betjening<br \/>\n<strong>Kontrol af luftstr\u00f8mmen:<\/strong> Justerbar luftstr\u00f8msregulering til personlige indstillinger<\/p>\n<h3 class=\"text-lg font-bold text-text-100 mt-1 -mb-1.5\">Oplev mere VOZOL VAPE p\u00e5 vozolpuff<\/h3>\n<p class=\"whitespace-normal break-words\">Oplev flere premium damp-produkter i vores <strong><a class=\"underline\" href=\"https:\/\/vozolpuff.de\/da\/\">Hovedsortiment<\/a><\/strong>Gennemse vores komplette udvalg af <strong><a class=\"underline\" href=\"https:\/\/vozolpuff.de\/da\/product-category\/vozol-vape\/\">VOZOL VAPE-kollektionen<\/a><\/strong> eller udforsk alle tilg\u00e6ngelige <strong><a class=\"underline\" href=\"https:\/\/vozolpuff.de\/da\/product-category\/vozol-vape\/vozol-gear-shisha-25000\/\">Vozol Gear Shisha 25000 smagsvarianter<\/a><\/strong>.<\/p>","protected":false},"excerpt":{"rendered":"<div>\n<div class=\"grid-cols-1 grid gap-2.5 [&amp;_&gt;_*]:min-w-0\">\n<div>\n<div class=\"grid-cols-1 grid gap-2.5 [&amp;_&gt;_*]:min-w-0\">\n<p class=\"whitespace-normal break-words\">Vozol Gear Shisha 25000 Blueberry Ice Einweg-Vape mit s\u00fc\u00dfen Blaubeeren und intensiver Frische. Dual-Mesh-Technologie, 18.000-25.000 Z\u00fcge, 1000mAh Akku, 24ml E-Liquid und 2,1-Zoll-Farbdisplay f\u00fcr DTL-Dampfgenuss.<\/p>\n<\/div>\n<\/div>\n<\/div>\n<\/div>\n<div class=\"flex flex-col gap-2 py-2\"><\/div>\n","protected":false},"featured_media":1215,"comment_status":"open","ping_status":"closed","template":"","meta":{"_acf_changed":false},"product_brand":[],"product_cat":[34],"product_tag":[],"class_list":{"0":"post-1213","1":"product","2":"type-product","3":"status-publish","4":"has-post-thumbnail","6":"product_cat-vozol-gear-shisha-25000","8":"first","9":"instock","10":"shipping-taxable","11":"purchasable","12":"product-type-variable"},"acf":[],"_links":{"self":[{"href":"https:\/\/vozolpuff.de\/da\/wp-json\/wp\/v2\/product\/1213","targetHints":{"allow":["GET"]}}],"collection":[{"href":"https:\/\/vozolpuff.de\/da\/wp-json\/wp\/v2\/product"}],"about":[{"href":"https:\/\/vozolpuff.de\/da\/wp-json\/wp\/v2\/types\/product"}],"replies":[{"embeddable":true,"href":"https:\/\/vozolpuff.de\/da\/wp-json\/wp\/v2\/comments?post=1213"}],"wp:featuredmedia":[{"embeddable":true,"href":"https:\/\/vozolpuff.de\/da\/wp-json\/wp\/v2\/media\/1215"}],"wp:attachment":[{"href":"https:\/\/vozolpuff.de\/da\/wp-json\/wp\/v2\/media?parent=1213"}],"wp:term":[{"taxonomy":"product_brand","embeddable":true,"href":"https:\/\/vozolpuff.de\/da\/wp-json\/wp\/v2\/product_brand?post=1213"},{"taxonomy":"product_cat","embeddable":true,"href":"https:\/\/vozolpuff.de\/da\/wp-json\/wp\/v2\/product_cat?post=1213"},{"taxonomy":"product_tag","embeddable":true,"href":"https:\/\/vozolpuff.de\/da\/wp-json\/wp\/v2\/product_tag?post=1213"}],"curies":[{"name":"wp","href":"https:\/\/api.w.org\/{rel}","templated":true}]}}