{"id":1297,"date":"2025-08-25T15:51:35","date_gmt":"2025-08-25T13:51:35","guid":{"rendered":"https:\/\/vozolpuff.de\/?post_type=product&#038;p=1297"},"modified":"2026-03-31T16:12:01","modified_gmt":"2026-03-31T14:12:01","slug":"vozol-gear-shisha-25000-moscow-evenings","status":"publish","type":"product","link":"https:\/\/vozolpuff.de\/da\/vare\/vozol-gear-shisha-25000-moscow-evenings\/","title":{"rendered":"Vozol Gear Shisha 25000 Moskva aftener"},"content":{"rendered":"<h2 class=\"text-xl font-bold text-text-100 mt-1 -mb-0.5\">Vozol Gear Shisha 25000 Moskva Aftener engangs vape<\/h2>\n<p class=\"whitespace-normal break-words\">Fordyb dig i den mystiske atmosf\u00e6re med Vozol Gear Shisha 25000 Moscow Evenings. Denne sofistikerede smagssammens\u00e6tning indfanger de kolde afteners elegance og giver op til 25.000 pust i den energibesparende Eco-tilstand. Det sofistikerede dual mesh-opvarmningssystem i power mode forst\u00e6rker de komplekse smagsnuancer og skaber en enest\u00e5ende smagsoplevelse.<\/p>\n<p class=\"whitespace-normal break-words\">Den aerodynamisk optimerede luftstr\u00f8m er specielt designet til kr\u00e6vende DTL-dampere og sikrer j\u00e6vne, kraftige pust. Med sit p\u00e5lidelige 1000 mAh batterisystem, den volumin\u00f8se 24 ml v\u00e6sketank og det informative 2,1 tommer farvedisplay s\u00e6tter denne enhed nye standarder med hensyn til bekvemmelighed og ydeevne.<\/p>\n<h3 class=\"text-lg font-bold text-text-100 mt-1 -mb-1.5\">Vozol Gear Shisha 25000 Moskva Aftener Udstyr:<\/h3>\n<p class=\"whitespace-normal break-words\"><strong>Batterikapacitet:<\/strong> 1000 mAh for l\u00e6ngere driftstid<br \/>\n<strong>\u00d8ko-tilstand:<\/strong> Op til 25.000 tog<br \/>\n<strong>Str\u00f8mtilstand:<\/strong> Op til 18.000 tog<br \/>\n<strong>Indhold af nikotin:<\/strong> 5 mg\/ml for optimal effekt i halsen<br \/>\n<strong>Dampteknologi:<\/strong> DTL (Direct To Lung) for maksimal dampproduktion<br \/>\n<strong>Fordamperteknologi:<\/strong> Dobbelt mesh for overlegen smagsgengivelse<br \/>\n<strong>Moderne funktioner:<\/strong> Lydfeedback til intuitiv brug<br \/>\n<strong>Sk\u00e6rmpanel:<\/strong> 2,1-tommers farvedisplay til detaljeret information<br \/>\n<strong>Luftregulering:<\/strong> Pr\u00e6cis justerbar luftstr\u00f8m til personlige pr\u00e6ferencer<\/p>\n<h3 class=\"text-lg font-bold text-text-100 mt-1 -mb-1.5\">Oplev mere VOZOL VAPE p\u00e5 vozolpuff<\/h3>\n<p class=\"whitespace-normal break-words\">Oplev flere premium e-cigaretter p\u00e5 vores <strong><a class=\"underline\" href=\"https:\/\/vozolpuff.de\/da\/\">Startside<\/a><\/strong>, udforsk den komplette <strong><a class=\"underline\" href=\"https:\/\/vozolpuff.de\/da\/product-category\/vozol-vape\/\">VOZOL VAPE-kollektionen<\/a><\/strong> eller gennemse alle tilg\u00e6ngelige <strong><a class=\"underline\" href=\"https:\/\/vozolpuff.de\/da\/product-category\/vozol-vape\/vozol-gear-shisha-25000\/\">Vozol Gear Shisha 25000 smagsvarianter<\/a><\/strong>.<\/p>","protected":false},"excerpt":{"rendered":"<p class=\"whitespace-normal break-words\">Vozol Gear Shisha 25000 Moscow Evenings engangsdamp indfanger den mystiske atmosf\u00e6re af kolde aftener i en sofistikeret smagssammens\u00e6tning. Op til 25.000 pust, 1000 mAh batteri, dobbelt mesh-system og 2,1\u2033 display. DTL-optimeret til elegante smagsnuancer.<\/p>","protected":false},"featured_media":1299,"comment_status":"open","ping_status":"closed","template":"","meta":{"_acf_changed":false},"product_brand":[],"product_cat":[34],"product_tag":[],"class_list":{"0":"post-1297","1":"product","2":"type-product","3":"status-publish","4":"has-post-thumbnail","6":"product_cat-vozol-gear-shisha-25000","8":"first","9":"instock","10":"shipping-taxable","11":"purchasable","12":"product-type-variable"},"acf":[],"_links":{"self":[{"href":"https:\/\/vozolpuff.de\/da\/wp-json\/wp\/v2\/product\/1297","targetHints":{"allow":["GET"]}}],"collection":[{"href":"https:\/\/vozolpuff.de\/da\/wp-json\/wp\/v2\/product"}],"about":[{"href":"https:\/\/vozolpuff.de\/da\/wp-json\/wp\/v2\/types\/product"}],"replies":[{"embeddable":true,"href":"https:\/\/vozolpuff.de\/da\/wp-json\/wp\/v2\/comments?post=1297"}],"wp:featuredmedia":[{"embeddable":true,"href":"https:\/\/vozolpuff.de\/da\/wp-json\/wp\/v2\/media\/1299"}],"wp:attachment":[{"href":"https:\/\/vozolpuff.de\/da\/wp-json\/wp\/v2\/media?parent=1297"}],"wp:term":[{"taxonomy":"product_brand","embeddable":true,"href":"https:\/\/vozolpuff.de\/da\/wp-json\/wp\/v2\/product_brand?post=1297"},{"taxonomy":"product_cat","embeddable":true,"href":"https:\/\/vozolpuff.de\/da\/wp-json\/wp\/v2\/product_cat?post=1297"},{"taxonomy":"product_tag","embeddable":true,"href":"https:\/\/vozolpuff.de\/da\/wp-json\/wp\/v2\/product_tag?post=1297"}],"curies":[{"name":"wp","href":"https:\/\/api.w.org\/{rel}","templated":true}]}}