{"id":2197,"date":"2025-08-28T17:15:34","date_gmt":"2025-08-28T15:15:34","guid":{"rendered":"https:\/\/vozolpuff.de\/?post_type=product&#038;p=2197"},"modified":"2025-08-28T17:15:34","modified_gmt":"2025-08-28T15:15:34","slug":"randm-tornado-15000-mr-blue","status":"publish","type":"product","link":"https:\/\/vozolpuff.de\/da\/vare\/randm-tornado-15000-mr-blue\/","title":{"rendered":"RandM Tornado 15000 Mr Bl\u00e5"},"content":{"rendered":"<h2 class=\"text-xl font-bold text-text-100 mt-1 -mb-0.5\">RandM Tornado 15000 Mr Blue engangs-vape<\/h2>\n<p class=\"whitespace-normal break-words\">Fordyb dig i Mr Blue's mystiske verden med RandM Tornado 15000. Denne ekstraordin\u00e6re smagssammens\u00e6tning giver en unik dampoplevelse med op til 15.000 pust. Den gener\u00f8se 25 ml e-v\u00e6sketank og valget mellem 0%, 2%, 3% og 5% nikotin g\u00f8r denne engangs e-cigaret til den perfekte ledsager.<\/p>\n<h3 class=\"text-lg font-bold text-text-100 mt-1 -mb-1.5\">Detaljer om Mr Blue-udstyr:<\/h3>\n<p class=\"whitespace-normal break-words\"><strong>H\u00f8jtydende batteri p\u00e5 850 mAh:<\/strong> F\u00f8rsteklasses genopladelig batteriteknologi giver konstant stabil energi og sikrer optimal funktionalitet, indtil batteriet er helt afladet.<\/p>\n<p class=\"whitespace-normal break-words\"><strong>Reservoir med stor kapacitet p\u00e5 25 ML:<\/strong> Tilstr\u00e6kkeligt dimensioneret tank giver maksimal dampoplevelse uden hyppige pauser eller vedligeholdelsesintervaller.<\/p>\n<p class=\"whitespace-normal break-words\"><strong>Speciel netspole p\u00e5 0,90\u03a9:<\/strong> Pr\u00e6cisionsfremstillede varmeelementer fremkalder de karakteristiske nuancer i Mr Blue-aromaen og sikrer en perfekt smag.<\/p>\n<p class=\"whitespace-normal break-words\"><strong>Type-C str\u00f8mport:<\/strong> Topmoderne opladningsteknologi giver lynhurtig energioptagelse og minimerer uproduktive ventetider.<\/p>\n<p class=\"whitespace-normal break-words\"><strong>Monumentale 15.000 bev\u00e6gelser af udholdenhed:<\/strong> Imponerende kapacitet til langvarig brug uden at g\u00e5 p\u00e5 kompromis med dampvolumen eller smagsintensitet.<\/p>\n<p class=\"whitespace-normal break-words\"><strong>Flerfarvet RGB-system:<\/strong> Innovativ lysteknologi skaber en stemningsfuld atmosf\u00e6re og fungerer som en pr\u00e6cis funktionsindikator.<\/p>\n<h3 class=\"text-lg font-bold text-text-100 mt-1 -mb-1.5\">Oplev mere FUMOT VAPE p\u00e5 vozolpuff<\/h3>\n<p class=\"whitespace-normal break-words\">Oplev flere f\u00f8rsteklasses dampprodukter i vores <strong><a class=\"underline\" href=\"https:\/\/vozolpuff.de\/da\/\">Hovedsortiment<\/a><\/strong>, udforsk den komplette <strong><a class=\"underline\" href=\"https:\/\/vozolpuff.de\/da\/product-category\/fumot-vape\/\">FUMOT VAPE-kollektionen<\/a><\/strong> eller gennemse alle tilg\u00e6ngelige <strong><a class=\"underline\" href=\"https:\/\/vozolpuff.de\/da\/product-category\/fumot-vape\/randm-tornado-15000\/\">RandM Tornado 15000 smagsvarianter<\/a><\/strong> for din perfekte dampoplevelse.<\/p>","protected":false},"excerpt":{"rendered":"<div>\n<div class=\"grid-cols-1 grid gap-2.5 [&amp;_&gt;_*]:min-w-0 !gap-3.5\">\n<p class=\"whitespace-normal break-words\">Die RandM Tornado 15000 Mr Blue Einweg-Vape bietet ein geheimnisvolles Geschmackserlebnis. Mit 15.000 Z\u00fcgen, 25ml Tank, 850mAh Akku und RGB-Beleuchtung sorgt sie f\u00fcr langanhaltenden Dampfgenuss. Erh\u00e4ltlich in 0%, 2%, 3% und 5% Nikotin.<\/p>\n<\/div>\n<\/div>\n<div class=\"h-8\"><\/div>\n","protected":false},"featured_media":2200,"comment_status":"open","ping_status":"closed","template":"","meta":{"_acf_changed":false},"product_brand":[],"product_cat":[44],"product_tag":[],"class_list":{"0":"post-2197","1":"product","2":"type-product","3":"status-publish","4":"has-post-thumbnail","6":"product_cat-randm-tornado-15000","8":"first","9":"instock","10":"shipping-taxable","11":"purchasable","12":"product-type-variable"},"acf":[],"_links":{"self":[{"href":"https:\/\/vozolpuff.de\/da\/wp-json\/wp\/v2\/product\/2197","targetHints":{"allow":["GET"]}}],"collection":[{"href":"https:\/\/vozolpuff.de\/da\/wp-json\/wp\/v2\/product"}],"about":[{"href":"https:\/\/vozolpuff.de\/da\/wp-json\/wp\/v2\/types\/product"}],"replies":[{"embeddable":true,"href":"https:\/\/vozolpuff.de\/da\/wp-json\/wp\/v2\/comments?post=2197"}],"wp:featuredmedia":[{"embeddable":true,"href":"https:\/\/vozolpuff.de\/da\/wp-json\/wp\/v2\/media\/2200"}],"wp:attachment":[{"href":"https:\/\/vozolpuff.de\/da\/wp-json\/wp\/v2\/media?parent=2197"}],"wp:term":[{"taxonomy":"product_brand","embeddable":true,"href":"https:\/\/vozolpuff.de\/da\/wp-json\/wp\/v2\/product_brand?post=2197"},{"taxonomy":"product_cat","embeddable":true,"href":"https:\/\/vozolpuff.de\/da\/wp-json\/wp\/v2\/product_cat?post=2197"},{"taxonomy":"product_tag","embeddable":true,"href":"https:\/\/vozolpuff.de\/da\/wp-json\/wp\/v2\/product_tag?post=2197"}],"curies":[{"name":"wp","href":"https:\/\/api.w.org\/{rel}","templated":true}]}}