{"id":2237,"date":"2025-08-28T17:28:29","date_gmt":"2025-08-28T15:28:29","guid":{"rendered":"https:\/\/vozolpuff.de\/?post_type=product&#038;p=2237"},"modified":"2025-08-28T17:28:29","modified_gmt":"2025-08-28T15:28:29","slug":"randm-tornado-15000-kiwi-passion-fruit-guava","status":"publish","type":"product","link":"https:\/\/vozolpuff.de\/da\/vare\/randm-tornado-15000-kiwi-passion-fruit-guava\/","title":{"rendered":"RandM Tornado 15000 Kiwi Passionsfrugt Guava"},"content":{"rendered":"<h2 class=\"text-xl font-bold text-text-100 mt-1 -mb-0.5\">RandM Tornado 15000 Kiwi Passion Fruit Guava Engangs-vape<\/h2>\n<p class=\"whitespace-normal break-words\">Tag p\u00e5 en tropisk smagsrejse med RandM Tornado 15000 Kiwi Passion Fruit Guava. Denne eksotiske tredobbelte frugtblanding kombinerer syrlig kiwi, aromatisk passionsfrugt og s\u00f8d guava for at skabe en paradisisk dampoplevelse. 15.000 pust og 25 ml kapacitet i nikotinstyrkerne 0%, 2%, 3% og 5%.<\/p>\n<h3 class=\"text-lg font-bold text-text-100 mt-1 -mb-1.5\">Kiwi Passionsfrugt Guava S\u00e6rlige egenskaber:<\/h3>\n<p class=\"whitespace-normal break-words\"><strong>Batteri med h\u00f8j kapacitet p\u00e5 850 mAh:<\/strong> F\u00f8rsteklasses energiteknologi sikrer en stabil smag af tropiske frugter og giver en ensartet ydeevne for den komplette eksotiske oplevelse.<\/p>\n<p class=\"whitespace-normal break-words\"><strong>Volumin\u00f8st 25 ML e-v\u00e6ske-system:<\/strong> Udvidet tankkapacitet muligg\u00f8r intensive tropiske rejser uden at afbryde den paradisiske smagsoplevelse.<\/p>\n<p class=\"whitespace-normal break-words\"><strong>Tropisk frugt-optimeret 0,90\u03a9 mesh coil:<\/strong> En specialudviklet fordampningsteknologi udtr\u00e6kker de komplekse aromatiske noter fra alle tre frugter og skaber en perfekt smagsharmoni.<\/p>\n<p class=\"whitespace-normal break-words\"><strong>Lightning Type-C oplader:<\/strong> Ultrahurtig opladningsteknologi minimerer ventetiden og maksimerer tiden til eksotiske vaping-eventyr.<\/p>\n<p class=\"whitespace-normal break-words\"><strong>Monumentale 15.000 bev\u00e6gelser af udholdenhed:<\/strong> Imponerende holdbarhed til flere ugers tropiske dr\u00f8mme uden at miste sin karakteristiske frugtkompleksitet.<\/p>\n<p class=\"whitespace-normal break-words\"><strong>Tropisk RGB-lysshow:<\/strong> Farverig belysning fremkalder paradisiske stemninger og fungerer som en p\u00e5lidelig funktionsindikator.<\/p>\n<h3 class=\"text-lg font-bold text-text-100 mt-1 -mb-1.5\">Oplev mere FUMOT VAPE p\u00e5 vozolpuff<\/h3>\n<p class=\"whitespace-normal break-words\">Oplev flere f\u00f8rsteklasses dampprodukter i vores <strong><a class=\"underline\" href=\"https:\/\/vozolpuff.de\/da\/\">Hovedsortiment<\/a><\/strong>, udforsk den komplette <strong><a class=\"underline\" href=\"https:\/\/vozolpuff.de\/da\/product-category\/fumot-vape\/\">FUMOT VAPE-kollektionen<\/a><\/strong> eller gennemse alle tilg\u00e6ngelige <strong><a class=\"underline\" href=\"https:\/\/vozolpuff.de\/da\/product-category\/fumot-vape\/randm-tornado-15000\/\">RandM Tornado 15000 smagsvarianter<\/a><\/strong> for din perfekte dampoplevelse.<\/p>","protected":false},"excerpt":{"rendered":"<div>\n<div class=\"grid-cols-1 grid gap-2.5 [&amp;_&gt;_*]:min-w-0 !gap-3.5\">\n<p class=\"whitespace-normal break-words\">Die RandM Tornado 15000 Kiwi Passion Fruit Guava Einweg-Vape bietet eine exotische Dreifach-Frucht-Mischung aus s\u00e4uerlicher Kiwi, aromatischer Passionsfrucht und s\u00fc\u00dfer Guave. Mit 15.000 Z\u00fcgen, 25ml Tank und 850mAh Akku. Erh\u00e4ltlich in 0%, 2%, 3% und 5% Nikotin.<\/p>\n<\/div>\n<\/div>\n<div class=\"h-8\"><\/div>\n","protected":false},"featured_media":2240,"comment_status":"open","ping_status":"closed","template":"","meta":{"_acf_changed":false},"product_brand":[],"product_cat":[44],"product_tag":[],"class_list":{"0":"post-2237","1":"product","2":"type-product","3":"status-publish","4":"has-post-thumbnail","6":"product_cat-randm-tornado-15000","8":"first","9":"instock","10":"shipping-taxable","11":"purchasable","12":"product-type-variable"},"acf":[],"_links":{"self":[{"href":"https:\/\/vozolpuff.de\/da\/wp-json\/wp\/v2\/product\/2237","targetHints":{"allow":["GET"]}}],"collection":[{"href":"https:\/\/vozolpuff.de\/da\/wp-json\/wp\/v2\/product"}],"about":[{"href":"https:\/\/vozolpuff.de\/da\/wp-json\/wp\/v2\/types\/product"}],"replies":[{"embeddable":true,"href":"https:\/\/vozolpuff.de\/da\/wp-json\/wp\/v2\/comments?post=2237"}],"wp:featuredmedia":[{"embeddable":true,"href":"https:\/\/vozolpuff.de\/da\/wp-json\/wp\/v2\/media\/2240"}],"wp:attachment":[{"href":"https:\/\/vozolpuff.de\/da\/wp-json\/wp\/v2\/media?parent=2237"}],"wp:term":[{"taxonomy":"product_brand","embeddable":true,"href":"https:\/\/vozolpuff.de\/da\/wp-json\/wp\/v2\/product_brand?post=2237"},{"taxonomy":"product_cat","embeddable":true,"href":"https:\/\/vozolpuff.de\/da\/wp-json\/wp\/v2\/product_cat?post=2237"},{"taxonomy":"product_tag","embeddable":true,"href":"https:\/\/vozolpuff.de\/da\/wp-json\/wp\/v2\/product_tag?post=2237"}],"curies":[{"name":"wp","href":"https:\/\/api.w.org\/{rel}","templated":true}]}}