{"id":2723,"date":"2025-09-03T11:26:14","date_gmt":"2025-09-03T09:26:14","guid":{"rendered":"https:\/\/vozolpuff.de\/?post_type=product&#038;p=2723"},"modified":"2025-09-03T11:26:14","modified_gmt":"2025-09-03T09:26:14","slug":"fumot-tornado-25000-strawberry-ice","status":"publish","type":"product","link":"https:\/\/vozolpuff.de\/da\/vare\/fumot-tornado-25000-strawberry-ice\/","title":{"rendered":"Fumot Tornado 25000 Jordb\u00e6r-is"},"content":{"rendered":"<h2 class=\"text-xl font-bold text-text-100 mt-1 -mb-0.5\">Fumot Tornado 25000 Strawberry Ice engangs e-cigaret<\/h2>\n<p class=\"whitespace-normal break-words\">K\u00f8l ned med den forfriskende Fumot Tornado 25000 Strawberry Ice. Denne f\u00f8rsteklasses engangs e-cigaret kombinerer saftige jordb\u00e6r med iskold k\u00f8lighed i op til 25.000 forfriskende pust. Den popul\u00e6re frugt- og isblanding giver den perfekte balance mellem s\u00f8dme og friskhed.<\/p>\n<p class=\"whitespace-normal break-words\">Den store kapacitet p\u00e5 20 ml e-v\u00e6ske med fleksible nikotinindstillinger fra 0% til 5% tilpasser sig dine individuelle pr\u00e6ferencer. Det p\u00e5lidelige 700 mAh-batteri med Type-C-hurtigopladning g\u00f8r det muligt at dampe hele dagen uden afbrydelser. Den avancerede three-mesh coil-teknologi maksimerer b\u00e5de jordb\u00e6rsmagen og k\u00f8leeffekten.<\/p>\n<p class=\"whitespace-normal break-words\">Det kompakte hus p\u00e5 120 g g\u00f8r det nemt at tage med, mens det klare 1,77\" TFT-display g\u00f8r det nemt at betjene og overv\u00e5ge. Strawberry Ice er det f\u00f8rste valg for dem, der elsker frugtagtig k\u00f8lighed.<\/p>\n<h3 class=\"text-lg font-bold text-text-100 mt-1 -mb-1.5\">Tekniske specifikationer<\/h3>\n<p class=\"whitespace-normal break-words\"><strong>Tog:<\/strong> Op til 25.000<br \/>\n<strong>Sk\u00e6rm:<\/strong> Viser status for e-v\u00e6ske og batteri<br \/>\n<strong>Kapacitet:<\/strong> 20 ml<br \/>\n<strong>Spoletype:<\/strong> Tre-masket spole<br \/>\n<strong>V\u00e6gt:<\/strong> 120g<br \/>\n<strong>Ber\u00f8ringsf\u00f8lsom sk\u00e6rm:<\/strong> 1,77 tommer TFT-sk\u00e6rm<br \/>\n<strong>Batteri:<\/strong> 700 mAh genopladelig med Type-C hurtigopladning<\/p>\n<h3 class=\"text-lg font-bold text-text-100 mt-1 -mb-1.5\">Oplev mere FUMOT VAPE p\u00e5 vozolpuff<\/h3>\n<p class=\"whitespace-normal break-words\">Gennemse vores <strong><a class=\"underline\" href=\"https:\/\/vozolpuff.de\/da\/\">Fuldt sortiment<\/a><\/strong> Hvis du vil have flere dampprodukter, kan du g\u00e5 p\u00e5 opdagelse i <strong><a class=\"underline\" href=\"https:\/\/vozolpuff.de\/da\/product-category\/fumot-vape\/\">FUMOT VAPE produktlinje<\/a><\/strong> eller udforsk alle de <strong><a class=\"underline\" href=\"https:\/\/vozolpuff.de\/da\/product-category\/fumot-vape\/fumot-tornado-25000\/\">Fumot Tornado 25000 smagsvarianter<\/a><\/strong>.<\/p>","protected":false},"excerpt":{"rendered":"<p class=\"whitespace-normal break-words\">Fumot Tornado 25000 Strawberry Ice: Premium engangs e-cigaret med saftige jordb\u00e6r og iskold k\u00f8lighed. 25.000 pust, 20 ml kapacitet, 700 mAh batteri med Type-C-opladning. Three-mesh coil-teknologi, 1,77\u2033 TFT-sk\u00e6rm. F\u00e5s med 0%, 2%, 3% eller 5% nikotin. Perfekt s\u00f8d og forfriskende.<\/p>\n<h2 class=\"text-xl font-bold text-text-100 mt-1 -mb-0.5\"><\/h2>","protected":false},"featured_media":2728,"comment_status":"open","ping_status":"closed","template":"","meta":{"_acf_changed":false},"product_brand":[],"product_cat":[46],"product_tag":[],"class_list":{"0":"post-2723","1":"product","2":"type-product","3":"status-publish","4":"has-post-thumbnail","6":"product_cat-fumot-tornado-25000","8":"first","9":"instock","10":"shipping-taxable","11":"purchasable","12":"product-type-variable"},"acf":[],"_links":{"self":[{"href":"https:\/\/vozolpuff.de\/da\/wp-json\/wp\/v2\/product\/2723","targetHints":{"allow":["GET"]}}],"collection":[{"href":"https:\/\/vozolpuff.de\/da\/wp-json\/wp\/v2\/product"}],"about":[{"href":"https:\/\/vozolpuff.de\/da\/wp-json\/wp\/v2\/types\/product"}],"replies":[{"embeddable":true,"href":"https:\/\/vozolpuff.de\/da\/wp-json\/wp\/v2\/comments?post=2723"}],"wp:featuredmedia":[{"embeddable":true,"href":"https:\/\/vozolpuff.de\/da\/wp-json\/wp\/v2\/media\/2728"}],"wp:attachment":[{"href":"https:\/\/vozolpuff.de\/da\/wp-json\/wp\/v2\/media?parent=2723"}],"wp:term":[{"taxonomy":"product_brand","embeddable":true,"href":"https:\/\/vozolpuff.de\/da\/wp-json\/wp\/v2\/product_brand?post=2723"},{"taxonomy":"product_cat","embeddable":true,"href":"https:\/\/vozolpuff.de\/da\/wp-json\/wp\/v2\/product_cat?post=2723"},{"taxonomy":"product_tag","embeddable":true,"href":"https:\/\/vozolpuff.de\/da\/wp-json\/wp\/v2\/product_tag?post=2723"}],"curies":[{"name":"wp","href":"https:\/\/api.w.org\/{rel}","templated":true}]}}