{"id":2733,"date":"2025-09-03T11:29:35","date_gmt":"2025-09-03T09:29:35","guid":{"rendered":"https:\/\/vozolpuff.de\/?post_type=product&#038;p=2733"},"modified":"2025-09-03T11:29:35","modified_gmt":"2025-09-03T09:29:35","slug":"fumot-tornado-25000-lush-ice","status":"publish","type":"product","link":"https:\/\/vozolpuff.de\/da\/vare\/fumot-tornado-25000-lush-ice\/","title":{"rendered":"Fumot Tornado 25000 Lush Ice"},"content":{"rendered":"<h2 class=\"text-xl font-bold text-text-100 mt-1 -mb-0.5\">Fumot Tornado 25000 Lush Ice engangs e-cigaret<\/h2>\n<p class=\"whitespace-normal break-words\">Forfrisk dig selv med den revitaliserende Fumot Tornado 25000 Lush Ice. Denne uds\u00f8gte engangs e-cigaret tilbyder den klassiske smag af saftig vandmelon med iskold afk\u00f8ling i op til 25.000 forfriskende pust. Den tropiske friskhed g\u00f8r hvert sug til en sommerlig oplevelse.<\/p>\n<p class=\"whitespace-normal break-words\">Det store 20 ml e-v\u00e6skesystem giver langvarig nydelse i alle nikotinstyrker fra 0% til 5%. Det langtidsholdbare 700 mAh-batteri med Type-C-hurtigopladningsteknologi sikrer p\u00e5lidelig ydeevne hele dagen. Three-mesh coil-teknologien forst\u00e6rker vandmelonens naturlige s\u00f8dme og den forfriskende k\u00f8lighed.<\/p>\n<p class=\"whitespace-normal break-words\">Det praktiske design p\u00e5 120 g giver optimal b\u00e6rekomfort, mens det geniale 1,77\" TFT-display giver mulighed for intuitiv styring af alle funktioner. Lush Ice er perfekt til alle, der s\u00e6tter pris p\u00e5 tropisk friskhed med iskold k\u00f8lighed.<\/p>\n<h3 class=\"text-lg font-bold text-text-100 mt-1 -mb-1.5\">Tekniske specifikationer<\/h3>\n<p class=\"whitespace-normal break-words\"><strong>Tog:<\/strong> Op til 25.000<br \/>\n<strong>Sk\u00e6rm:<\/strong> Viser status for e-v\u00e6ske og batteri<br \/>\n<strong>Kapacitet:<\/strong> 20 ml<br \/>\n<strong>Spoletype:<\/strong> Tre-masket spole<br \/>\n<strong>V\u00e6gt:<\/strong> 120g<br \/>\n<strong>Ber\u00f8ringsf\u00f8lsom sk\u00e6rm:<\/strong> 1,77 tommer TFT-sk\u00e6rm<br \/>\n<strong>Batteri:<\/strong> 700 mAh genopladelig med Type-C hurtigopladning<\/p>\n<h3 class=\"text-lg font-bold text-text-100 mt-1 -mb-1.5\">Oplev mere FUMOT VAPE p\u00e5 vozolpuff<\/h3>\n<p class=\"whitespace-normal break-words\">Udforsk vores <strong><a class=\"underline\" href=\"https:\/\/vozolpuff.de\/da\/\">Komplet sortiment<\/a><\/strong>bladre gennem <strong><a class=\"underline\" href=\"https:\/\/vozolpuff.de\/da\/product-category\/fumot-vape\/\">FUMOT VAPE Kategori<\/a><\/strong> eller v\u00e6lg fra <strong><a class=\"underline\" href=\"https:\/\/vozolpuff.de\/da\/product-category\/fumot-vape\/fumot-tornado-25000\/\">Fumot Tornado 25000 Forskellige smagsvarianter<\/a><\/strong>.<\/p>","protected":false},"excerpt":{"rendered":"<p class=\"whitespace-normal break-words\">Fumot Tornado 25000 Lush Ice: Premium engangs e-cigaret med saftig vandmelon og iskold k\u00f8lighed. 25.000 pust, 20 ml kapacitet, 700 mAh batteri med Type-C-opladning. Three-mesh coil-teknologi, 1,77\u2033 TFT-sk\u00e6rm. F\u00e5s med 0%, 2%, 3% eller 5% nikotin. Tropisk forfriskende.<\/p>\n<h2 class=\"text-xl font-bold text-text-100 mt-1 -mb-0.5\"><\/h2>","protected":false},"featured_media":2738,"comment_status":"open","ping_status":"closed","template":"","meta":{"_acf_changed":false},"product_brand":[],"product_cat":[46],"product_tag":[],"class_list":{"0":"post-2733","1":"product","2":"type-product","3":"status-publish","4":"has-post-thumbnail","6":"product_cat-fumot-tornado-25000","8":"first","9":"instock","10":"shipping-taxable","11":"purchasable","12":"product-type-variable"},"acf":[],"_links":{"self":[{"href":"https:\/\/vozolpuff.de\/da\/wp-json\/wp\/v2\/product\/2733","targetHints":{"allow":["GET"]}}],"collection":[{"href":"https:\/\/vozolpuff.de\/da\/wp-json\/wp\/v2\/product"}],"about":[{"href":"https:\/\/vozolpuff.de\/da\/wp-json\/wp\/v2\/types\/product"}],"replies":[{"embeddable":true,"href":"https:\/\/vozolpuff.de\/da\/wp-json\/wp\/v2\/comments?post=2733"}],"wp:featuredmedia":[{"embeddable":true,"href":"https:\/\/vozolpuff.de\/da\/wp-json\/wp\/v2\/media\/2738"}],"wp:attachment":[{"href":"https:\/\/vozolpuff.de\/da\/wp-json\/wp\/v2\/media?parent=2733"}],"wp:term":[{"taxonomy":"product_brand","embeddable":true,"href":"https:\/\/vozolpuff.de\/da\/wp-json\/wp\/v2\/product_brand?post=2733"},{"taxonomy":"product_cat","embeddable":true,"href":"https:\/\/vozolpuff.de\/da\/wp-json\/wp\/v2\/product_cat?post=2733"},{"taxonomy":"product_tag","embeddable":true,"href":"https:\/\/vozolpuff.de\/da\/wp-json\/wp\/v2\/product_tag?post=2733"}],"curies":[{"name":"wp","href":"https:\/\/api.w.org\/{rel}","templated":true}]}}