{"id":2793,"date":"2025-09-03T11:49:39","date_gmt":"2025-09-03T09:49:39","guid":{"rendered":"https:\/\/vozolpuff.de\/?post_type=product&#038;p=2793"},"modified":"2025-09-03T11:49:39","modified_gmt":"2025-09-03T09:49:39","slug":"fumot-tornado-25000-cool-mint","status":"publish","type":"product","link":"https:\/\/vozolpuff.de\/da\/vare\/fumot-tornado-25000-cool-mint\/","title":{"rendered":"Fumot Tornado 25000 Cool Mint"},"content":{"rendered":"<h2 class=\"text-xl font-bold text-text-100 mt-1 -mb-0.5\">Fumot Tornado 25000 Cool Mint engangs-e-cigaret<\/h2>\n<p class=\"whitespace-normal break-words\">F\u00e5 fornyet energi med den opkvikkende Fumot Tornado 25000 Cool Mint. Denne rene engangs-e-cigaret har en intens myntesmag med en k\u00f8lende effekt i op til 25.000 forfriskende sug. Den klassiske myntesmag giver langvarig friskhed og er perfekt til hele dagen.<\/p>\n<p class=\"whitespace-normal break-words\">Det store 20 ml e-v\u00e6skesystem med fleksible nikotinstyrker fra 0% til 5% giver mulighed for en personlig damperfaring. Den kraftfulde 700 mAh-batteri med Type-C-hurtigopladningsfunktion sikrer konstant ydeevne. Tre-mesh-coil-teknologien maksimerer den mintagtige intensitet og sikrer en j\u00e6vn, k\u00f8lig dampeffekt.<\/p>\n<p class=\"whitespace-normal break-words\">Det kompakte design p\u00e5 120 g tilbyder b\u00e6rbar komfort til enhver lejlighed, mens den brillante 1,77-tommer TFT-sk\u00e6rm giver intuitiv kontrol. Cool Mint er det f\u00f8rste valg for purister, der v\u00e6rds\u00e6tter den klare myntesmag uden tils\u00e6tningsstoffer.<\/p>\n<h3 class=\"text-lg font-bold text-text-100 mt-1 -mb-1.5\">Tekniske specifikationer<\/h3>\n<p class=\"whitespace-normal break-words\"><strong>Tog:<\/strong> Op til 25.000<br \/>\n<strong>Sk\u00e6rm:<\/strong> Viser status for e-v\u00e6ske og batteri<br \/>\n<strong>Kapacitet:<\/strong> 20 ml<br \/>\n<strong>Spoletype:<\/strong> Tre-masket spole<br \/>\n<strong>V\u00e6gt:<\/strong> 120g<br \/>\n<strong>Ber\u00f8ringsf\u00f8lsom sk\u00e6rm:<\/strong> 1,77 tommer TFT-sk\u00e6rm<br \/>\n<strong>Batteri:<\/strong> 700 mAh genopladelig med Type-C hurtigopladning<\/p>\n<h3 class=\"text-lg font-bold text-text-100 mt-1 -mb-1.5\">Oplev mere FUMOT VAPE p\u00e5 vozolpuff<\/h3>\n<p class=\"whitespace-normal break-words\">Gennemse vores <strong><a class=\"underline\" href=\"https:\/\/vozolpuff.de\/da\/\">Hovedsortiment<\/a><\/strong> efter flere Mint-varianter, kan du udforske det komplette <strong><a class=\"underline\" href=\"https:\/\/vozolpuff.de\/da\/product-category\/fumot-vape\/\">FUMOT VAPE udvalg<\/a><\/strong> eller v\u00e6lg mellem alle <strong><a class=\"underline\" href=\"https:\/\/vozolpuff.de\/da\/product-category\/fumot-vape\/fumot-tornado-25000\/\">Fumot Tornado 25000 smagsvarianter<\/a><\/strong>.<\/p>","protected":false},"excerpt":{"rendered":"<p class=\"whitespace-normal break-words\">Fumot Tornado 25000 Cool Mint tilbyder intens myntesmag i op til 25.000 sug. Med 20 ml e-v\u00e6ske, 700 mAh batteri, Type-C hurtigopladning og 1,77\u2033 TFT-display. Tre-mesh-coil-teknologi for maksimal friskhed og j\u00e6vn dampproduktion. Perfekt til hele dagen.<\/p>\n<p class=\"whitespace-normal break-words\">","protected":false},"featured_media":2795,"comment_status":"open","ping_status":"closed","template":"","meta":{"_acf_changed":false},"product_brand":[],"product_cat":[46],"product_tag":[],"class_list":{"0":"post-2793","1":"product","2":"type-product","3":"status-publish","4":"has-post-thumbnail","6":"product_cat-fumot-tornado-25000","8":"first","9":"instock","10":"shipping-taxable","11":"purchasable","12":"product-type-variable"},"acf":[],"_links":{"self":[{"href":"https:\/\/vozolpuff.de\/da\/wp-json\/wp\/v2\/product\/2793","targetHints":{"allow":["GET"]}}],"collection":[{"href":"https:\/\/vozolpuff.de\/da\/wp-json\/wp\/v2\/product"}],"about":[{"href":"https:\/\/vozolpuff.de\/da\/wp-json\/wp\/v2\/types\/product"}],"replies":[{"embeddable":true,"href":"https:\/\/vozolpuff.de\/da\/wp-json\/wp\/v2\/comments?post=2793"}],"wp:featuredmedia":[{"embeddable":true,"href":"https:\/\/vozolpuff.de\/da\/wp-json\/wp\/v2\/media\/2795"}],"wp:attachment":[{"href":"https:\/\/vozolpuff.de\/da\/wp-json\/wp\/v2\/media?parent=2793"}],"wp:term":[{"taxonomy":"product_brand","embeddable":true,"href":"https:\/\/vozolpuff.de\/da\/wp-json\/wp\/v2\/product_brand?post=2793"},{"taxonomy":"product_cat","embeddable":true,"href":"https:\/\/vozolpuff.de\/da\/wp-json\/wp\/v2\/product_cat?post=2793"},{"taxonomy":"product_tag","embeddable":true,"href":"https:\/\/vozolpuff.de\/da\/wp-json\/wp\/v2\/product_tag?post=2793"}],"curies":[{"name":"wp","href":"https:\/\/api.w.org\/{rel}","templated":true}]}}