{"id":3696,"date":"2025-09-09T10:11:29","date_gmt":"2025-09-09T08:11:29","guid":{"rendered":"https:\/\/vozolpuff.de\/?post_type=product&#038;p=3696"},"modified":"2025-09-09T10:11:29","modified_gmt":"2025-09-09T08:11:29","slug":"randm-tornado-7000-red-apple-lemon","status":"publish","type":"product","link":"https:\/\/vozolpuff.de\/da\/vare\/randm-tornado-7000-red-apple-lemon\/","title":{"rendered":"RandM Tornado 7000 R\u00f8d \u00e6ble citron"},"content":{"rendered":"<h2 class=\"text-xl font-bold text-text-100 mt-1 -mb-0.5\">RandM Tornado 7000 Red Apple Lemon engangs-e-cigaret<\/h2>\n<p class=\"whitespace-normal break-words\">RandM Tornado 7000 Red Apple Lemon e-cigaret leverer ekstraordin\u00e6re 7000 sug pr. enhed med en e-v\u00e6skekapacitet p\u00e5 14 ml og nikotinkoncentrationer p\u00e5 0%, 2%, 3% og 5%. Den er udstyret med et 850 mAh genopladeligt batteri, pr\u00e6cis luftstr\u00f8mskontrol og innovativ mesh-coil-teknologi. F\u00f8r du bruger Tornado R&amp;M 7000 Red Apple Lemon for f\u00f8rste gang, anbefales det at vente ca. 2 minutter efter p\u00e5fyldning af e-v\u00e6ske. Denne hvilefase sikrer optimal v\u00e6skeoptagelse og forbedrer din dampoplevelse.<\/p>\n<h3 class=\"text-lg font-bold text-text-100 mt-1 -mb-1.5\">RandM Tornado 7000 Red Apple Lemon Egenskaber:<\/h3>\n<p class=\"whitespace-normal break-words\">RandM Tornado 7000 Red Apple Lemon engangs-e-cigaret er et kraftfuldt dampapparat, der kombinerer bekvemmelighed og ydeevne i et slankt design. Med en bem\u00e6rkelsesv\u00e6rdig kapacitet p\u00e5 op til 7000 sug er denne engangs-e-cigaret ideel til dampere, der l\u00e6nges efter en langvarig og aromatisk oplevelse.<\/p>\n<p class=\"whitespace-normal break-words\">Udstyret med et robust 850 mAh batteri og en gener\u00f8s 14 ml forfyldt e-v\u00e6skebeholder sikrer Red Apple Lemon Tornado lange damp-sessioner. Den justerbare luftstr\u00f8mskontrol giver et ekstra niveau af personalisering og giver dig mulighed for at tilpasse din damperfaring individuelt.<\/p>\n<p class=\"whitespace-normal break-words\">Tornado er udviklet til mobile dampentusiaster og imponerer med sit kompakte design og sin tr\u00e6kaktiverede udl\u00f8sermekanisme, hvilket g\u00f8r den s\u00e6rdeles brugervenlig. Red Apple Lemon-smagen kombinerer saftige r\u00f8de \u00e6bler med spr\u00f8d citron for en forfriskende smagsoplevelse. Tornado 7000 f\u00e5s i nikotinsaltvarianter p\u00e5 0%, 2%, 3% og 5% og im\u00f8dekommer forskellige pr\u00e6ferencer.<\/p>\n<h3 class=\"text-lg font-bold text-text-100 mt-1 -mb-1.5\">Tekniske data<\/h3>\n<p class=\"whitespace-normal break-words\">\u2611 Nikotinindhold: 0% \/2%\/3%\/5%<br \/>\n\u2611 Fyldem\u00e6ngde: 14 ml<br \/>\n\u2611 Tr\u00e6k pr. enhed: 7000<br \/>\n\u2611 Luftstr\u00f8mregulering<br \/>\n\u2611 Type-C-opladning<br \/>\n\u2611 Genopladeligt batteri<br \/>\n\u2611 Integreret 850 mAh batteri<\/p>\n<h3 class=\"text-lg font-bold text-text-100 mt-1 -mb-1.5\">Oplev mere FUMOT VAPE p\u00e5 vozolpuff<\/h3>\n<p class=\"whitespace-normal break-words\">Udforsk vores komplette sortiment p\u00e5 vores <strong><a class=\"underline\" href=\"https:\/\/vozolpuff.de\/da\/\">Hovedside<\/a><\/strong>, se flere premium-enheder i <strong><a class=\"underline\" href=\"https:\/\/vozolpuff.de\/da\/product-category\/fumot-vape\/\">FUMOT VAPE Kategori<\/a><\/strong> eller v\u00e6lg fra den komplette <strong><a class=\"underline\" href=\"https:\/\/vozolpuff.de\/da\/product-category\/fumot-vape\/randm-tornado-7000\/\">RandM Tornado 7000 udvalg af smagsvarianter<\/a><\/strong>.<\/p>","protected":false},"excerpt":{"rendered":"<p class=\"whitespace-normal break-words\">RandM Tornado 7000 Red Apple Lemon engangs-vape kombinerer saftige r\u00f8de \u00e6bler med spr\u00f8d citron til op til 7000 sug. Med 14 ml e-v\u00e6sketank, 850 mAh genopladeligt batteri og justerbar luftstr\u00f8mskontrol. F\u00e5s i 0%, 2%, 3% og 5% nikotin. Mesh-coil-teknologi for en intens frugtoplevelse.<\/p>\n<p class=\"whitespace-normal break-words\">","protected":false},"featured_media":3700,"comment_status":"open","ping_status":"closed","template":"","meta":{"_acf_changed":false},"product_brand":[],"product_cat":[50],"product_tag":[],"class_list":{"0":"post-3696","1":"product","2":"type-product","3":"status-publish","4":"has-post-thumbnail","6":"product_cat-randm-tornado-7000","8":"first","9":"instock","10":"shipping-taxable","11":"purchasable","12":"product-type-variable"},"acf":[],"_links":{"self":[{"href":"https:\/\/vozolpuff.de\/da\/wp-json\/wp\/v2\/product\/3696","targetHints":{"allow":["GET"]}}],"collection":[{"href":"https:\/\/vozolpuff.de\/da\/wp-json\/wp\/v2\/product"}],"about":[{"href":"https:\/\/vozolpuff.de\/da\/wp-json\/wp\/v2\/types\/product"}],"replies":[{"embeddable":true,"href":"https:\/\/vozolpuff.de\/da\/wp-json\/wp\/v2\/comments?post=3696"}],"wp:featuredmedia":[{"embeddable":true,"href":"https:\/\/vozolpuff.de\/da\/wp-json\/wp\/v2\/media\/3700"}],"wp:attachment":[{"href":"https:\/\/vozolpuff.de\/da\/wp-json\/wp\/v2\/media?parent=3696"}],"wp:term":[{"taxonomy":"product_brand","embeddable":true,"href":"https:\/\/vozolpuff.de\/da\/wp-json\/wp\/v2\/product_brand?post=3696"},{"taxonomy":"product_cat","embeddable":true,"href":"https:\/\/vozolpuff.de\/da\/wp-json\/wp\/v2\/product_cat?post=3696"},{"taxonomy":"product_tag","embeddable":true,"href":"https:\/\/vozolpuff.de\/da\/wp-json\/wp\/v2\/product_tag?post=3696"}],"curies":[{"name":"wp","href":"https:\/\/api.w.org\/{rel}","templated":true}]}}