{"id":3705,"date":"2025-09-09T10:13:58","date_gmt":"2025-09-09T08:13:58","guid":{"rendered":"https:\/\/vozolpuff.de\/?post_type=product&#038;p=3705"},"modified":"2025-09-09T10:13:59","modified_gmt":"2025-09-09T08:13:59","slug":"randm-tornado-7000-pineapple-ice","status":"publish","type":"product","link":"https:\/\/vozolpuff.de\/da\/vare\/randm-tornado-7000-pineapple-ice\/","title":{"rendered":"RandM Tornado 7000 Ananas-is"},"content":{"rendered":"<h2 class=\"text-xl font-bold text-text-100 mt-1 -mb-0.5\">RandM Tornado 7000 Pineapple Ice engangs-e-cigaret<\/h2>\n<p class=\"whitespace-normal break-words\">RandM Tornado 7000 Pineapple Ice e-cigaretten tilbyder imponerende 7000 sug pr. enhed med en e-v\u00e6skekapacitet p\u00e5 14 ml og nikotinkoncentrationer p\u00e5 0%, 2%, 3% og 5%. Enheden har et 850 mAh genopladeligt batteri, luftstr\u00f8mskontrol og avanceret mesh-coil-teknologi. Inden du bruger Tornado R&amp;M 7000 Pineapple Ice for f\u00f8rste gang, skal du vente ca. 2 minutter efter p\u00e5fyldning. Denne ventetid sikrer fuldst\u00e6ndig absorption af e-v\u00e6sken og optimerer din tropiske damperfaring.<\/p>\n<h3 class=\"text-lg font-bold text-text-100 mt-1 -mb-1.5\">RandM Tornado 7000 Pineapple Ice Egenskaber:<\/h3>\n<p class=\"whitespace-normal break-words\">RandM Tornado 7000 Pineapple Ice engangs-e-cigaret \u2013 et kraftfuldt dampapparat, der kombinerer tropisk forfriskning og f\u00f8rsteklasses ydeevne i en elegant pakke. Med en enest\u00e5ende kapacitet p\u00e5 op til 7000 sug er denne engangs-e-cigaret perfekt til brugere, der v\u00e6rds\u00e6tter en langvarig og smagfuld oplevelse.<\/p>\n<p class=\"whitespace-normal break-words\">Med et kraftigt 850 mAh batteri og en imponerende 14 ml forfyldt e-v\u00e6sketank er Pineapple Ice Tornado klar til l\u00e6ngere dampfaser. Den justerbare luftstr\u00f8mskontrol tilf\u00f8jer et niveau af individualisering og giver dig mulighed for at tilpasse din damperfaring efter dine \u00f8nsker.<\/p>\n<p class=\"whitespace-normal break-words\">Tornado er designet til dampning p\u00e5 farten og scorer med sit kompakte design og tr\u00e6kaktiverede t\u00e6ndingsmekanisme, hvilket g\u00f8r den utrolig brugervenlig. Pineapple Ice-smagen kombinerer s\u00f8d tropisk ananas med en forfriskende k\u00f8leeffekt for en opkvikkende damperfaring. Tornado 7000 f\u00e5s i nikotinsalt-varianter p\u00e5 0%, 2%, 3% og 5% og d\u00e6kker forskellige behov.<\/p>\n<h3 class=\"text-lg font-bold text-text-100 mt-1 -mb-1.5\">Tekniske specifikationer<\/h3>\n<p class=\"whitespace-normal break-words\">\u2611 0% \/2%\/3%\/5% Nikotin<br \/>\n\u2611 14 ml e-v\u00e6ske-kapacitet<br \/>\n\u2611 7000 tr\u00e6k pr. enhed<br \/>\n\u2611 Kontrol af luftstr\u00f8m<br \/>\n\u2611 Type-C-opladning<br \/>\n\u2611 Genopladeligt batteripakke<br \/>\n\u2611 Integreret 850 mAh akkumulator<\/p>\n<h3 class=\"text-lg font-bold text-text-100 mt-1 -mb-1.5\">Oplev mere FUMOT VAPE p\u00e5 vozolpuff<\/h3>\n<p class=\"whitespace-normal break-words\">Gennemse vores omfattende udvalg p\u00e5 vores <strong><a class=\"underline\" href=\"https:\/\/vozolpuff.de\/da\/\">Startside<\/a><\/strong>, opdag produkter af h\u00f8j kvalitet i <strong><a class=\"underline\" href=\"https:\/\/vozolpuff.de\/da\/product-category\/fumot-vape\/\">FUMOT VAPE sektion<\/a><\/strong> eller udforsk hele <strong><a class=\"underline\" href=\"https:\/\/vozolpuff.de\/da\/product-category\/fumot-vape\/randm-tornado-7000\/\">RandM Tornado 7000 aromakollektion<\/a><\/strong>.<\/p>","protected":false},"excerpt":{"rendered":"<p class=\"whitespace-normal break-words\">RandM Tornado 7000 Pineapple Ice engangs-vape kombinerer s\u00f8d tropisk ananas med en forfriskende k\u00f8leeffekt i op til 7000 sug. Med 14 ml e-v\u00e6sketank, 850 mAh genopladeligt batteri og justerbar luftstr\u00f8mskontrol. F\u00e5s i 0%, 2%, 3% og 5% nikotin. Mesh-coil-teknologi for en tropisk oplevelse.<\/p>\n<p class=\"whitespace-normal break-words\">","protected":false},"featured_media":3709,"comment_status":"open","ping_status":"closed","template":"","meta":{"_acf_changed":false},"product_brand":[],"product_cat":[50],"product_tag":[],"class_list":{"0":"post-3705","1":"product","2":"type-product","3":"status-publish","4":"has-post-thumbnail","6":"product_cat-randm-tornado-7000","8":"first","9":"instock","10":"shipping-taxable","11":"purchasable","12":"product-type-variable"},"acf":[],"_links":{"self":[{"href":"https:\/\/vozolpuff.de\/da\/wp-json\/wp\/v2\/product\/3705","targetHints":{"allow":["GET"]}}],"collection":[{"href":"https:\/\/vozolpuff.de\/da\/wp-json\/wp\/v2\/product"}],"about":[{"href":"https:\/\/vozolpuff.de\/da\/wp-json\/wp\/v2\/types\/product"}],"replies":[{"embeddable":true,"href":"https:\/\/vozolpuff.de\/da\/wp-json\/wp\/v2\/comments?post=3705"}],"wp:featuredmedia":[{"embeddable":true,"href":"https:\/\/vozolpuff.de\/da\/wp-json\/wp\/v2\/media\/3709"}],"wp:attachment":[{"href":"https:\/\/vozolpuff.de\/da\/wp-json\/wp\/v2\/media?parent=3705"}],"wp:term":[{"taxonomy":"product_brand","embeddable":true,"href":"https:\/\/vozolpuff.de\/da\/wp-json\/wp\/v2\/product_brand?post=3705"},{"taxonomy":"product_cat","embeddable":true,"href":"https:\/\/vozolpuff.de\/da\/wp-json\/wp\/v2\/product_cat?post=3705"},{"taxonomy":"product_tag","embeddable":true,"href":"https:\/\/vozolpuff.de\/da\/wp-json\/wp\/v2\/product_tag?post=3705"}],"curies":[{"name":"wp","href":"https:\/\/api.w.org\/{rel}","templated":true}]}}