{"id":3714,"date":"2025-09-09T10:16:43","date_gmt":"2025-09-09T08:16:43","guid":{"rendered":"https:\/\/vozolpuff.de\/?post_type=product&#038;p=3714"},"modified":"2025-09-09T10:16:43","modified_gmt":"2025-09-09T08:16:43","slug":"randm-tornado-7000-cotton-candy","status":"publish","type":"product","link":"https:\/\/vozolpuff.de\/da\/vare\/randm-tornado-7000-cotton-candy\/","title":{"rendered":"RandM Tornado 7000 candyfloss"},"content":{"rendered":"<h2 class=\"text-xl font-bold text-text-100 mt-1 -mb-0.5\">RandM Tornado 7000 Cotton Candy engangs-e-cigaret<\/h2>\n<p class=\"whitespace-normal break-words\">RandM Tornado 7000 Cotton Candy Vape leverer fantastiske 7000 sug pr. enhed med en 14 ml e-v\u00e6skefyldning og nikotinstyrker p\u00e5 0%, 2%, 3% og 5%. Den har et 850 mAh genopladeligt batteri, tr\u00e6kregulering og avanceret mesh-coil-teknologi. F\u00f8r du bruger Tornado R&amp;M 7000 Cotton Candy for f\u00f8rste gang, anbefales det at vente ca. 2 minutter efter p\u00e5fyldning af e-v\u00e6ske. Denne virkningstid sikrer perfekt m\u00e6tning af v\u00e6sken og maksimerer din s\u00f8de dampoplevelse.<\/p>\n<h3 class=\"text-lg font-bold text-text-100 mt-1 -mb-1.5\">RandM Tornado 7000 Cotton Candy Egenskaber:<\/h3>\n<p class=\"whitespace-normal break-words\">RandM Tornado 7000 Cotton Candy engangs-e-cigaret \u2013 en dampkraftpakke, der kombinerer nostalgisk s\u00f8dme og moderne teknologi i et kompakt format. Med en ekstraordin\u00e6r r\u00e6kkevidde p\u00e5 op til 7000 sug er denne engangs-e-cigaret ideel til alle, der l\u00e6nges efter en langvarig og s\u00f8d nydelsesoplevelse.<\/p>\n<p class=\"whitespace-normal break-words\">Udstyret med et p\u00e5lideligt 850 mAh batteri og et rummeligt 14 ml forudfyldt e-v\u00e6skereservoir garanterer Cotton Candy Tornado uendelige dampoplevelser. Den justerbare luftstr\u00f8msregulering giver yderligere tilpasningsmuligheder og giver dig mulighed for at tilpasse din damperfaring pr\u00e6cist.<\/p>\n<p class=\"whitespace-normal break-words\">Tornado er designet til dampere p\u00e5 farten og overbeviser med sit h\u00e5ndterlige format og det tr\u00e6kaktiverede udl\u00f8sningsmekanisme, hvilket g\u00f8r den ekstremt brugervenlig. Cotton Candy-smagen v\u00e6kker barndomsminder om candyfloss med sin uimodst\u00e5elige s\u00f8de smag. Tornado 7000 f\u00e5s i nikotinsaltversioner p\u00e5 0%, 2%, 3% og 5% og opfylder forskellige krav.<\/p>\n<h3 class=\"text-lg font-bold text-text-100 mt-1 -mb-1.5\">Produktspecifikationer<\/h3>\n<p class=\"whitespace-normal break-words\">\u2611 Nikotinvarianter: 0% \/2%\/3%\/5%<br \/>\n\u2611 Tankvolumen: 14 ml<br \/>\n\u2611 Dampst\u00f8d pr. enhed: 7000<br \/>\n\u2611 Justering af luftstr\u00f8mmen<br \/>\n\u2611 Type-C opladningsfunktion<br \/>\n\u2611 Genopladeligt batteri<br \/>\n\u2611 Indbygget 850 mAh power-batteri<\/p>\n<h3 class=\"text-lg font-bold text-text-100 mt-1 -mb-1.5\">Oplev mere FUMOT VAPE p\u00e5 vozolpuff<\/h3>\n<p class=\"whitespace-normal break-words\">Bes\u00f8g vores mangfoldige portef\u00f8lje p\u00e5 vores <strong><a class=\"underline\" href=\"https:\/\/vozolpuff.de\/da\/\">Hjemmeside<\/a><\/strong>, udforsk f\u00f8rsteklasses dampudstyr i <strong><a class=\"underline\" href=\"https:\/\/vozolpuff.de\/da\/product-category\/fumot-vape\/\">FUMOT VAPE-afdeling<\/a><\/strong> eller gennemse hele <strong><a class=\"underline\" href=\"https:\/\/vozolpuff.de\/da\/product-category\/fumot-vape\/randm-tornado-7000\/\">RandM Tornado 7000 smagsudvalg<\/a><\/strong>.<\/p>","protected":false},"excerpt":{"rendered":"<p class=\"whitespace-normal break-words\">RandM Tornado 7000 Cotton Candy engangs-vape v\u00e6kker nostalgisk candyfloss-s\u00f8dme i op til 7000 sug. Med 14 ml e-v\u00e6sketank, 850 mAh genopladeligt batteri og justerbar luftstr\u00f8mskontrol. F\u00e5s i 0%, 2%, 3% og 5% nikotin. Mesh-coil-teknologi for en s\u00f8d barndomsoplevelse.<\/p>\n<p class=\"whitespace-normal break-words\">","protected":false},"featured_media":3716,"comment_status":"open","ping_status":"closed","template":"","meta":{"_acf_changed":false},"product_brand":[],"product_cat":[50],"product_tag":[],"class_list":{"0":"post-3714","1":"product","2":"type-product","3":"status-publish","4":"has-post-thumbnail","6":"product_cat-randm-tornado-7000","8":"first","9":"instock","10":"shipping-taxable","11":"purchasable","12":"product-type-variable"},"acf":[],"_links":{"self":[{"href":"https:\/\/vozolpuff.de\/da\/wp-json\/wp\/v2\/product\/3714","targetHints":{"allow":["GET"]}}],"collection":[{"href":"https:\/\/vozolpuff.de\/da\/wp-json\/wp\/v2\/product"}],"about":[{"href":"https:\/\/vozolpuff.de\/da\/wp-json\/wp\/v2\/types\/product"}],"replies":[{"embeddable":true,"href":"https:\/\/vozolpuff.de\/da\/wp-json\/wp\/v2\/comments?post=3714"}],"wp:featuredmedia":[{"embeddable":true,"href":"https:\/\/vozolpuff.de\/da\/wp-json\/wp\/v2\/media\/3716"}],"wp:attachment":[{"href":"https:\/\/vozolpuff.de\/da\/wp-json\/wp\/v2\/media?parent=3714"}],"wp:term":[{"taxonomy":"product_brand","embeddable":true,"href":"https:\/\/vozolpuff.de\/da\/wp-json\/wp\/v2\/product_brand?post=3714"},{"taxonomy":"product_cat","embeddable":true,"href":"https:\/\/vozolpuff.de\/da\/wp-json\/wp\/v2\/product_cat?post=3714"},{"taxonomy":"product_tag","embeddable":true,"href":"https:\/\/vozolpuff.de\/da\/wp-json\/wp\/v2\/product_tag?post=3714"}],"curies":[{"name":"wp","href":"https:\/\/api.w.org\/{rel}","templated":true}]}}