{"id":3732,"date":"2025-09-09T10:21:42","date_gmt":"2025-09-09T08:21:42","guid":{"rendered":"https:\/\/vozolpuff.de\/?post_type=product&#038;p=3732"},"modified":"2025-09-09T10:21:42","modified_gmt":"2025-09-09T08:21:42","slug":"randm-tornado-7000-strawberry-ice","status":"publish","type":"product","link":"https:\/\/vozolpuff.de\/da\/vare\/randm-tornado-7000-strawberry-ice\/","title":{"rendered":"RandM Tornado 7000 Jordb\u00e6r-is"},"content":{"rendered":"<h2 class=\"text-xl font-bold text-text-100 mt-1 -mb-0.5\">RandM Tornado 7000 Strawberry Ice engangs e-cigaret<\/h2>\n<p class=\"whitespace-normal break-words\">RandM Tornado 7000 Strawberry Ice Vape pr\u00e6senterer en spektakul\u00e6r 7000 pust pr. enhed med en 14 ml e-v\u00e6skefyldning og nikotinniveauer p\u00e5 0%, 2%, 3% og 5%. Den har et genopladeligt batteri p\u00e5 850 mAh, airflow management og innovativ mesh coil-teknologi. F\u00f8r du bruger Tornado R&amp;M 7000 Strawberry Ice f\u00f8rste gang, skal du vente ca. 2 minutter efter at have fyldt den med e-v\u00e6ske. Denne hvileperiode sikrer fuldst\u00e6ndig m\u00e6tning og optimerer din forfriskende, frugtagtige dampoplevelse.<\/p>\n<h3 class=\"text-lg font-bold text-text-100 mt-1 -mb-1.5\">RandM Tornado 7000 Strawberry Ice egenskaber:<\/h3>\n<p class=\"whitespace-normal break-words\">RandM Tornado 7000 Strawberry Ice engangsdamper - en f\u00f8rsteklasses damper, der kombinerer den naturlige s\u00f8dme fra modne jordb\u00e6r med en forfriskende k\u00f8leeffekt i en sofistikeret indpakning. Med en bem\u00e6rkelsesv\u00e6rdig kapacitet p\u00e5 op til 7000 pust er denne engangs e-cigaret perfekt til brugere, der \u00f8nsker en langvarig og forfriskende smagsoplevelse.<\/p>\n<p class=\"whitespace-normal break-words\">Strawberry Ice Tornado er udstyret med et robust 850 mAh batteri og en 14 ml forberedt e-v\u00e6sketank med stort volumen, der sikrer langvarige dampfaser. Den modulerbare luftstr\u00f8mskontrol giver yderligere tilpasningsmuligheder og giver dig mulighed for at tilpasse din dampoplevelse.<\/p>\n<p class=\"whitespace-normal break-words\">Tornado er designet til dampere p\u00e5 farten og brillerer med sin kompakte st\u00f8rrelse og inhalationsaktive aktiveringsmekanisme, der g\u00f8r den us\u00e6dvanligt brugervenlig. Smagen Strawberry Ice kombinerer s\u00f8de jordb\u00e6r med et forfriskende k\u00f8ligt touch for en forfriskende smagsoplevelse. Tornado 7000 f\u00e5s i nikotinsaltgraderinger p\u00e5 0%, 2%, 3% og 5% og appellerer til forskellige pr\u00e6ferencer.<\/p>\n<h3 class=\"text-lg font-bold text-text-100 mt-1 -mb-1.5\">Hardware-data<\/h3>\n<p class=\"whitespace-normal break-words\">\u2611 Nikotinindhold: 0% \/2%\/3%\/5%<br \/>\nVolumen af e-saft: 14 ml<br \/>\n\u2611 Damptog pr. enhed: 7000<br \/>\n\u2611 Kontrol af luftstr\u00f8m<br \/>\nType-C opladningsport<br \/>\nGenopladeligt batteri<br \/>\n\u2611 Indbygget 850 mAh energilagringsenhed<\/p>\n<h3 class=\"text-lg font-bold text-text-100 mt-1 -mb-1.5\">Oplev mere FUMOT VAPE p\u00e5 vozolpuff<\/h3>\n<p class=\"whitespace-normal break-words\">Udforsk vores brede udvalg af produkter p\u00e5 vores <strong><a class=\"underline\" href=\"https:\/\/vozolpuff.de\/da\/\">Vigtigste platform<\/a><\/strong>opdag vaping-artikler af h\u00f8j klasse i <strong><a class=\"underline\" href=\"https:\/\/vozolpuff.de\/da\/product-category\/fumot-vape\/\">FUMOT VAPE Division<\/a><\/strong> eller bladre gennem hele <strong><a class=\"underline\" href=\"https:\/\/vozolpuff.de\/da\/product-category\/fumot-vape\/randm-tornado-7000\/\">RandM Tornado 7000 Forskellige smagsvarianter<\/a><\/strong>.<\/p>","protected":false},"excerpt":{"rendered":"<p class=\"whitespace-normal break-words\">RandM Tornado 7000 Strawberry Ice engangsdamper kombinerer s\u00f8de jordb\u00e6r med en forfriskende k\u00f8lig effekt i op til 7000 pust. Med 14 ml e-v\u00e6sketank, 850 mAh genopladeligt batteri og justerbar luftstr\u00f8mskontrol. F\u00e5s i 0%, 2%, 3% og 5% nikotin. Mesh coil-teknologi giver en forfriskende frugtagtig oplevelse.<\/p>\n<p class=\"whitespace-normal break-words\">","protected":false},"featured_media":3736,"comment_status":"open","ping_status":"closed","template":"","meta":{"_acf_changed":false},"product_brand":[],"product_cat":[50],"product_tag":[],"class_list":{"0":"post-3732","1":"product","2":"type-product","3":"status-publish","4":"has-post-thumbnail","6":"product_cat-randm-tornado-7000","8":"first","9":"instock","10":"shipping-taxable","11":"purchasable","12":"product-type-variable"},"acf":[],"_links":{"self":[{"href":"https:\/\/vozolpuff.de\/da\/wp-json\/wp\/v2\/product\/3732","targetHints":{"allow":["GET"]}}],"collection":[{"href":"https:\/\/vozolpuff.de\/da\/wp-json\/wp\/v2\/product"}],"about":[{"href":"https:\/\/vozolpuff.de\/da\/wp-json\/wp\/v2\/types\/product"}],"replies":[{"embeddable":true,"href":"https:\/\/vozolpuff.de\/da\/wp-json\/wp\/v2\/comments?post=3732"}],"wp:featuredmedia":[{"embeddable":true,"href":"https:\/\/vozolpuff.de\/da\/wp-json\/wp\/v2\/media\/3736"}],"wp:attachment":[{"href":"https:\/\/vozolpuff.de\/da\/wp-json\/wp\/v2\/media?parent=3732"}],"wp:term":[{"taxonomy":"product_brand","embeddable":true,"href":"https:\/\/vozolpuff.de\/da\/wp-json\/wp\/v2\/product_brand?post=3732"},{"taxonomy":"product_cat","embeddable":true,"href":"https:\/\/vozolpuff.de\/da\/wp-json\/wp\/v2\/product_cat?post=3732"},{"taxonomy":"product_tag","embeddable":true,"href":"https:\/\/vozolpuff.de\/da\/wp-json\/wp\/v2\/product_tag?post=3732"}],"curies":[{"name":"wp","href":"https:\/\/api.w.org\/{rel}","templated":true}]}}