{"id":3741,"date":"2025-09-09T10:24:11","date_gmt":"2025-09-09T08:24:11","guid":{"rendered":"https:\/\/vozolpuff.de\/?post_type=product&#038;p=3741"},"modified":"2025-09-09T10:24:12","modified_gmt":"2025-09-09T08:24:12","slug":"randm-tornado-7000-strawberry-kiwi","status":"publish","type":"product","link":"https:\/\/vozolpuff.de\/da\/vare\/randm-tornado-7000-strawberry-kiwi\/","title":{"rendered":"RandM Tornado 7000 Jordb\u00e6r Kiwi"},"content":{"rendered":"<h2 class=\"text-xl font-bold text-text-100 mt-1 -mb-0.5\">RandM Tornado 7000 Strawberry Kiwi engangs e-cigaret<\/h2>\n<p class=\"whitespace-normal break-words\">RandM Tornado 7000 Strawberry Kiwi e-cigaret giver imponerende 7000 pust pr. enhed med en 14 ml e-v\u00e6skefyldning og nikotinkoncentrationer p\u00e5 0%, 2%, 3% og 5%. Enheden har et genopladeligt batteri p\u00e5 850 mAh, justering af tr\u00e6kket og moderne mesh coil-teknologi. F\u00f8r du bruger Tornado R&amp;M 7000 Strawberry Kiwi f\u00f8rste gang, anbefaler vi en ventetid p\u00e5 ca. 2 minutter, efter at du har fyldt den med e-v\u00e6ske. Denne absorptionsfase sikrer ideel v\u00e6skem\u00e6tning og perfektionerer din eksotiske, frugtagtige dampoplevelse.<\/p>\n<h3 class=\"text-lg font-bold text-text-100 mt-1 -mb-1.5\">RandM Tornado 7000 Strawberry Kiwi Funktioner:<\/h3>\n<p class=\"whitespace-normal break-words\">RandM Tornado 7000 Strawberry Kiwi engangs e-cigaret - en h\u00f8jtydende dampenhed, der blander den s\u00f8de fristelse af jordb\u00e6r med den eksotiske syrlighed af kiwi i et elegant kabinet. Med en enest\u00e5ende udholdenhed p\u00e5 op til 7000 pust er denne engangs e-cigaret ideel til entusiaster, der er p\u00e5 udkig efter en langvarig og smagfuld aroma.<\/p>\n<p class=\"whitespace-normal break-words\">Strawberry Kiwi Tornado er udstyret med et kraftigt 850 mAh-batteri og en stor 14 ml forfyldt e-v\u00e6sketank, som garanterer lange dampsessioner. Den justerbare luftstr\u00f8msregulering tilf\u00f8jer en dimension af tilpasning og giver dig mulighed for at \u00e6ndre din dampoplevelse efter din smag.<\/p>\n<p class=\"whitespace-normal break-words\">Tornado er designet til mobile dampere og imponerer med sit praktiske design og den \u00e5ndedr\u00e6tsstyrede aktiveringsenhed, som g\u00f8r den ekstremt brugervenlig. Smagen Strawberry Kiwi kombinerer s\u00f8de jordb\u00e6r med syrlig kiwi og giver en afbalanceret frugtsmag. Tornado 7000 f\u00e5s i nikotinsaltversioner p\u00e5 0%, 2%, 3% og 5% og opfylder en bred vifte af behov.<\/p>\n<h3 class=\"text-lg font-bold text-text-100 mt-1 -mb-1.5\">Tekniske egenskaber<\/h3>\n<p class=\"whitespace-normal break-words\">\u2611 Nikotinstyrker: 0% \/2%\/3%\/5%<br \/>\n\u2611 Beholderkapacitet: 14 ml<br \/>\nInd\u00e5ndinger pr. enhed: 7000<br \/>\n\u2611 \u00c6ndring af luftstr\u00f8m<br \/>\nType-C-str\u00f8mforsyning<br \/>\nGenopladelig str\u00f8mcelle<br \/>\n\u2611 Integreret 850 mAh batteriblok<\/p>\n<h3 class=\"text-lg font-bold text-text-100 mt-1 -mb-1.5\">Oplev mere FUMOT VAPE p\u00e5 vozolpuff<\/h3>\n<p class=\"whitespace-normal break-words\">Naviger gennem vores omfattende udvalg af produkter p\u00e5 vores <strong><a class=\"underline\" href=\"https:\/\/vozolpuff.de\/da\/\">Tilstedev\u00e6relse online<\/a><\/strong>, udforsk premium damp-produkter i <strong><a class=\"underline\" href=\"https:\/\/vozolpuff.de\/da\/product-category\/fumot-vape\/\">FUMOT VAPE Kategori<\/a><\/strong> eller gennemse den komplette <strong><a class=\"underline\" href=\"https:\/\/vozolpuff.de\/da\/product-category\/fumot-vape\/randm-tornado-7000\/\">RandM Tornado 7000 smag verden<\/a><\/strong>.<\/p>","protected":false},"excerpt":{"rendered":"<p class=\"whitespace-normal break-words\">RandM Tornado 7000 Strawberry Kiwi engangsdamper kombinerer s\u00f8de jordb\u00e6r med syrlig kiwi i op til 7000 pust. Med 14 ml e-v\u00e6sketank, 850 mAh genopladeligt batteri og justerbar luftstr\u00f8mskontrol. F\u00e5s i 0%, 2%, 3% og 5% nikotin. Mesh coil-teknologi giver en afbalanceret eksotisk frugtoplevelse.<\/p>\n<p class=\"whitespace-normal break-words\">","protected":false},"featured_media":3745,"comment_status":"open","ping_status":"closed","template":"","meta":{"_acf_changed":false},"product_brand":[],"product_cat":[50],"product_tag":[],"class_list":{"0":"post-3741","1":"product","2":"type-product","3":"status-publish","4":"has-post-thumbnail","6":"product_cat-randm-tornado-7000","8":"first","9":"instock","10":"shipping-taxable","11":"purchasable","12":"product-type-variable"},"acf":[],"_links":{"self":[{"href":"https:\/\/vozolpuff.de\/da\/wp-json\/wp\/v2\/product\/3741","targetHints":{"allow":["GET"]}}],"collection":[{"href":"https:\/\/vozolpuff.de\/da\/wp-json\/wp\/v2\/product"}],"about":[{"href":"https:\/\/vozolpuff.de\/da\/wp-json\/wp\/v2\/types\/product"}],"replies":[{"embeddable":true,"href":"https:\/\/vozolpuff.de\/da\/wp-json\/wp\/v2\/comments?post=3741"}],"wp:featuredmedia":[{"embeddable":true,"href":"https:\/\/vozolpuff.de\/da\/wp-json\/wp\/v2\/media\/3745"}],"wp:attachment":[{"href":"https:\/\/vozolpuff.de\/da\/wp-json\/wp\/v2\/media?parent=3741"}],"wp:term":[{"taxonomy":"product_brand","embeddable":true,"href":"https:\/\/vozolpuff.de\/da\/wp-json\/wp\/v2\/product_brand?post=3741"},{"taxonomy":"product_cat","embeddable":true,"href":"https:\/\/vozolpuff.de\/da\/wp-json\/wp\/v2\/product_cat?post=3741"},{"taxonomy":"product_tag","embeddable":true,"href":"https:\/\/vozolpuff.de\/da\/wp-json\/wp\/v2\/product_tag?post=3741"}],"curies":[{"name":"wp","href":"https:\/\/api.w.org\/{rel}","templated":true}]}}