{"id":3750,"date":"2025-09-09T10:26:51","date_gmt":"2025-09-09T08:26:51","guid":{"rendered":"https:\/\/vozolpuff.de\/?post_type=product&#038;p=3750"},"modified":"2025-09-09T10:26:51","modified_gmt":"2025-09-09T08:26:51","slug":"randm-tornado-7000-red-energy-ice","status":"publish","type":"product","link":"https:\/\/vozolpuff.de\/da\/vare\/randm-tornado-7000-red-energy-ice\/","title":{"rendered":"RandM Tornado 7000 R\u00f8d Energi Is"},"content":{"rendered":"<h2 class=\"text-xl font-bold text-text-100 mt-1 -mb-0.5\">RandM Tornado 7000 Red Energy Ice engangs e-cigaret<\/h2>\n<p class=\"whitespace-normal break-words\">RandM Tornado 7000 Red Energy Ice Vape leverer ekstraordin\u00e6re 7000 pust pr. enhed med en 14 ml e-v\u00e6ske-kapacitet og nikotinniveauer p\u00e5 0%, 2%, 3% og 5%. Den er udstyret med et genopladeligt batteri p\u00e5 850 mAh, luftstr\u00f8mskontrol og progressiv mesh coil-teknologi. F\u00f8r du bruger Tornado R&amp;M 7000 Red Energy Ice for f\u00f8rste gang, anbefales det at holde en pause p\u00e5 ca. 2 minutter efter p\u00e5fyldning af e-v\u00e6ske. Denne m\u00e6tningstid sikrer optimal absorption og maksimerer din energiske, k\u00f8lige dampoplevelse.<\/p>\n<h3 class=\"text-lg font-bold text-text-100 mt-1 -mb-1.5\">RandM Tornado 7000 Red Energy Ice Specifikationer:<\/h3>\n<p class=\"whitespace-normal break-words\">RandM Tornado 7000 Red Energy Ice Disposable - et dampkraftv\u00e6rk, der kombinerer det forfriskende kick fra energidrik med en forfriskende k\u00f8lig finish i en moderne indpakning. Med en bem\u00e6rkelsesv\u00e6rdig ydeevne p\u00e5 op til 7000 pust er denne engangs e-cigaret perfekt til brugere, der foretr\u00e6kker en langvarig og energigivende smagsoplevelse.<\/p>\n<p class=\"whitespace-normal break-words\">Red Energy Ice Tornado er udstyret med et kraftigt 850 mAh-batteri og et stort 14 ml foropladet e-v\u00e6ske-reservoir, der sikrer lange dampperioder. Den justerbare luftstr\u00f8mskontrol giver endnu et niveau af tilpasning og giver dig mulighed for at kalibrere din dampoplevelse efter din smag.<\/p>\n<p class=\"whitespace-normal break-words\">Tornado er designet til dampere p\u00e5 farten og brillerer med sit b\u00e6rbare format og inhalationsstyrede t\u00e6ndingsmekanisme, der g\u00f8r den utrolig brugervenlig. Smagen Red Energy Ice kombinerer den stimulerende smag af energidrikke med en k\u00f8lende effekt, som giver en forfriskende dampoplevelse. Tornado 7000 f\u00e5s med nikotinsalt i st\u00f8rrelserne 0%, 2%, 3% og 5% og passer til forskellige pr\u00e6ferencer.<\/p>\n<h3 class=\"text-lg font-bold text-text-100 mt-1 -mb-1.5\">Enhedens specifikationer<\/h3>\n<p class=\"whitespace-normal break-words\">\u2611 Nikotinvarianter: 0% \/2%\/3%\/5%<br \/>\n\u2611 V\u00e6skekapacitet: 14 ml<br \/>\nPuffer pr. enhed: 7000<br \/>\n\u2611 Justering af luftstr\u00f8m<br \/>\nMulighed for type C-opladning<br \/>\nGenopladelig str\u00f8mforsyning<br \/>\n\u2611 Indbygget str\u00f8mforsyning p\u00e5 850 mAh<\/p>\n<h3 class=\"text-lg font-bold text-text-100 mt-1 -mb-1.5\">Oplev mere FUMOT VAPE p\u00e5 vozolpuff<\/h3>\n<p class=\"whitespace-normal break-words\">Oplev vores brede udvalg af produkter p\u00e5 vores <strong><a class=\"underline\" href=\"https:\/\/vozolpuff.de\/da\/\">Hjemmeside<\/a><\/strong>udforsk f\u00f8rsteklasses vape-hardware i <strong><a class=\"underline\" href=\"https:\/\/vozolpuff.de\/da\/product-category\/fumot-vape\/\">FUMOT VAPE sektion<\/a><\/strong> eller gennemse den komplette <strong><a class=\"underline\" href=\"https:\/\/vozolpuff.de\/da\/product-category\/fumot-vape\/randm-tornado-7000\/\">RandM Tornado 7000 smagskollektion<\/a><\/strong>.<\/p>","protected":false},"excerpt":{"rendered":"<p class=\"whitespace-normal break-words\">RandM Tornado 7000 Red Energy Ice engangsdamper kombinerer stimulerende energidrik-smag med en k\u00f8lende effekt i op til 7000 pust. Med 14 ml e-v\u00e6sketank, 850 mAh genopladeligt batteri og justerbar luftstr\u00f8mskontrol. F\u00e5s i 0%, 2%, 3% og 5% nikotin. Mesh coil-teknologi giver en energigivende oplevelse.<\/p>\n<p class=\"whitespace-normal break-words\">","protected":false},"featured_media":3753,"comment_status":"open","ping_status":"closed","template":"","meta":{"_acf_changed":false},"product_brand":[],"product_cat":[50],"product_tag":[],"class_list":{"0":"post-3750","1":"product","2":"type-product","3":"status-publish","4":"has-post-thumbnail","6":"product_cat-randm-tornado-7000","8":"first","9":"instock","10":"shipping-taxable","11":"purchasable","12":"product-type-variable"},"acf":[],"_links":{"self":[{"href":"https:\/\/vozolpuff.de\/da\/wp-json\/wp\/v2\/product\/3750","targetHints":{"allow":["GET"]}}],"collection":[{"href":"https:\/\/vozolpuff.de\/da\/wp-json\/wp\/v2\/product"}],"about":[{"href":"https:\/\/vozolpuff.de\/da\/wp-json\/wp\/v2\/types\/product"}],"replies":[{"embeddable":true,"href":"https:\/\/vozolpuff.de\/da\/wp-json\/wp\/v2\/comments?post=3750"}],"wp:featuredmedia":[{"embeddable":true,"href":"https:\/\/vozolpuff.de\/da\/wp-json\/wp\/v2\/media\/3753"}],"wp:attachment":[{"href":"https:\/\/vozolpuff.de\/da\/wp-json\/wp\/v2\/media?parent=3750"}],"wp:term":[{"taxonomy":"product_brand","embeddable":true,"href":"https:\/\/vozolpuff.de\/da\/wp-json\/wp\/v2\/product_brand?post=3750"},{"taxonomy":"product_cat","embeddable":true,"href":"https:\/\/vozolpuff.de\/da\/wp-json\/wp\/v2\/product_cat?post=3750"},{"taxonomy":"product_tag","embeddable":true,"href":"https:\/\/vozolpuff.de\/da\/wp-json\/wp\/v2\/product_tag?post=3750"}],"curies":[{"name":"wp","href":"https:\/\/api.w.org\/{rel}","templated":true}]}}