{"id":3759,"date":"2025-09-09T10:29:17","date_gmt":"2025-09-09T08:29:17","guid":{"rendered":"https:\/\/vozolpuff.de\/?post_type=product&#038;p=3759"},"modified":"2025-09-09T10:29:17","modified_gmt":"2025-09-09T08:29:17","slug":"randm-tornado-7000-blue-razz-lemonade","status":"publish","type":"product","link":"https:\/\/vozolpuff.de\/da\/vare\/randm-tornado-7000-blue-razz-lemonade\/","title":{"rendered":"RandM Tornado 7000 Blue Razz Lemonade"},"content":{"rendered":"<h2 class=\"text-xl font-bold text-text-100 mt-1 -mb-0.5\">RandM Tornado 7000 Blue Razz Lemonade engangs-e-cigaret<\/h2>\n<p class=\"whitespace-normal break-words\">RandM Tornado 7000 Blue Razz Lemonade e-cigaretten tilbyder bem\u00e6rkelsesv\u00e6rdige 7000 sug pr. enhed med en 14 ml e-v\u00e6skefyldning og nikotinindhold p\u00e5 0%, 2%, 3% og 5%. Produktet har et 850 mAh genopladeligt batteri, luftstr\u00f8msregulering og moderne mesh-coil-teknologi. Inden du bruger Tornado R&amp;M 7000 Blue Razz Lemonade for f\u00f8rste gang, skal du vente ca. 2 minutter efter p\u00e5fyldning af e-juice. Denne indvirkningsfase sikrer perfekt gennemv\u00e6dning og optimerer din frugtagtige og syrlige damperfaring.<\/p>\n<h3 class=\"text-lg font-bold text-text-100 mt-1 -mb-1.5\">RandM Tornado 7000 Blue Razz Lemonade Funktioner:<\/h3>\n<p class=\"whitespace-normal break-words\">RandM Tornado 7000 Blue Razz Lemonade engangs-e-cigaret \u2013 et mesterv\u00e6rk inden for damp, der kombinerer den s\u00f8d-syrlige intensitet af bl\u00e5 hindb\u00e6r med den sprudlende friskhed af limonade i et kompakt design. Med en ekstraordin\u00e6r r\u00e6kkevidde p\u00e5 op til 7000 sug er denne engangs-e-cigaret optimal for nyder, der v\u00e6rds\u00e6tter en vedvarende og forfriskende frugtagtig aroma.<\/p>\n<p class=\"whitespace-normal break-words\">Udstyret med et p\u00e5lideligt 850 mAh batteri og en rummelig 14 ml e-v\u00e6ske beholder giver Blue Razz Lemonade Tornado dig mulighed for at nyde lange dampeoplevelser. Den justerbare luftstr\u00f8mskontrol giver dig yderligere tilpasningsmuligheder og lader dig finjustere din dampeoplevelse.<\/p>\n<p class=\"whitespace-normal break-words\">Tornado er skabt til vaping-fans, der er p\u00e5 farten, og overbeviser med sit b\u00e6rbare format og den tr\u00e6kaktiverede udl\u00f8sningsmekanisme, der g\u00f8r den us\u00e6dvanlig brugervenlig. Blue Razz Lemonade-smagen kombinerer bl\u00e5 hindb\u00e6r med citronlimonade for en forfriskende, frugtagtig smagsoplevelse. Tornado 7000 f\u00e5s i nikotinsalt-niveauerne 0%, 2%, 3% og 5% og appellerer til forskellige smagspr\u00e6ferencer.<\/p>\n<h3 class=\"text-lg font-bold text-text-100 mt-1 -mb-1.5\">Produktspecifikationer<\/h3>\n<p class=\"whitespace-normal break-words\">\u2611 Nikotinindhold: 0% \/2%\/3%\/5%<br \/>\n\u2611 Tankindhold: 14 ml<br \/>\n\u2611 Dampstog pr. enhed: 7000<br \/>\n\u2611 Justering af luftstr\u00f8mmen<br \/>\n\u2611 Type-C-opladning<br \/>\nGenopladelig battericelle<br \/>\n\u2611 Integreret str\u00f8mforsyning p\u00e5 850 mAh<\/p>\n<h3 class=\"text-lg font-bold text-text-100 mt-1 -mb-1.5\">Oplev mere FUMOT VAPE p\u00e5 vozolpuff<\/h3>\n<p class=\"whitespace-normal break-words\">Gennemse vores omfattende portef\u00f8lje p\u00e5 vores <strong><a class=\"underline\" href=\"https:\/\/vozolpuff.de\/da\/\">websted<\/a><\/strong>opdag damp-produkter af h\u00f8j kvalitet i <strong><a class=\"underline\" href=\"https:\/\/vozolpuff.de\/da\/product-category\/fumot-vape\/\">FUMOT VAPE-afdeling<\/a><\/strong> eller udforsk hele <strong><a class=\"underline\" href=\"https:\/\/vozolpuff.de\/da\/product-category\/fumot-vape\/randm-tornado-7000\/\">RandM Tornado 7000 udvalg af smagsvarianter<\/a><\/strong>.<\/p>","protected":false},"excerpt":{"rendered":"<p class=\"whitespace-normal break-words\">RandM Tornado 7000 Blue Razz Lemonade engangs-vape kombinerer s\u00f8d-syrlige bl\u00e5 hindb\u00e6r med sprudlende limonade til op til 7000 sug. Med 14 ml e-v\u00e6sketank, 850 mAh genopladeligt batteri og justerbar luftstr\u00f8mskontrol. F\u00e5s i 0%, 2%, 3% og 5% nikotin. Mesh-coil-teknologi for en forfriskende frugtagtig oplevelse.<\/p>\n<p class=\"whitespace-normal break-words\">","protected":false},"featured_media":3763,"comment_status":"open","ping_status":"closed","template":"","meta":{"_acf_changed":false},"product_brand":[],"product_cat":[50],"product_tag":[],"class_list":{"0":"post-3759","1":"product","2":"type-product","3":"status-publish","4":"has-post-thumbnail","6":"product_cat-randm-tornado-7000","8":"first","9":"instock","10":"shipping-taxable","11":"purchasable","12":"product-type-variable"},"acf":[],"_links":{"self":[{"href":"https:\/\/vozolpuff.de\/da\/wp-json\/wp\/v2\/product\/3759","targetHints":{"allow":["GET"]}}],"collection":[{"href":"https:\/\/vozolpuff.de\/da\/wp-json\/wp\/v2\/product"}],"about":[{"href":"https:\/\/vozolpuff.de\/da\/wp-json\/wp\/v2\/types\/product"}],"replies":[{"embeddable":true,"href":"https:\/\/vozolpuff.de\/da\/wp-json\/wp\/v2\/comments?post=3759"}],"wp:featuredmedia":[{"embeddable":true,"href":"https:\/\/vozolpuff.de\/da\/wp-json\/wp\/v2\/media\/3763"}],"wp:attachment":[{"href":"https:\/\/vozolpuff.de\/da\/wp-json\/wp\/v2\/media?parent=3759"}],"wp:term":[{"taxonomy":"product_brand","embeddable":true,"href":"https:\/\/vozolpuff.de\/da\/wp-json\/wp\/v2\/product_brand?post=3759"},{"taxonomy":"product_cat","embeddable":true,"href":"https:\/\/vozolpuff.de\/da\/wp-json\/wp\/v2\/product_cat?post=3759"},{"taxonomy":"product_tag","embeddable":true,"href":"https:\/\/vozolpuff.de\/da\/wp-json\/wp\/v2\/product_tag?post=3759"}],"curies":[{"name":"wp","href":"https:\/\/api.w.org\/{rel}","templated":true}]}}