{"id":3768,"date":"2025-09-09T10:32:02","date_gmt":"2025-09-09T08:32:02","guid":{"rendered":"https:\/\/vozolpuff.de\/?post_type=product&#038;p=3768"},"modified":"2025-09-09T10:32:02","modified_gmt":"2025-09-09T08:32:02","slug":"randm-tornado-7000-red-apple-ice","status":"publish","type":"product","link":"https:\/\/vozolpuff.de\/da\/vare\/randm-tornado-7000-red-apple-ice\/","title":{"rendered":"RandM Tornado 7000 Red Apple Ice"},"content":{"rendered":"<h2 class=\"text-xl font-bold text-text-100 mt-1 -mb-0.5\">RandM Tornado 7000 Red Apple Ice engangs-e-cigaret<\/h2>\n<p class=\"whitespace-normal break-words\">RandM Tornado 7000 Red Apple Ice Vape har en enest\u00e5ende kapacitet p\u00e5 7000 sug pr. enhed med en 14 ml e-v\u00e6skefyldning og nikotinniveauer p\u00e5 0%, 2%, 3% og 5%. Den har et 850 mAh genopladeligt batteri, tr\u00e6kregulering og avanceret mesh-coil-teknologi. F\u00f8r du bruger Tornado R&amp;M 7000 Red Apple Ice for f\u00f8rste gang, anbefales det at vente ca. 2 minutter efter p\u00e5fyldning af e-v\u00e6ske. Denne absorptionsperiode sikrer fuld m\u00e6tning og perfektionerer din forfriskende, frugtige damperfaring.<\/p>\n<h3 class=\"text-lg font-bold text-text-100 mt-1 -mb-1.5\">RandM Tornado 7000 Red Apple Ice Egenskaber:<\/h3>\n<p class=\"whitespace-normal break-words\">RandM Tornado 7000 Red Apple Ice engangs-e-cigaret \u2013 et premium-dampapparat, der kombinerer den naturlige s\u00f8dme fra r\u00f8de \u00e6bler med en forfriskende k\u00f8leeffekt i et stilfuldt design. Med en imponerende ydeevne p\u00e5 op til 7000 sug er denne engangs-e-cigaret ideel til brugere, der \u00f8nsker en langvarig og forfriskende s\u00f8d smagsoplevelse.<\/p>\n<p class=\"whitespace-normal break-words\">Udstyret med et kraftigt 850 mAh batteri og en gener\u00f8s 14 ml forfyldt e-v\u00e6skebeholder garanterer Red Apple Ice Tornado l\u00e6ngere damp-sessioner. Den justerbare luftstr\u00f8msregulering giver yderligere personaliseringsmuligheder og giver dig mulighed for at konfigurere din damperfaring efter dine pr\u00e6ferencer.<\/p>\n<p class=\"whitespace-normal break-words\">Tornado er udviklet til mobile vape-entusiaster og scorer med sit kompakte design og inhalationsstyrede aktiveringssystem, hvilket g\u00f8r den meget brugervenlig. Red Apple Ice Flavor kombinerer saftige r\u00f8de \u00e6bler med et k\u00f8ligt strejf for en forfriskende og frugtagtig damperfaring. Tornado 7000 f\u00e5s i nikotinsaltvarianter p\u00e5 0%, 2%, 3% og 5% og im\u00f8dekommer mange forskellige behov.<\/p>\n<h3 class=\"text-lg font-bold text-text-100 mt-1 -mb-1.5\">Hardware-specifikationer<\/h3>\n<p class=\"whitespace-normal break-words\">\u2611 Nikotinindhold: 0% \/2%\/3%\/5%<br \/>\n\u2611 E-v\u00e6skevolumen: 14 ml<br \/>\nInd\u00e5ndinger pr. enhed: 7000<br \/>\n\u2611 Kontrol af luftstr\u00f8m<br \/>\n\u2611 Type-C-opladning<br \/>\n\u2611 Genopladelig energikilde<br \/>\n\u2611 Integreret 850 mAh batteripakke<\/p>\n<h3 class=\"text-lg font-bold text-text-100 mt-1 -mb-1.5\">Oplev mere FUMOT VAPE p\u00e5 vozolpuff<\/h3>\n<p class=\"whitespace-normal break-words\">Gennemse vores brede sortiment p\u00e5 vores <strong><a class=\"underline\" href=\"https:\/\/vozolpuff.de\/da\/\">Hovedside<\/a><\/strong>, udforsk f\u00f8rsteklasses vaping-udstyr i <strong><a class=\"underline\" href=\"https:\/\/vozolpuff.de\/da\/product-category\/fumot-vape\/\">FUMOT VAPE Kategori<\/a><\/strong> eller gennemse hele <strong><a class=\"underline\" href=\"https:\/\/vozolpuff.de\/da\/product-category\/fumot-vape\/randm-tornado-7000\/\">RandM Tornado 7000 smagsudvalg<\/a><\/strong>.<\/p>","protected":false},"excerpt":{"rendered":"<p class=\"whitespace-normal break-words\">RandM Tornado 7000 Red Apple Ice engangs-vape kombinerer saftige r\u00f8de \u00e6bler med en forfriskende k\u00f8leeffekt i op til 7000 sug. Med 14 ml e-v\u00e6sketank, 850 mAh genopladeligt batteri og justerbar luftstr\u00f8mskontrol. F\u00e5s i 0%, 2%, 3% og 5% nikotin. Mesh-coil-teknologi for en forfriskende s\u00f8d oplevelse.<\/p>\n<p class=\"whitespace-normal break-words\">","protected":false},"featured_media":3770,"comment_status":"open","ping_status":"closed","template":"","meta":{"_acf_changed":false},"product_brand":[],"product_cat":[50],"product_tag":[],"class_list":{"0":"post-3768","1":"product","2":"type-product","3":"status-publish","4":"has-post-thumbnail","6":"product_cat-randm-tornado-7000","8":"first","9":"instock","10":"shipping-taxable","11":"purchasable","12":"product-type-variable"},"acf":[],"_links":{"self":[{"href":"https:\/\/vozolpuff.de\/da\/wp-json\/wp\/v2\/product\/3768","targetHints":{"allow":["GET"]}}],"collection":[{"href":"https:\/\/vozolpuff.de\/da\/wp-json\/wp\/v2\/product"}],"about":[{"href":"https:\/\/vozolpuff.de\/da\/wp-json\/wp\/v2\/types\/product"}],"replies":[{"embeddable":true,"href":"https:\/\/vozolpuff.de\/da\/wp-json\/wp\/v2\/comments?post=3768"}],"wp:featuredmedia":[{"embeddable":true,"href":"https:\/\/vozolpuff.de\/da\/wp-json\/wp\/v2\/media\/3770"}],"wp:attachment":[{"href":"https:\/\/vozolpuff.de\/da\/wp-json\/wp\/v2\/media?parent=3768"}],"wp:term":[{"taxonomy":"product_brand","embeddable":true,"href":"https:\/\/vozolpuff.de\/da\/wp-json\/wp\/v2\/product_brand?post=3768"},{"taxonomy":"product_cat","embeddable":true,"href":"https:\/\/vozolpuff.de\/da\/wp-json\/wp\/v2\/product_cat?post=3768"},{"taxonomy":"product_tag","embeddable":true,"href":"https:\/\/vozolpuff.de\/da\/wp-json\/wp\/v2\/product_tag?post=3768"}],"curies":[{"name":"wp","href":"https:\/\/api.w.org\/{rel}","templated":true}]}}