{"id":3795,"date":"2025-09-09T10:42:32","date_gmt":"2025-09-09T08:42:32","guid":{"rendered":"https:\/\/vozolpuff.de\/?post_type=product&#038;p=3795"},"modified":"2025-09-09T10:42:32","modified_gmt":"2025-09-09T08:42:32","slug":"randm-tornado-7000-bluesour-raspberry","status":"publish","type":"product","link":"https:\/\/vozolpuff.de\/da\/vare\/randm-tornado-7000-bluesour-raspberry\/","title":{"rendered":"RandM Tornado 7000 Bluesour Hindb\u00e6r"},"content":{"rendered":"<h2 class=\"text-xl font-bold text-text-100 mt-1 -mb-0.5\">RandM Tornado 7000 Bluesour Raspberry engangs-e-cigaret<\/h2>\n<p class=\"whitespace-normal break-words\">RandM Tornado 7000 Bluesour Raspberry e-cigaret tilbyder ekstraordin\u00e6re 7000 sug pr. stk. med en 14 ml e-v\u00e6skefyldning og nikotinindhold p\u00e5 0%, 2%, 3% og 5%. Produktet har et 850 mAh genopladeligt batteri, luftstr\u00f8msjustering og progressiv mesh-coil-teknologi. F\u00f8r den f\u00f8rste brug af Tornado R&amp;M 7000 Bluesour Raspberry anbefales det at vente ca. 2 minutter efter p\u00e5fyldning af e-juice. Denne virkningstid sikrer fuldst\u00e6ndig gennemv\u00e6dning og optimerer din syrlige og frugtige damperfaring.<\/p>\n<h3 class=\"text-lg font-bold text-text-100 mt-1 -mb-1.5\">RandM Tornado 7000 Bluesour Raspberry Specifikationer:<\/h3>\n<p class=\"whitespace-normal break-words\">RandM Tornado 7000 Bluesour Raspberry engangs-e-cigaret \u2013 en kraftig vaping-oplevelse, der kombinerer den intense s\u00f8dme fra bl\u00e5 hindb\u00e6r med en forfriskende syrlighed i en moderne pakke. Med en bem\u00e6rkelsesv\u00e6rdig r\u00e6kkevidde p\u00e5 op til 7000 sug er denne engangs-e-cigaret perfekt til nyder, der v\u00e6rds\u00e6tter en langvarig og intens frugtagtig aroma.<\/p>\n<p class=\"whitespace-normal break-words\">Bluesour Raspberry Tornado er udstyret med et kraftigt 850 mAh batteri og en rummelig 14 ml forudfyldt e-v\u00e6skebeholder, der giver mulighed for l\u00e6ngere dampningsperioder. Den justerbare luftstr\u00f8mskontrol giver yderligere tilpasningsmuligheder og giver dig mulighed for at kalibrere din dampoplevelse efter dine \u00f8nsker.<\/p>\n<p class=\"whitespace-normal break-words\">Tornado er designet til dampere, der er meget p\u00e5 farten, og udm\u00e6rker sig ved sit b\u00e6rbare format og inhalationsstyrede t\u00e6ndingsmekanisme, hvilket g\u00f8r den meget brugervenlig. Bluesour Raspberry-smagen kombinerer bl\u00e5 hindb\u00e6r med syrlige noter for en intens frugtagtig damperfaring. Tornado 7000 f\u00e5s i nikotinsalt-varianter p\u00e5 0%, 2%, 3% og 5% og tilfredsstiller forskellige smagspr\u00e6ferencer.<\/p>\n<h3 class=\"text-lg font-bold text-text-100 mt-1 -mb-1.5\">produktdata<\/h3>\n<p class=\"whitespace-normal break-words\">\u2611 Nikotinindhold: 0% \/2%\/3%\/5%<br \/>\n\u2611 Tankvolumen: 14 ml<br \/>\n\u2611 Inhalationer pr. enhed: 7000<br \/>\n\u2611 Justering af luftstr\u00f8mmen<br \/>\nMulighed for type C-opladning<br \/>\nGenopladelig str\u00f8mforsyning<br \/>\n\u2611 Indbygget str\u00f8mforsyning p\u00e5 850 mAh<\/p>\n<h3 class=\"text-lg font-bold text-text-100 mt-1 -mb-1.5\">Oplev mere FUMOT VAPE p\u00e5 vozolpuff<\/h3>\n<p class=\"whitespace-normal break-words\">Oplev vores brede udvalg af produkter p\u00e5 vores <strong><a class=\"underline\" href=\"https:\/\/vozolpuff.de\/da\/\">Hjemmeside<\/a><\/strong>udforsk f\u00f8rsteklasses vape-hardware i <strong><a class=\"underline\" href=\"https:\/\/vozolpuff.de\/da\/product-category\/fumot-vape\/\">FUMOT VAPE sektion<\/a><\/strong> eller gennemse hele <strong><a class=\"underline\" href=\"https:\/\/vozolpuff.de\/da\/product-category\/fumot-vape\/randm-tornado-7000\/\">RandM Tornado 7000 smagskollektion<\/a><\/strong>.<\/p>","protected":false},"excerpt":{"rendered":"<p>RandM Tornado 7000 Bluesour Raspberry engangs-vape kombinerer intens bl\u00e5 hindb\u00e6rs\u00f8dme med forfriskende syrlighed. Med 7000 sug, 14 ml e-v\u00e6ske-kapacitet, 850 mAh batteri og mesh-coil-teknologi tilbyder den langvarig dampnydelse i 0%, 2%, 3% eller 5% nikotin. Gentag<\/p>","protected":false},"featured_media":3799,"comment_status":"open","ping_status":"closed","template":"","meta":{"_acf_changed":false},"product_brand":[],"product_cat":[50],"product_tag":[],"class_list":{"0":"post-3795","1":"product","2":"type-product","3":"status-publish","4":"has-post-thumbnail","6":"product_cat-randm-tornado-7000","8":"first","9":"instock","10":"shipping-taxable","11":"purchasable","12":"product-type-variable"},"acf":[],"_links":{"self":[{"href":"https:\/\/vozolpuff.de\/da\/wp-json\/wp\/v2\/product\/3795","targetHints":{"allow":["GET"]}}],"collection":[{"href":"https:\/\/vozolpuff.de\/da\/wp-json\/wp\/v2\/product"}],"about":[{"href":"https:\/\/vozolpuff.de\/da\/wp-json\/wp\/v2\/types\/product"}],"replies":[{"embeddable":true,"href":"https:\/\/vozolpuff.de\/da\/wp-json\/wp\/v2\/comments?post=3795"}],"wp:featuredmedia":[{"embeddable":true,"href":"https:\/\/vozolpuff.de\/da\/wp-json\/wp\/v2\/media\/3799"}],"wp:attachment":[{"href":"https:\/\/vozolpuff.de\/da\/wp-json\/wp\/v2\/media?parent=3795"}],"wp:term":[{"taxonomy":"product_brand","embeddable":true,"href":"https:\/\/vozolpuff.de\/da\/wp-json\/wp\/v2\/product_brand?post=3795"},{"taxonomy":"product_cat","embeddable":true,"href":"https:\/\/vozolpuff.de\/da\/wp-json\/wp\/v2\/product_cat?post=3795"},{"taxonomy":"product_tag","embeddable":true,"href":"https:\/\/vozolpuff.de\/da\/wp-json\/wp\/v2\/product_tag?post=3795"}],"curies":[{"name":"wp","href":"https:\/\/api.w.org\/{rel}","templated":true}]}}