{"id":3804,"date":"2025-09-09T10:45:19","date_gmt":"2025-09-09T08:45:19","guid":{"rendered":"https:\/\/vozolpuff.de\/?post_type=product&#038;p=3804"},"modified":"2025-09-09T10:45:20","modified_gmt":"2025-09-09T08:45:20","slug":"randm-tornado-7000-mr-blue","status":"publish","type":"product","link":"https:\/\/vozolpuff.de\/da\/vare\/randm-tornado-7000-mr-blue\/","title":{"rendered":"RandM Tornado 7000 Mr Bl\u00e5"},"content":{"rendered":"<h2 class=\"text-xl font-bold text-text-100 mt-1 -mb-0.5\">RandM Tornado 7000 Mr Blue engangs e-cigaret<\/h2>\n<p class=\"whitespace-normal break-words\">RandM Tornado 7000 Mr Blue Vape giver dig hele 7000 pust pr. enhed med en kapacitet p\u00e5 14 ml e-v\u00e6ske og nikotinniveauer p\u00e5 0%, 2%, 3% og 5%. Den har et genopladeligt batteri p\u00e5 850 mAh, tr\u00e6kkontrol og moderne mesh coil-teknologi. F\u00f8r du bruger Tornado R&amp;M 7000 Mr Blue f\u00f8rste gang, skal du holde en pause p\u00e5 ca. 2 minutter, efter at du har fyldt den med e-v\u00e6ske. Denne absorptionsperiode sikrer perfekt m\u00e6tning og maksimerer din intense, b\u00e6rholdige dampoplevelse.<\/p>\n<h3 class=\"text-lg font-bold text-text-100 mt-1 -mb-1.5\">RandM Tornado 7000 Mr Blue Funktioner:<\/h3>\n<p class=\"whitespace-normal break-words\">RandM Tornado 7000 Mr Blue Disposable - et dampmesterv\u00e6rk, der kombinerer den komplekse s\u00f8dme af blandede bl\u00e5 b\u00e6r med en mystisk dybde i et kompakt design. Med en ekstraordin\u00e6r udholdenhed p\u00e5 op til 7000 pust er denne engangs e-cigaret ideel til brugere, der foretr\u00e6kker en langvarig og flerlags smagsoplevelse.<\/p>\n<p class=\"whitespace-normal break-words\">Mr Blue Tornado er udstyret med et p\u00e5lideligt 850 mAh batteri og en gener\u00f8s 14 ml e-v\u00e6sketank, der sikrer lange dampoplevelser. Den justerbare luftstr\u00f8mskontrol giver yderligere tilpasningsniveauer og giver dig mulighed for at finjustere din dampoplevelse.<\/p>\n<p class=\"whitespace-normal break-words\">Tornado er skabt til dampere, der er p\u00e5 farten, og imponerer med sit praktiske format og tr\u00e6kaktiverede udl\u00f8sermekanisme, der g\u00f8r den us\u00e6dvanlig brugervenlig. Mr Blue-smagen er en kompleks blanding af bl\u00e5 frugter, som giver en dyb b\u00e6rsmagsoplevelse. Tornado 7000 f\u00e5s i nikotinsaltvarianter p\u00e5 0%, 2%, 3% og 5% og opfylder en lang r\u00e6kke krav.<\/p>\n<h3 class=\"text-lg font-bold text-text-100 mt-1 -mb-1.5\">Enhedens specifikationer<\/h3>\n<p class=\"whitespace-normal break-words\">\u2611 Nikotinstyrker: 0% \/2%\/3%\/5%<br \/>\n\u2611 Beholderens indhold: 14 ml<br \/>\nPuffer pr. enhed: 7000<br \/>\n\u2611 Kontrol af luftstr\u00f8m<br \/>\n\u2611 Type-C-opladning<br \/>\nGenopladelig battericelle<br \/>\n\u2611 Integreret str\u00f8mforsyning p\u00e5 850 mAh<\/p>\n<h3 class=\"text-lg font-bold text-text-100 mt-1 -mb-1.5\">Oplev mere FUMOT VAPE p\u00e5 vozolpuff<\/h3>\n<p class=\"whitespace-normal break-words\">Gennemse vores omfattende portef\u00f8lje p\u00e5 vores <strong><a class=\"underline\" href=\"https:\/\/vozolpuff.de\/da\/\">Hjemmeside<\/a><\/strong>opdag damp-produkter af h\u00f8j kvalitet i <strong><a class=\"underline\" href=\"https:\/\/vozolpuff.de\/da\/product-category\/fumot-vape\/\">FUMOT VAPE-afdeling<\/a><\/strong> eller udforsk den komplette <strong><a class=\"underline\" href=\"https:\/\/vozolpuff.de\/da\/product-category\/fumot-vape\/randm-tornado-7000\/\">RandM Tornado 7000 udvalg af smagsvarianter<\/a><\/strong>.<\/p>","protected":false},"excerpt":{"rendered":"<p>RandM Tornado 7000 Mr Blue engangsdamper kombinerer den komplekse s\u00f8dme af blandede bl\u00e5 b\u00e6r med mystisk dybde. Med 7000 pust, 14 ml e-v\u00e6skekapacitet, 850 mAh batteri og mesh coil-teknologi giver den langvarig dampnydelse i 0%, 2%, 3% eller 5% nikotin.repeat<\/p>","protected":false},"featured_media":3808,"comment_status":"open","ping_status":"closed","template":"","meta":{"_acf_changed":false},"product_brand":[],"product_cat":[50],"product_tag":[],"class_list":{"0":"post-3804","1":"product","2":"type-product","3":"status-publish","4":"has-post-thumbnail","6":"product_cat-randm-tornado-7000","8":"first","9":"instock","10":"shipping-taxable","11":"purchasable","12":"product-type-variable"},"acf":[],"_links":{"self":[{"href":"https:\/\/vozolpuff.de\/da\/wp-json\/wp\/v2\/product\/3804","targetHints":{"allow":["GET"]}}],"collection":[{"href":"https:\/\/vozolpuff.de\/da\/wp-json\/wp\/v2\/product"}],"about":[{"href":"https:\/\/vozolpuff.de\/da\/wp-json\/wp\/v2\/types\/product"}],"replies":[{"embeddable":true,"href":"https:\/\/vozolpuff.de\/da\/wp-json\/wp\/v2\/comments?post=3804"}],"wp:featuredmedia":[{"embeddable":true,"href":"https:\/\/vozolpuff.de\/da\/wp-json\/wp\/v2\/media\/3808"}],"wp:attachment":[{"href":"https:\/\/vozolpuff.de\/da\/wp-json\/wp\/v2\/media?parent=3804"}],"wp:term":[{"taxonomy":"product_brand","embeddable":true,"href":"https:\/\/vozolpuff.de\/da\/wp-json\/wp\/v2\/product_brand?post=3804"},{"taxonomy":"product_cat","embeddable":true,"href":"https:\/\/vozolpuff.de\/da\/wp-json\/wp\/v2\/product_cat?post=3804"},{"taxonomy":"product_tag","embeddable":true,"href":"https:\/\/vozolpuff.de\/da\/wp-json\/wp\/v2\/product_tag?post=3804"}],"curies":[{"name":"wp","href":"https:\/\/api.w.org\/{rel}","templated":true}]}}