{"id":3813,"date":"2025-09-09T10:47:54","date_gmt":"2025-09-09T08:47:54","guid":{"rendered":"https:\/\/vozolpuff.de\/?post_type=product&#038;p=3813"},"modified":"2025-09-09T10:47:55","modified_gmt":"2025-09-09T08:47:55","slug":"randm-tornado-7000-apple-peach-pear","status":"publish","type":"product","link":"https:\/\/vozolpuff.de\/da\/vare\/randm-tornado-7000-apple-peach-pear\/","title":{"rendered":"RandM Tornado 7000 \u00c6ble Fersken P\u00e6re"},"content":{"rendered":"<h2 class=\"text-xl font-bold text-text-100 mt-1 -mb-0.5\">RandM Tornado 7000 Apple Peach Pear engangs-e-cigaret<\/h2>\n<p class=\"whitespace-normal break-words\">RandM Tornado 7000 Apple Peach Pear e-cigaretten giver hele 7000 sug pr. enhed med en 14 ml e-v\u00e6skefyldning og nikotinkoncentrationer p\u00e5 0%, 2%, 3% og 5%. Enheden er udstyret med et 850 mAh genopladeligt batteri, luftstr\u00f8msstyring og avanceret mesh-coil-teknologi. F\u00f8r f\u00f8rste brug af Tornado R&amp;M 7000 Apple Peach Pear anbefales det at vente ca. 2 minutter efter p\u00e5fyldning af e-v\u00e6ske. Denne hviletid sikrer optimal absorption og perfektionerer din tredobbelte frugtige damperfaring.<\/p>\n<h3 class=\"text-lg font-bold text-text-100 mt-1 -mb-1.5\">RandM Tornado 7000 Apple Peach Pear Egenskaber:<\/h3>\n<p class=\"whitespace-normal break-words\">RandM Tornado 7000 Apple Peach Pear engangs-e-cigaret \u2013 et premium-dampapparat, der kombinerer den harmoniske s\u00f8dme fra \u00e6bler, ferskner og p\u00e6rer i et stilfuldt design. Med en imponerende ydeevne p\u00e5 op til 7000 sug er denne engangs-e-cigaret optimal for entusiaster, der \u00f8nsker en langvarig og kompleks frugtagtig aroma.<\/p>\n<p class=\"whitespace-normal break-words\">Udstyret med et kraftigt 850 mAh batteri og en rummelig 14 ml forfyldt e-v\u00e6sketank garanterer Apple Peach Pear Tornado l\u00e6ngere damp-sessioner. Den justerbare luftstr\u00f8msregulering giver yderligere personaliseringsmuligheder og giver dig mulighed for at konfigurere din damperfaring efter dine pr\u00e6ferencer.<\/p>\n<p class=\"whitespace-normal break-words\">Tornado er udviklet til mobile vape-entusiaster og scorer h\u00f8jt med sit kompakte design og inhalationsstyrede aktiveringssystem, som g\u00f8r den meget brugervenlig. Apple Peach Pear Flavor kombinerer tre klassiske frugter for en afbalanceret, kompleks smagsoplevelse. Tornado 7000 f\u00e5s i nikotinsaltversioner p\u00e5 0%, 2%, 3% og 5% og im\u00f8dekommer forskellige behov.<\/p>\n<h3 class=\"text-lg font-bold text-text-100 mt-1 -mb-1.5\">Hardware-data<\/h3>\n<p class=\"whitespace-normal break-words\">\u2611 Nikotinindhold: 0% \/2%\/3%\/5%<br \/>\n\u2611 E-v\u00e6ske-kapacitet: 14 ml<br \/>\n\u2611 Dampogre pr. eksemplar: 7000<br \/>\n\u2611 \u00c6ndring af luftstr\u00f8m<br \/>\n\u2611 Type-C-opladning<br \/>\n\u2611 Genopladelig energikilde<br \/>\n\u2611 Integreret 850 mAh batteripakke<\/p>\n<h3 class=\"text-lg font-bold text-text-100 mt-1 -mb-1.5\">Oplev mere FUMOT VAPE p\u00e5 vozolpuff<\/h3>\n<p class=\"whitespace-normal break-words\">Gennemse vores brede sortiment p\u00e5 vores <strong><a class=\"underline\" href=\"https:\/\/vozolpuff.de\/da\/\">Vigtigste platform<\/a><\/strong>, udforsk f\u00f8rsteklasses vaping-udstyr i <strong><a class=\"underline\" href=\"https:\/\/vozolpuff.de\/da\/product-category\/fumot-vape\/\">FUMOT VAPE Kategori<\/a><\/strong> eller bladre gennem hele <strong><a class=\"underline\" href=\"https:\/\/vozolpuff.de\/da\/product-category\/fumot-vape\/randm-tornado-7000\/\">RandM Tornado 7000 smagsudvalg<\/a><\/strong>.<\/p>","protected":false},"excerpt":{"rendered":"<p>RandM Tornado 7000 Apple Peach Pear engangs-vape kombinerer den harmoniske s\u00f8dme fra \u00e6bler, ferskner og p\u00e6rer. Med 7000 sug, 14 ml e-v\u00e6ske-kapacitet, 850 mAh batteri og mesh-coil-teknologi tilbyder den langvarig dampnydelse i 0%, 2%, 3% eller 5% nikotin. Gentag<\/p>","protected":false},"featured_media":3817,"comment_status":"open","ping_status":"closed","template":"","meta":{"_acf_changed":false},"product_brand":[],"product_cat":[50],"product_tag":[],"class_list":{"0":"post-3813","1":"product","2":"type-product","3":"status-publish","4":"has-post-thumbnail","6":"product_cat-randm-tornado-7000","8":"first","9":"instock","10":"shipping-taxable","11":"purchasable","12":"product-type-variable"},"acf":[],"_links":{"self":[{"href":"https:\/\/vozolpuff.de\/da\/wp-json\/wp\/v2\/product\/3813","targetHints":{"allow":["GET"]}}],"collection":[{"href":"https:\/\/vozolpuff.de\/da\/wp-json\/wp\/v2\/product"}],"about":[{"href":"https:\/\/vozolpuff.de\/da\/wp-json\/wp\/v2\/types\/product"}],"replies":[{"embeddable":true,"href":"https:\/\/vozolpuff.de\/da\/wp-json\/wp\/v2\/comments?post=3813"}],"wp:featuredmedia":[{"embeddable":true,"href":"https:\/\/vozolpuff.de\/da\/wp-json\/wp\/v2\/media\/3817"}],"wp:attachment":[{"href":"https:\/\/vozolpuff.de\/da\/wp-json\/wp\/v2\/media?parent=3813"}],"wp:term":[{"taxonomy":"product_brand","embeddable":true,"href":"https:\/\/vozolpuff.de\/da\/wp-json\/wp\/v2\/product_brand?post=3813"},{"taxonomy":"product_cat","embeddable":true,"href":"https:\/\/vozolpuff.de\/da\/wp-json\/wp\/v2\/product_cat?post=3813"},{"taxonomy":"product_tag","embeddable":true,"href":"https:\/\/vozolpuff.de\/da\/wp-json\/wp\/v2\/product_tag?post=3813"}],"curies":[{"name":"wp","href":"https:\/\/api.w.org\/{rel}","templated":true}]}}