{"id":3822,"date":"2025-09-09T10:50:27","date_gmt":"2025-09-09T08:50:27","guid":{"rendered":"https:\/\/vozolpuff.de\/?post_type=product&#038;p=3822"},"modified":"2025-09-09T10:50:27","modified_gmt":"2025-09-09T08:50:27","slug":"randm-tornado-7000-blueberry-pomegranate","status":"publish","type":"product","link":"https:\/\/vozolpuff.de\/da\/vare\/randm-tornado-7000-blueberry-pomegranate\/","title":{"rendered":"RandM Tornado 7000 Bl\u00e5b\u00e6r Granat\u00e6ble"},"content":{"rendered":"<h2 class=\"text-xl font-bold text-text-100 mt-1 -mb-0.5\">RandM Tornado 7000 Blueberry Pomegranate engangs-e-cigaret<\/h2>\n<p class=\"whitespace-normal break-words\">RandM Tornado 7000 Blueberry Pomegranate Vape tilbyder spektakul\u00e6re 7000 sug pr. enhed med en e-v\u00e6skekapacitet p\u00e5 14 ml og nikotinniveauer p\u00e5 0%, 2%, 3% og 5%. Den har et 850 mAh genopladeligt batteri, tr\u00e6kregulering og innovativ mesh-coil-teknologi. F\u00f8r du bruger Tornado R&amp;M 7000 Blueberry Pomegranate for f\u00f8rste gang, skal du vente ca. 2 minutter efter at have fyldt e-juice p\u00e5. Denne m\u00e6tningstid sikrer optimal gennemtr\u00e6ngning og maksimerer din antioxidantrige damperfaring.<\/p>\n<h3 class=\"text-lg font-bold text-text-100 mt-1 -mb-1.5\">RandM Tornado 7000 Blueberry Pomegranate Egenskaber:<\/h3>\n<p class=\"whitespace-normal break-words\">RandM Tornado 7000 Blueberry Pomegranate Disposable \u2013 et vaping-kraftv\u00e6rk, der smelter den s\u00f8de intensitet af bl\u00e5b\u00e6r sammen med den syrlige-s\u00f8de kompleksitet af granat\u00e6bler i en raffineret pakke. Med en bem\u00e6rkelsesv\u00e6rdig udholdenhed p\u00e5 op til 7000 sug er denne engangs-e-cigaret perfekt til nyder, der v\u00e6rds\u00e6tter en vedvarende og sofistikeret smagsoplevelse.<\/p>\n<p class=\"whitespace-normal break-words\">Udstyret med et robust 850 mAh batteri og et betydeligt 14 ml forberedt e-v\u00e6ske-reservoir sikrer Blueberry Pomegranate Tornado langvarige dampfaser. Den justerbare luftstr\u00f8mskontrol giver ekstra tilpasningsmuligheder og giver dig mulighed for at tilpasse din damperfaring individuelt.<\/p>\n<p class=\"whitespace-normal break-words\">Tornado er designet til dampning p\u00e5 farten og udm\u00e6rker sig ved sit praktiske format og den \u00e5ndedr\u00e6tsaktiverede t\u00e6ndingsmekanisme, der g\u00f8r den ekstremt brugervenlig. Blueberry Pomegranate-smagen kombinerer s\u00f8de bl\u00e5b\u00e6r med syrlig-s\u00f8d granat\u00e6ble for en elegant, frugtig dampoplevelse. Tornado 7000 f\u00e5s i nikotinsaltniveauerne 0%, 2%, 3% og 5% og im\u00f8dekommer forskellige pr\u00e6ferencer.<\/p>\n<h3 class=\"text-lg font-bold text-text-100 mt-1 -mb-1.5\">Tekniske specifikationer<\/h3>\n<p class=\"whitespace-normal break-words\">\u2611 Nikotinvarianter: 0% \/2%\/3%\/5%<br \/>\n\u2611 V\u00e6skevolumen: 14 ml<br \/>\n\u2611 Inhalationer pr. enhed: 7000<br \/>\n\u2611 Justering af luftstr\u00f8m<br \/>\nType-C opladningsport<br \/>\nGenopladeligt batteri<br \/>\n\u2611 Indbygget 850 mAh energilagringsenhed<\/p>\n<h3 class=\"text-lg font-bold text-text-100 mt-1 -mb-1.5\">Oplev mere FUMOT VAPE p\u00e5 vozolpuff<\/h3>\n<p class=\"whitespace-normal break-words\">Udforsk vores brede udvalg af produkter p\u00e5 vores <strong><a class=\"underline\" href=\"https:\/\/vozolpuff.de\/da\/\">Hjemmeside<\/a><\/strong>, opdag f\u00f8rsteklasses dampartikler i <strong><a class=\"underline\" href=\"https:\/\/vozolpuff.de\/da\/product-category\/fumot-vape\/\">FUMOT VAPE Division<\/a><\/strong> eller gennemse den komplette <strong><a class=\"underline\" href=\"https:\/\/vozolpuff.de\/da\/product-category\/fumot-vape\/randm-tornado-7000\/\">RandM Tornado 7000 Forskellige smagsvarianter<\/a><\/strong>.<\/p>","protected":false},"excerpt":{"rendered":"<p>RandM Tornado 7000 Blueberry Pomegranate engangs-vape kombinerer s\u00f8de bl\u00e5b\u00e6r med syrlig-s\u00f8d granat\u00e6blekompleksitet. Med 7000 sug, 14 ml e-v\u00e6ske-kapacitet, 850 mAh batteri og mesh-coil-teknologi tilbyder den langvarig dampnydelse i 0%, 2%, 3% eller 5% nikotin. Gentag<\/p>","protected":false},"featured_media":3826,"comment_status":"open","ping_status":"closed","template":"","meta":{"_acf_changed":false},"product_brand":[],"product_cat":[50],"product_tag":[],"class_list":{"0":"post-3822","1":"product","2":"type-product","3":"status-publish","4":"has-post-thumbnail","6":"product_cat-randm-tornado-7000","8":"first","9":"instock","10":"shipping-taxable","11":"purchasable","12":"product-type-variable"},"acf":[],"_links":{"self":[{"href":"https:\/\/vozolpuff.de\/da\/wp-json\/wp\/v2\/product\/3822","targetHints":{"allow":["GET"]}}],"collection":[{"href":"https:\/\/vozolpuff.de\/da\/wp-json\/wp\/v2\/product"}],"about":[{"href":"https:\/\/vozolpuff.de\/da\/wp-json\/wp\/v2\/types\/product"}],"replies":[{"embeddable":true,"href":"https:\/\/vozolpuff.de\/da\/wp-json\/wp\/v2\/comments?post=3822"}],"wp:featuredmedia":[{"embeddable":true,"href":"https:\/\/vozolpuff.de\/da\/wp-json\/wp\/v2\/media\/3826"}],"wp:attachment":[{"href":"https:\/\/vozolpuff.de\/da\/wp-json\/wp\/v2\/media?parent=3822"}],"wp:term":[{"taxonomy":"product_brand","embeddable":true,"href":"https:\/\/vozolpuff.de\/da\/wp-json\/wp\/v2\/product_brand?post=3822"},{"taxonomy":"product_cat","embeddable":true,"href":"https:\/\/vozolpuff.de\/da\/wp-json\/wp\/v2\/product_cat?post=3822"},{"taxonomy":"product_tag","embeddable":true,"href":"https:\/\/vozolpuff.de\/da\/wp-json\/wp\/v2\/product_tag?post=3822"}],"curies":[{"name":"wp","href":"https:\/\/api.w.org\/{rel}","templated":true}]}}