{"id":3839,"date":"2025-09-10T05:30:08","date_gmt":"2025-09-10T03:30:08","guid":{"rendered":"https:\/\/vozolpuff.de\/?post_type=product&#038;p=3839"},"modified":"2025-09-10T05:30:08","modified_gmt":"2025-09-10T03:30:08","slug":"randm-tornado-7000-vimto","status":"publish","type":"product","link":"https:\/\/vozolpuff.de\/da\/vare\/randm-tornado-7000-vimto\/","title":{"rendered":"RandM Tornado 7000 Vimto"},"content":{"rendered":"<h2 class=\"text-xl font-bold text-text-100 mt-1 -mb-0.5\">RandM Tornado 7000 Vimto engangs-e-cigaret<\/h2>\n<p class=\"whitespace-normal break-words\">Oplev den ikoniske Vimto-smag med RandM Tornado 7000 Puffs engangs-e-cigaret. Dette premium-dampapparat kombinerer den klassiske b\u00e6r- og druesmag fra Vimto med den nyeste vape-teknologi til op til 7000 nydelsesfulde sug. Det integrerede 850 mAh genopladelige batteri sikrer langvarige damp-sessioner, mens den gener\u00f8se 14 ml e-v\u00e6sketank ikke beh\u00f8ver at blive genopfyldt. Den pr\u00e6cist justerbare lufttilf\u00f8rsel g\u00f8r det muligt at tilpasse din dampoplevelse individuelt. Det slanke, b\u00e6rbare design g\u00f8r denne e-cigaret til den perfekte ledsager til hverdag.<\/p>\n<h3 class=\"text-lg font-bold text-text-100 mt-1 -mb-1.5\">Produktets egenskaber<\/h3>\n<p class=\"whitespace-normal break-words\"><strong>Batteri:<\/strong> 850 mAh indbygget (genopladeligt)<br \/>\n<strong>Ydeevne:<\/strong> P\u00e5lidelig og j\u00e6vn dampproduktion<br \/>\n<strong>Volumen af e-v\u00e6ske:<\/strong> 14 ml forfyldt<br \/>\n<strong>Muligheder for nikotin:<\/strong> 0%, 2%, 3% eller 5% kan v\u00e6lges<br \/>\n<strong>Tog:<\/strong> Ca. 7.000 tr\u00e6k pr. enhed<br \/>\n<strong>Luftgennemstr\u00f8mning:<\/strong> Justerbar lufttilf\u00f8rsel<br \/>\n<strong>Design:<\/strong> Integreret RGB-belysning<\/p>\n<h3 class=\"text-lg font-bold text-text-100 mt-1 -mb-1.5\">Oplev mere FUMOT VAPE p\u00e5 vozolpuff<\/h3>\n<p class=\"whitespace-normal break-words\">Bes\u00f8g vores <strong><a class=\"underline\" href=\"https:\/\/vozolpuff.de\/da\/\">Online butik<\/a><\/strong> For flere h\u00f8jkvalitets vape-produkter, gennemse hele vores sortiment. <strong><a class=\"underline\" href=\"https:\/\/vozolpuff.de\/da\/product-category\/fumot-vape\/\">FUMOT VAPE produktsortiment<\/a><\/strong> eller opdag alle tilg\u00e6ngelige <strong><a class=\"underline\" href=\"https:\/\/vozolpuff.de\/da\/product-category\/fumot-vape\/randm-tornado-7000\/\">RandM Tornado 7000 smagsvarianter<\/a><\/strong> i vores sortiment.<\/p>","protected":false},"excerpt":{"rendered":"<div>\n<div class=\"grid-cols-1 grid gap-2.5 [&amp;_&gt;_*]:min-w-0 !gap-3.5\">\n<p class=\"whitespace-normal break-words\">Die RandM Tornado 7000 Vimto Einweg-Vape bringt den kultigen Beeren-Trauben-Mix direkt zu Ihnen. Ausgestattet mit langlebigem 850mAh Akku, gro\u00dfz\u00fcgigem 14ml E-Liquid-Vorrat und fortschrittlicher Airflow-Kontrolle bietet sie konstante Qualit\u00e4t \u00fcber alle 7000 Z\u00fcge. RGB-Leuchteffekte runden das Design ab.<\/p>\n<\/div>\n<\/div>\n<div class=\"h-8\"><\/div>\n","protected":false},"featured_media":3843,"comment_status":"open","ping_status":"closed","template":"","meta":{"_acf_changed":false},"product_brand":[],"product_cat":[50],"product_tag":[],"class_list":{"0":"post-3839","1":"product","2":"type-product","3":"status-publish","4":"has-post-thumbnail","6":"product_cat-randm-tornado-7000","8":"first","9":"instock","10":"shipping-taxable","11":"purchasable","12":"product-type-variable"},"acf":[],"_links":{"self":[{"href":"https:\/\/vozolpuff.de\/da\/wp-json\/wp\/v2\/product\/3839","targetHints":{"allow":["GET"]}}],"collection":[{"href":"https:\/\/vozolpuff.de\/da\/wp-json\/wp\/v2\/product"}],"about":[{"href":"https:\/\/vozolpuff.de\/da\/wp-json\/wp\/v2\/types\/product"}],"replies":[{"embeddable":true,"href":"https:\/\/vozolpuff.de\/da\/wp-json\/wp\/v2\/comments?post=3839"}],"wp:featuredmedia":[{"embeddable":true,"href":"https:\/\/vozolpuff.de\/da\/wp-json\/wp\/v2\/media\/3843"}],"wp:attachment":[{"href":"https:\/\/vozolpuff.de\/da\/wp-json\/wp\/v2\/media?parent=3839"}],"wp:term":[{"taxonomy":"product_brand","embeddable":true,"href":"https:\/\/vozolpuff.de\/da\/wp-json\/wp\/v2\/product_brand?post=3839"},{"taxonomy":"product_cat","embeddable":true,"href":"https:\/\/vozolpuff.de\/da\/wp-json\/wp\/v2\/product_cat?post=3839"},{"taxonomy":"product_tag","embeddable":true,"href":"https:\/\/vozolpuff.de\/da\/wp-json\/wp\/v2\/product_tag?post=3839"}],"curies":[{"name":"wp","href":"https:\/\/api.w.org\/{rel}","templated":true}]}}