{"id":3857,"date":"2025-09-10T05:35:40","date_gmt":"2025-09-10T03:35:40","guid":{"rendered":"https:\/\/vozolpuff.de\/?post_type=product&#038;p=3857"},"modified":"2025-09-10T05:35:40","modified_gmt":"2025-09-10T03:35:40","slug":"randm-tornado-7000-cola","status":"publish","type":"product","link":"https:\/\/vozolpuff.de\/da\/vare\/randm-tornado-7000-cola\/","title":{"rendered":"RandM Tornado 7000 Cola"},"content":{"rendered":"<h2 class=\"text-xl font-bold text-text-100 mt-1 -mb-0.5\">RandM Tornado 7000 Cola engangs e-cigaret<\/h2>\n<p class=\"whitespace-normal break-words\">RandM Tornado 7000 Cola bringer den nostalgiske smag af din yndlingssodavand ind i dampverdenen. Denne autentiske colasmag med sin karakteristiske s\u00f8dme og hemmelige krydderier g\u00f8r hver dampsession til en forfriskende oplevelse. Det topmoderne engangssystem leverer op til 7000 pust af ren cola-nydelse, underst\u00f8ttet af et p\u00e5lideligt 850 mAh batteri. Den store 14 ml v\u00e6sketank eliminerer helt besv\u00e6ret med genopfyldning. Takket v\u00e6re den variable luftstr\u00f8msindstilling kan du justere din personlige dampadf\u00e6rd perfekt.<\/p>\n<h3 class=\"text-lg font-bold text-text-100 mt-1 -mb-1.5\">Tekniske data<\/h3>\n<p class=\"whitespace-normal break-words\"><strong>Batteriets ydeevne:<\/strong> 850mAh permanent installeret (genopladelig)<br \/>\n<strong>Dampkapacitet:<\/strong> Stabilt og kontinuerligt output<br \/>\n<strong>Flydende indhold:<\/strong> 14 ml allerede fyldt<br \/>\n<strong>Nikotinvarianter:<\/strong> 0%, 2%, 3% eller 5% kan v\u00e6lges<br \/>\n<strong>Togets kapacitet:<\/strong> Omkring 7.000 damptog<br \/>\n<strong>Luftstr\u00f8m:<\/strong> Justerbar luftgennemtr\u00e6ngelighed<br \/>\n<strong>Belysning:<\/strong> Flerfarvet RGB-display<\/p>\n<h3 class=\"text-lg font-bold text-text-100 mt-1 -mb-1.5\">Oplev mere FUMOT VAPE p\u00e5 vozolpuff<\/h3>\n<p class=\"whitespace-normal break-words\">Udforsk flere premium vaping-l\u00f8sninger p\u00e5 vores <strong><a class=\"underline\" href=\"https:\/\/vozolpuff.de\/da\/\">Hjemmeside<\/a><\/strong>, dyk ned i den mangfoldige <strong><a class=\"underline\" href=\"https:\/\/vozolpuff.de\/da\/product-category\/fumot-vape\/\">FUMOT VAPE udvalg<\/a><\/strong> eller v\u00e6lg fra det omfattende udvalg <strong><a class=\"underline\" href=\"https:\/\/vozolpuff.de\/da\/product-category\/fumot-vape\/randm-tornado-7000\/\">RandM Tornado 7000 Forskellige smagsvarianter<\/a><\/strong>.<\/p>","protected":false},"excerpt":{"rendered":"<div>\n<div class=\"grid-cols-1 grid gap-2.5 [&amp;_&gt;_*]:min-w-0 !gap-3.5\">\n<p class=\"whitespace-normal break-words\">Entdecken Sie den authentischen Cola-Geschmack mit der RandM Tornado 7000 Cola Einweg-Vape. Diese Premium-Vape kombiniert nostalgische S\u00fc\u00dfe mit geheimen Gew\u00fcrznoten f\u00fcr ein unverwechselbares Dampferlebnis. Mit 850mAh Akku, 14ml Liquidtank und 7000 Z\u00fcgen bietet sie langanhaltenden, erfrischenden Genuss.<\/p>\n<\/div>\n<\/div>\n<div class=\"h-8\"><\/div>\n","protected":false},"featured_media":3859,"comment_status":"open","ping_status":"closed","template":"","meta":{"_acf_changed":false},"product_brand":[],"product_cat":[50],"product_tag":[],"class_list":{"0":"post-3857","1":"product","2":"type-product","3":"status-publish","4":"has-post-thumbnail","6":"product_cat-randm-tornado-7000","8":"first","9":"instock","10":"shipping-taxable","11":"purchasable","12":"product-type-variable"},"acf":[],"_links":{"self":[{"href":"https:\/\/vozolpuff.de\/da\/wp-json\/wp\/v2\/product\/3857","targetHints":{"allow":["GET"]}}],"collection":[{"href":"https:\/\/vozolpuff.de\/da\/wp-json\/wp\/v2\/product"}],"about":[{"href":"https:\/\/vozolpuff.de\/da\/wp-json\/wp\/v2\/types\/product"}],"replies":[{"embeddable":true,"href":"https:\/\/vozolpuff.de\/da\/wp-json\/wp\/v2\/comments?post=3857"}],"wp:featuredmedia":[{"embeddable":true,"href":"https:\/\/vozolpuff.de\/da\/wp-json\/wp\/v2\/media\/3859"}],"wp:attachment":[{"href":"https:\/\/vozolpuff.de\/da\/wp-json\/wp\/v2\/media?parent=3857"}],"wp:term":[{"taxonomy":"product_brand","embeddable":true,"href":"https:\/\/vozolpuff.de\/da\/wp-json\/wp\/v2\/product_brand?post=3857"},{"taxonomy":"product_cat","embeddable":true,"href":"https:\/\/vozolpuff.de\/da\/wp-json\/wp\/v2\/product_cat?post=3857"},{"taxonomy":"product_tag","embeddable":true,"href":"https:\/\/vozolpuff.de\/da\/wp-json\/wp\/v2\/product_tag?post=3857"}],"curies":[{"name":"wp","href":"https:\/\/api.w.org\/{rel}","templated":true}]}}