{"id":3866,"date":"2025-09-10T05:38:14","date_gmt":"2025-09-10T03:38:14","guid":{"rendered":"https:\/\/vozolpuff.de\/?post_type=product&#038;p=3866"},"modified":"2025-09-10T05:38:14","modified_gmt":"2025-09-10T03:38:14","slug":"randm-tornado-7000-sour-apple","status":"publish","type":"product","link":"https:\/\/vozolpuff.de\/da\/vare\/randm-tornado-7000-sour-apple\/","title":{"rendered":"RandM Tornado 7000 Surt \u00e6ble"},"content":{"rendered":"<h2 class=\"text-xl font-bold text-text-100 mt-1 -mb-0.5\">RandM Tornado 7000 Sour Apple engangs e-cigaret<\/h2>\n<p class=\"whitespace-normal break-words\">Oplev den perfekte kontrast mellem s\u00f8dt og surt med RandM Tornado 7000 Sour Apple Edition. Denne frugtagtige, intense smag indfanger essensen af et spr\u00f8dt gr\u00f8nt \u00e6ble med en overraskende syrlig note, der forfrisker dine smagsl\u00f8g. Med enest\u00e5ende 7000 pust pr. enhed s\u00e6tter denne engangs e-cigaret nye standarder for udholdenhed. Det robuste 850 mAh energilager garanterer kontinuerlig ydeevne, mens det gener\u00f8se 14 ml v\u00e6skereservoir sikrer ugers tilfredshed. Den brugervenlige draw-to-fire-teknologi g\u00f8r hvert eneste sug ubesv\u00e6ret.<\/p>\n<h3 class=\"text-lg font-bold text-text-100 mt-1 -mb-1.5\">Enhedens specifikationer<\/h3>\n<p class=\"whitespace-normal break-words\"><strong>Batteritype:<\/strong> 850mAh integreret (genopladelig)<br \/>\n<strong>Energiudbytte:<\/strong> Konsekvent og effektiv pr\u00e6station<br \/>\n<strong>M\u00e6ngde e-saft:<\/strong> 14 ml helt forudfyldt<br \/>\n<strong>Indhold af nikotin:<\/strong> 0%, 2%, 3% eller 5% til valg<br \/>\n<strong>Damptog:<\/strong> Ca. 7.000 pr. enhed<br \/>\n<strong>Luftkontrol:<\/strong> Individuelt justerbar flowhastighed<br \/>\n<strong>Lysshow:<\/strong> Indbygget RGB-belysning<\/p>\n<h3 class=\"text-lg font-bold text-text-100 mt-1 -mb-1.5\">Oplev mere FUMOT VAPE p\u00e5 vozolpuff<\/h3>\n<p class=\"whitespace-normal break-words\">Tag et kig p\u00e5 andre dampapparater af h\u00f8j kvalitet p\u00e5 vores <strong><a class=\"underline\" href=\"https:\/\/vozolpuff.de\/da\/\">Hjemmeside<\/a><\/strong> Gennemse hele udvalget af <strong><a class=\"underline\" href=\"https:\/\/vozolpuff.de\/da\/product-category\/fumot-vape\/\">FUMOT VAPE-serien<\/a><\/strong> eller opdage andre varianter af <strong><a class=\"underline\" href=\"https:\/\/vozolpuff.de\/da\/product-category\/fumot-vape\/randm-tornado-7000\/\">RandM Tornado 7000-familien<\/a><\/strong>.<\/p>","protected":false},"excerpt":{"rendered":"<div>\n<div class=\"grid-cols-1 grid gap-2.5 [&amp;_&gt;_*]:min-w-0 !gap-3.5\">\n<p class=\"whitespace-normal break-words\">Genie\u00dfen Sie den perfekten s\u00fc\u00df-sauren Kontrast mit der RandM Tornado 7000 Sour Apple Einweg-Vape. Der intensive gr\u00fcne Apfelgeschmack mit seiner belebenden sauren Note sorgt f\u00fcr ein erfrischendes Dampferlebnis. Mit 850mAh Akku, 14ml Liquidkapazit\u00e4t und 7000 Z\u00fcgen f\u00fcr langanhaltenden Genuss mit RGB-Effekten.<\/p>\n<\/div>\n<\/div>\n<div class=\"h-8\"><\/div>\n","protected":false},"featured_media":3870,"comment_status":"open","ping_status":"closed","template":"","meta":{"_acf_changed":false},"product_brand":[],"product_cat":[50],"product_tag":[],"class_list":{"0":"post-3866","1":"product","2":"type-product","3":"status-publish","4":"has-post-thumbnail","6":"product_cat-randm-tornado-7000","8":"first","9":"instock","10":"shipping-taxable","11":"purchasable","12":"product-type-variable"},"acf":[],"_links":{"self":[{"href":"https:\/\/vozolpuff.de\/da\/wp-json\/wp\/v2\/product\/3866","targetHints":{"allow":["GET"]}}],"collection":[{"href":"https:\/\/vozolpuff.de\/da\/wp-json\/wp\/v2\/product"}],"about":[{"href":"https:\/\/vozolpuff.de\/da\/wp-json\/wp\/v2\/types\/product"}],"replies":[{"embeddable":true,"href":"https:\/\/vozolpuff.de\/da\/wp-json\/wp\/v2\/comments?post=3866"}],"wp:featuredmedia":[{"embeddable":true,"href":"https:\/\/vozolpuff.de\/da\/wp-json\/wp\/v2\/media\/3870"}],"wp:attachment":[{"href":"https:\/\/vozolpuff.de\/da\/wp-json\/wp\/v2\/media?parent=3866"}],"wp:term":[{"taxonomy":"product_brand","embeddable":true,"href":"https:\/\/vozolpuff.de\/da\/wp-json\/wp\/v2\/product_brand?post=3866"},{"taxonomy":"product_cat","embeddable":true,"href":"https:\/\/vozolpuff.de\/da\/wp-json\/wp\/v2\/product_cat?post=3866"},{"taxonomy":"product_tag","embeddable":true,"href":"https:\/\/vozolpuff.de\/da\/wp-json\/wp\/v2\/product_tag?post=3866"}],"curies":[{"name":"wp","href":"https:\/\/api.w.org\/{rel}","templated":true}]}}