{"id":3875,"date":"2025-09-10T05:40:48","date_gmt":"2025-09-10T03:40:48","guid":{"rendered":"https:\/\/vozolpuff.de\/?post_type=product&#038;p=3875"},"modified":"2025-09-10T05:40:49","modified_gmt":"2025-09-10T03:40:49","slug":"randm-tornado-7000-blackcurrant-menthol","status":"publish","type":"product","link":"https:\/\/vozolpuff.de\/da\/vare\/randm-tornado-7000-blackcurrant-menthol\/","title":{"rendered":"RandM Tornado 7000 Solb\u00e6r Menthol"},"content":{"rendered":"<h2 class=\"text-xl font-bold text-text-100 mt-1 -mb-0.5\">RandM Tornado 7000 Blackcurrant Menthol engangs e-cigaret<\/h2>\n<p class=\"whitespace-normal break-words\">RandM Tornado 7000 Blackcurrant Menthol kombinerer den m\u00f8rke s\u00f8dme fra modne solb\u00e6r med et forfriskende mentolkick og giver en us\u00e6dvanlig forfriskende dampoplevelse. Denne sofistikerede smagskombination giver b\u00e5de frugtelskere og mentolentusiaster det bedste fra begge verdener. Det kraftfulde engangssystem giver mulighed for op til 7000 smagfulde pust, drevet af et langtidsholdbart 850 mAh batteri. Den rummelige 14 ml e-v\u00e6sketank g\u00f8r genopfyldning til en saga blot. Med den justerbare airflow-funktion kan du selv bestemme intensiteten af din damp.<\/p>\n<h3 class=\"text-lg font-bold text-text-100 mt-1 -mb-1.5\">Hardware-egenskaber<\/h3>\n<p class=\"whitespace-normal break-words\"><strong>Batterisystem:<\/strong> 850mAh permanent installeret (genopladelig)<br \/>\n<strong>Udgangseffekt:<\/strong> Konsekvent og p\u00e5lidelig levering<br \/>\n<strong>V\u00e6skevolumen:<\/strong> 14 ml f\u00e6rdigfyldt<br \/>\n<strong>Nikotinniveauer:<\/strong> 0%, 2%, 3% eller 5% til r\u00e5dighed<br \/>\n<strong>Tr\u00e6kkraftvolumen:<\/strong> Omkring 7.000 ind\u00e5ndinger mulige<br \/>\n<strong>Luftstr\u00f8mssystem:<\/strong> Justerbar ventilation<br \/>\n<strong>Optik:<\/strong> Farverig RGB-belysning<\/p>\n<h3 class=\"text-lg font-bold text-text-100 mt-1 -mb-1.5\">Oplev mere FUMOT VAPE p\u00e5 vozolpuff<\/h3>\n<p class=\"whitespace-normal break-words\">Find flere fremragende e-cigaretprodukter i vores <strong><a class=\"underline\" href=\"https:\/\/vozolpuff.de\/da\/\">Online butik<\/a><\/strong>Gennemse den komplette <strong><a class=\"underline\" href=\"https:\/\/vozolpuff.de\/da\/product-category\/fumot-vape\/\">FUMOT VAPE produktlinje<\/a><\/strong> eller lad dig inspirere af det hele <strong><a class=\"underline\" href=\"https:\/\/vozolpuff.de\/da\/product-category\/fumot-vape\/randm-tornado-7000\/\">RandM Tornado 7000 smag verden<\/a><\/strong> inspirere.<\/p>","protected":false},"excerpt":{"rendered":"<div>\n<div class=\"grid-cols-1 grid gap-2.5 [&amp;_&gt;_*]:min-w-0 !gap-3.5\">\n<p class=\"whitespace-normal break-words\">Erleben Sie die perfekte Harmonie aus fruchtiger S\u00fc\u00dfe und k\u00fchler Frische mit der RandM Tornado 7000 Blackcurrant Menthol Einweg-Vape. Dunkle Johannisbeeren treffen auf belebenden Menthol-Kick f\u00fcr ein sophisticated Geschmackserlebnis. 850mAh Akku, 14ml Tank und 7000 Z\u00fcge mit RGB-Beleuchtung garantiert.<\/p>\n<\/div>\n<\/div>\n<div class=\"h-8\"><\/div>\n","protected":false},"featured_media":3879,"comment_status":"open","ping_status":"closed","template":"","meta":{"_acf_changed":false},"product_brand":[],"product_cat":[50],"product_tag":[],"class_list":{"0":"post-3875","1":"product","2":"type-product","3":"status-publish","4":"has-post-thumbnail","6":"product_cat-randm-tornado-7000","8":"first","9":"instock","10":"shipping-taxable","11":"purchasable","12":"product-type-variable"},"acf":[],"_links":{"self":[{"href":"https:\/\/vozolpuff.de\/da\/wp-json\/wp\/v2\/product\/3875","targetHints":{"allow":["GET"]}}],"collection":[{"href":"https:\/\/vozolpuff.de\/da\/wp-json\/wp\/v2\/product"}],"about":[{"href":"https:\/\/vozolpuff.de\/da\/wp-json\/wp\/v2\/types\/product"}],"replies":[{"embeddable":true,"href":"https:\/\/vozolpuff.de\/da\/wp-json\/wp\/v2\/comments?post=3875"}],"wp:featuredmedia":[{"embeddable":true,"href":"https:\/\/vozolpuff.de\/da\/wp-json\/wp\/v2\/media\/3879"}],"wp:attachment":[{"href":"https:\/\/vozolpuff.de\/da\/wp-json\/wp\/v2\/media?parent=3875"}],"wp:term":[{"taxonomy":"product_brand","embeddable":true,"href":"https:\/\/vozolpuff.de\/da\/wp-json\/wp\/v2\/product_brand?post=3875"},{"taxonomy":"product_cat","embeddable":true,"href":"https:\/\/vozolpuff.de\/da\/wp-json\/wp\/v2\/product_cat?post=3875"},{"taxonomy":"product_tag","embeddable":true,"href":"https:\/\/vozolpuff.de\/da\/wp-json\/wp\/v2\/product_tag?post=3875"}],"curies":[{"name":"wp","href":"https:\/\/api.w.org\/{rel}","templated":true}]}}