{"id":3893,"date":"2025-09-10T05:45:47","date_gmt":"2025-09-10T03:45:47","guid":{"rendered":"https:\/\/vozolpuff.de\/?post_type=product&#038;p=3893"},"modified":"2025-09-10T05:45:47","modified_gmt":"2025-09-10T03:45:47","slug":"randm-tornado-7000-peach-blueberry-candy","status":"publish","type":"product","link":"https:\/\/vozolpuff.de\/da\/vare\/randm-tornado-7000-peach-blueberry-candy\/","title":{"rendered":"RandM Tornado 7000 Fersken-bl\u00e5b\u00e6r-slik"},"content":{"rendered":"<h2 class=\"text-xl font-bold text-text-100 mt-1 -mb-0.5\">RandM Tornado 7000 Peach Blueberry Candy engangs-e-cigaret<\/h2>\n<p class=\"whitespace-normal break-words\">Nyd en s\u00f8d smagseksplosion med RandM Tornado 7000 Peach Blueberry Candy-varianten. Denne fristende kombination af saftige ferskner, s\u00f8de bl\u00e5b\u00e6r og klassisk sliksmag skaber en nostalgisk damperfaring, der minder om barndomsminder. Det avancerede engangs-vape-system garanterer op til 7000 sug af s\u00f8d nydelse, underst\u00f8ttet af et kraftfuldt 850 mAh lithium-ion-batteri. Den gener\u00f8se 14 ml forfyldte tank eliminerer al vedligeholdelse. Takket v\u00e6re den pr\u00e6cise draw-activation-teknologi starter damperoplevelsen med det samme ved hvert sug.<\/p>\n<h3 class=\"text-lg font-bold text-text-100 mt-1 -mb-1.5\">Detaljer om produktet<\/h3>\n<p class=\"whitespace-normal break-words\"><strong>Batterikapacitet:<\/strong> 850 mAh integreret (genopladelig)<br \/>\n<strong>Effektudgang:<\/strong> P\u00e5lidelig og kontinuerlig funktion<br \/>\n<strong>M\u00e6ngde e-v\u00e6ske:<\/strong> 14 ml fuldst\u00e6ndig fyldt<br \/>\n<strong>Nikotin koncentrationer:<\/strong> 0%, 2%, 3% eller 5% tilg\u00e6ngelig<br \/>\n<strong>Puff performance:<\/strong> Omkring 7.000 damptog<br \/>\n<strong>Luftstr\u00f8msteknologi:<\/strong> Justerbar luftcirkulation<br \/>\n<strong>Designelement:<\/strong> Integreret RGB-farveskiftende LED<\/p>\n<h3 class=\"text-lg font-bold text-text-100 mt-1 -mb-1.5\">Oplev mere FUMOT VAPE p\u00e5 vozolpuff<\/h3>\n<p class=\"whitespace-normal break-words\">Bes\u00f8g vores <strong><a class=\"underline\" href=\"https:\/\/vozolpuff.de\/da\/\">Vape-portal<\/a><\/strong> for yderligere premium e-cigaretter, kan du gennemse vores omfattende <strong><a class=\"underline\" href=\"https:\/\/vozolpuff.de\/da\/product-category\/fumot-vape\/\">FUMOT VAPE tilbud<\/a><\/strong> eller pr\u00f8v mere <strong><a class=\"underline\" href=\"https:\/\/vozolpuff.de\/da\/product-category\/fumot-vape\/randm-tornado-7000\/\">RandM Tornado 7000-varianter<\/a><\/strong> fra.<\/p>","protected":false},"excerpt":{"rendered":"<div>\n<div class=\"grid-cols-1 grid gap-2.5 [&amp;_&gt;_*]:min-w-0 !gap-3.5\">\n<p class=\"whitespace-normal break-words\">Schwelgen Sie in s\u00fc\u00dfen Kindheitserinnerungen mit der RandM Tornado 7000 Peach Blueberry Candy Einweg-Vape. Die verlockende Mischung aus saftigen Pfirsichen, s\u00fc\u00dfen Blaubeeren und klassischer Bonbon-Note sorgt f\u00fcr nostalgischen Dampfgenuss. Mit 850mAh Akku, 14ml Tank und 7000 Z\u00fcgen plus RGB-Beleuchtung.<\/p>\n<\/div>\n<\/div>\n<div class=\"h-8\"><\/div>\n","protected":false},"featured_media":3897,"comment_status":"open","ping_status":"closed","template":"","meta":{"_acf_changed":false},"product_brand":[],"product_cat":[50],"product_tag":[],"class_list":{"0":"post-3893","1":"product","2":"type-product","3":"status-publish","4":"has-post-thumbnail","6":"product_cat-randm-tornado-7000","8":"first","9":"instock","10":"shipping-taxable","11":"purchasable","12":"product-type-variable"},"acf":[],"_links":{"self":[{"href":"https:\/\/vozolpuff.de\/da\/wp-json\/wp\/v2\/product\/3893","targetHints":{"allow":["GET"]}}],"collection":[{"href":"https:\/\/vozolpuff.de\/da\/wp-json\/wp\/v2\/product"}],"about":[{"href":"https:\/\/vozolpuff.de\/da\/wp-json\/wp\/v2\/types\/product"}],"replies":[{"embeddable":true,"href":"https:\/\/vozolpuff.de\/da\/wp-json\/wp\/v2\/comments?post=3893"}],"wp:featuredmedia":[{"embeddable":true,"href":"https:\/\/vozolpuff.de\/da\/wp-json\/wp\/v2\/media\/3897"}],"wp:attachment":[{"href":"https:\/\/vozolpuff.de\/da\/wp-json\/wp\/v2\/media?parent=3893"}],"wp:term":[{"taxonomy":"product_brand","embeddable":true,"href":"https:\/\/vozolpuff.de\/da\/wp-json\/wp\/v2\/product_brand?post=3893"},{"taxonomy":"product_cat","embeddable":true,"href":"https:\/\/vozolpuff.de\/da\/wp-json\/wp\/v2\/product_cat?post=3893"},{"taxonomy":"product_tag","embeddable":true,"href":"https:\/\/vozolpuff.de\/da\/wp-json\/wp\/v2\/product_tag?post=3893"}],"curies":[{"name":"wp","href":"https:\/\/api.w.org\/{rel}","templated":true}]}}