{"id":3902,"date":"2025-09-10T05:48:15","date_gmt":"2025-09-10T03:48:15","guid":{"rendered":"https:\/\/vozolpuff.de\/?post_type=product&#038;p=3902"},"modified":"2025-09-10T05:48:16","modified_gmt":"2025-09-10T03:48:16","slug":"randm-tornado-7000-peach-mango","status":"publish","type":"product","link":"https:\/\/vozolpuff.de\/da\/vare\/randm-tornado-7000-peach-mango\/","title":{"rendered":"RandM Tornado 7000 Fersken Mango"},"content":{"rendered":"<h2 class=\"text-xl font-bold text-text-100 mt-1 -mb-0.5\">RandM Tornado 7000 Peach Mango engangs e-cigaret<\/h2>\n<p class=\"whitespace-normal break-words\">Tag med til tropiske himmelstr\u00f8g med RandM Tornado 7000 Peach Mango. Denne eksotiske duetkombination kombinerer den fl\u00f8jlsagtige s\u00f8dme fra modne ferskner med den intense tropiske frugtsmag fra mango for at skabe en autentisk sommeroplevelse. Det innovative engangs-vape-system leverer ekstraordin\u00e6re 7000 pust af tropisk paradis, drevet af et langtidsholdbart 850mAh energimodul. Det store v\u00e6skereservoir p\u00e5 14 ml garanterer langvarig nydelse uden behov for genopfyldning. Den intuitive inhalationsaktivering eliminerer behovet for komplekse kontroller, mens luftstr\u00f8mskontrollen, der kan tilpasses, tager h\u00f8jde for individuelle pr\u00e6ferencer.<\/p>\n<h3 class=\"text-lg font-bold text-text-100 mt-1 -mb-1.5\">Tekniske specifikationer<\/h3>\n<p class=\"whitespace-normal break-words\"><strong>Str\u00f8mforsyningen:<\/strong> 850mAh permanent installeret (genopladelig)<br \/>\n<strong>Dampydelse:<\/strong> Konsekvent og optimeret output<br \/>\n<strong>Tankens volumen:<\/strong> 14 ml allerede fyldt<br \/>\n<strong>Muligheder for nikotin:<\/strong> 0%, 2%, 3% eller 5% er tilg\u00e6ngelige.<br \/>\n<strong>Antal tog:<\/strong> Omkring 7.000 ind\u00e5ndinger<br \/>\n<strong>Styring af luftstr\u00f8mmen:<\/strong> Justerbar flowhastighed<br \/>\n<strong>Lysfunktion:<\/strong> Farverig RGB-belysning<\/p>\n<h3 class=\"text-lg font-bold text-text-100 mt-1 -mb-1.5\">Oplev mere FUMOT VAPE p\u00e5 vozolpuff<\/h3>\n<p class=\"whitespace-normal break-words\">Tag et kig p\u00e5 vores <strong><a class=\"underline\" href=\"https:\/\/vozolpuff.de\/da\/\">Vape hovedkategori<\/a><\/strong> For at finde flere f\u00f8rsteklasses produkter kan du udforske hele udvalget af <strong><a class=\"underline\" href=\"https:\/\/vozolpuff.de\/da\/product-category\/fumot-vape\/\">FUMOT VAPE-serien<\/a><\/strong> eller v\u00e6lg fra vores <strong><a class=\"underline\" href=\"https:\/\/vozolpuff.de\/da\/product-category\/fumot-vape\/randm-tornado-7000\/\">RandM Tornado 7000 Alternativer<\/a><\/strong>.<\/p>","protected":false},"excerpt":{"rendered":"<div>\n<div class=\"grid-cols-1 grid gap-2.5 [&amp;_&gt;_*]:min-w-0 !gap-3.5\">\n<p class=\"whitespace-normal break-words\">Erleben Sie tropisches Paradies mit der RandM Tornado 7000 Peach Mango Einweg-Vape. Die harmonische Verschmelzung samtiger Pfirsichs\u00fc\u00dfe mit intensiver Mango-Note kreiert ein authentisches Sommererlebnis. Mit kraftvollem 850mAh Akku, 14ml Liquidkapazit\u00e4t und 7000 Z\u00fcgen f\u00fcr langanhaltenden tropischen Genuss.<\/p>\n<\/div>\n<\/div>\n<div class=\"h-8\"><\/div>\n","protected":false},"featured_media":3906,"comment_status":"open","ping_status":"closed","template":"","meta":{"_acf_changed":false},"product_brand":[],"product_cat":[50],"product_tag":[],"class_list":{"0":"post-3902","1":"product","2":"type-product","3":"status-publish","4":"has-post-thumbnail","6":"product_cat-randm-tornado-7000","8":"first","9":"instock","10":"shipping-taxable","11":"purchasable","12":"product-type-variable"},"acf":[],"_links":{"self":[{"href":"https:\/\/vozolpuff.de\/da\/wp-json\/wp\/v2\/product\/3902","targetHints":{"allow":["GET"]}}],"collection":[{"href":"https:\/\/vozolpuff.de\/da\/wp-json\/wp\/v2\/product"}],"about":[{"href":"https:\/\/vozolpuff.de\/da\/wp-json\/wp\/v2\/types\/product"}],"replies":[{"embeddable":true,"href":"https:\/\/vozolpuff.de\/da\/wp-json\/wp\/v2\/comments?post=3902"}],"wp:featuredmedia":[{"embeddable":true,"href":"https:\/\/vozolpuff.de\/da\/wp-json\/wp\/v2\/media\/3906"}],"wp:attachment":[{"href":"https:\/\/vozolpuff.de\/da\/wp-json\/wp\/v2\/media?parent=3902"}],"wp:term":[{"taxonomy":"product_brand","embeddable":true,"href":"https:\/\/vozolpuff.de\/da\/wp-json\/wp\/v2\/product_brand?post=3902"},{"taxonomy":"product_cat","embeddable":true,"href":"https:\/\/vozolpuff.de\/da\/wp-json\/wp\/v2\/product_cat?post=3902"},{"taxonomy":"product_tag","embeddable":true,"href":"https:\/\/vozolpuff.de\/da\/wp-json\/wp\/v2\/product_tag?post=3902"}],"curies":[{"name":"wp","href":"https:\/\/api.w.org\/{rel}","templated":true}]}}