{"id":3920,"date":"2025-09-10T05:53:08","date_gmt":"2025-09-10T03:53:08","guid":{"rendered":"https:\/\/vozolpuff.de\/?post_type=product&#038;p=3920"},"modified":"2025-09-10T05:53:08","modified_gmt":"2025-09-10T03:53:08","slug":"randm-tornado-7000-blackcurrant-ice","status":"publish","type":"product","link":"https:\/\/vozolpuff.de\/da\/vare\/randm-tornado-7000-blackcurrant-ice\/","title":{"rendered":"RandM Tornado 7000 Solb\u00e6r-is"},"content":{"rendered":"<h2 class=\"text-xl font-bold text-text-100 mt-1 -mb-0.5\">RandM Tornado 7000 Blackcurrant Ice engangs e-cigaret<\/h2>\n<p class=\"whitespace-normal break-words\">K\u00f8l ned med den forfriskende RandM Tornado 7000 Blackcurrant Ice-smag. Denne iskolde smagskombination kombinerer den m\u00f8rke intensitet af solb\u00e6r med en k\u00f8lig mentolfinish, der g\u00f8r hvert sug til en forfriskende oplevelse. Den h\u00f8jtydende engangsenhed giver mulighed for op til 7000 pust med krystalklar smag, underst\u00f8ttet af et p\u00e5lideligt 850 mAh batterisystem. Den store 14 ml e-juice-tank giver langvarig nydelse uden behov for vedligeholdelse. Den responsive inhalationsaktivering starter med det samme, mens den justerbare luftstr\u00f8msindstilling giver mulighed for personlig tilpasning.<\/p>\n<h3 class=\"text-lg font-bold text-text-100 mt-1 -mb-1.5\">Hardware-specifikationer<\/h3>\n<p class=\"whitespace-normal break-words\"><strong>Energiforsyning:<\/strong> 850mAh indbygget (genopladelig)<br \/>\n<strong>Dampudgang:<\/strong> Konstant og p\u00e5lidelig funktion<br \/>\n<strong>Indhold af e-v\u00e6ske:<\/strong> 14 ml f\u00e6rdiglavet<br \/>\n<strong>Variationer i nikotin:<\/strong> 0%, 2%, 3% eller 5% til r\u00e5dighed<br \/>\n<strong>Ind\u00e5ndingsvolumen:<\/strong> Cirka 7.000 pust<br \/>\n<strong>Kontrol af lufttilf\u00f8rsel:<\/strong> Variabel indstilling af flow<br \/>\n<strong>Lysdesign:<\/strong> Integreret RGB-farvebelysning<\/p>\n<h3 class=\"text-lg font-bold text-text-100 mt-1 -mb-1.5\">Oplev mere FUMOT VAPE p\u00e5 vozolpuff<\/h3>\n<p class=\"whitespace-normal break-words\">Oplev flere premium dampapparater i vores <strong><a class=\"underline\" href=\"https:\/\/vozolpuff.de\/da\/\">Online katalog<\/a><\/strong>dykke dybt ned i <strong><a class=\"underline\" href=\"https:\/\/vozolpuff.de\/da\/product-category\/fumot-vape\/\">FUMOT VAPE produktfamilie<\/a><\/strong> eller find din perfekte smag i <strong><a class=\"underline\" href=\"https:\/\/vozolpuff.de\/da\/product-category\/fumot-vape\/randm-tornado-7000\/\">RandM Tornado 7000-serien<\/a><\/strong>.<\/p>","protected":false},"excerpt":{"rendered":"<div>\n<div class=\"grid-cols-1 grid gap-2.5 [&amp;_&gt;_*]:min-w-0 !gap-3.5\">\n<p class=\"whitespace-normal break-words\">Erfrischen Sie sich mit der RandM Tornado 7000 Blackcurrant Ice Einweg-Vape. Die intensive Kombination aus dunklen Johannisbeeren und eisigem Menthol-Finish sorgt f\u00fcr kristallklaren Geschmack und frostiges Dampferlebnis. Mit zuverl\u00e4ssigem 850mAh Akku, 14ml Tank und 7000 erfrischenden Z\u00fcgen inklusive RGB-Design.<\/p>\n<\/div>\n<\/div>\n<div class=\"h-8\"><\/div>\n","protected":false},"featured_media":3924,"comment_status":"open","ping_status":"closed","template":"","meta":{"_acf_changed":false},"product_brand":[],"product_cat":[50],"product_tag":[],"class_list":{"0":"post-3920","1":"product","2":"type-product","3":"status-publish","4":"has-post-thumbnail","6":"product_cat-randm-tornado-7000","8":"first","9":"instock","10":"shipping-taxable","11":"purchasable","12":"product-type-variable"},"acf":[],"_links":{"self":[{"href":"https:\/\/vozolpuff.de\/da\/wp-json\/wp\/v2\/product\/3920","targetHints":{"allow":["GET"]}}],"collection":[{"href":"https:\/\/vozolpuff.de\/da\/wp-json\/wp\/v2\/product"}],"about":[{"href":"https:\/\/vozolpuff.de\/da\/wp-json\/wp\/v2\/types\/product"}],"replies":[{"embeddable":true,"href":"https:\/\/vozolpuff.de\/da\/wp-json\/wp\/v2\/comments?post=3920"}],"wp:featuredmedia":[{"embeddable":true,"href":"https:\/\/vozolpuff.de\/da\/wp-json\/wp\/v2\/media\/3924"}],"wp:attachment":[{"href":"https:\/\/vozolpuff.de\/da\/wp-json\/wp\/v2\/media?parent=3920"}],"wp:term":[{"taxonomy":"product_brand","embeddable":true,"href":"https:\/\/vozolpuff.de\/da\/wp-json\/wp\/v2\/product_brand?post=3920"},{"taxonomy":"product_cat","embeddable":true,"href":"https:\/\/vozolpuff.de\/da\/wp-json\/wp\/v2\/product_cat?post=3920"},{"taxonomy":"product_tag","embeddable":true,"href":"https:\/\/vozolpuff.de\/da\/wp-json\/wp\/v2\/product_tag?post=3920"}],"curies":[{"name":"wp","href":"https:\/\/api.w.org\/{rel}","templated":true}]}}