{"id":3938,"date":"2025-09-10T05:58:14","date_gmt":"2025-09-10T03:58:14","guid":{"rendered":"https:\/\/vozolpuff.de\/?post_type=product&#038;p=3938"},"modified":"2025-09-10T05:58:14","modified_gmt":"2025-09-10T03:58:14","slug":"randm-tornado-7000-cherry","status":"publish","type":"product","link":"https:\/\/vozolpuff.de\/da\/vare\/randm-tornado-7000-cherry\/","title":{"rendered":"RandM Tornado 7000 Kirseb\u00e6r"},"content":{"rendered":"<h2 class=\"text-xl font-bold text-text-100 mt-1 -mb-0.5\">RandM Tornado 7000 Cherry engangs-e-cigaret<\/h2>\n<p class=\"whitespace-normal break-words\">Nyd den klassiske s\u00f8dme med RandM Tornado 7000 Cherry-smagen. Denne tidl\u00f8se frugtvariation fanger den rene essens af modne kirseb\u00e6r og tilbyder en autentisk, s\u00f8d-sur smag, der aldrig g\u00e5r af mode. Det avancerede engangssystem giver op til 7000 drag af frugtagtig nydelse, underst\u00f8ttet af et kraftfuldt 850 mAh energilager. Den gener\u00f8se 14 ml forfyldte tank g\u00f8r genopfyldning overfl\u00f8dig og sikrer ugers tilfredshed. Den intelligente inhalationsaktivering fungerer \u00f8jeblikkeligt ved hvert sug, mens den modul\u00e6re luftstr\u00f8msjustering muligg\u00f8r en lang r\u00e6kke forskellige dampstilarter.<\/p>\n<h3 class=\"text-lg font-bold text-text-100 mt-1 -mb-1.5\">Teknisk udstyr<\/h3>\n<p class=\"whitespace-normal break-words\"><strong>Batterienhed:<\/strong> 850 mAh permanent indbygget (genopladelig)<br \/>\n<strong>Effektudgang:<\/strong> Kontinuerlig og effektiv dampproduktion<br \/>\n<strong>E-juice-beholder:<\/strong> 14 ml fuldst\u00e6ndig forfyldt<br \/>\n<strong>Nikotinindhold-muligheder:<\/strong> 0%, 2%, 3% eller 5% kan v\u00e6lges<br \/>\n<strong>Tr\u00e6kkraftvolumen:<\/strong> Cirka 7.000 inhalationer pr. enhed<br \/>\n<strong>Ventilationskontrol:<\/strong> Justerbar luftgennemstr\u00f8mningshastighed<br \/>\n<strong>Design-h\u00f8jdepunkt:<\/strong> Farverigt RGB-lysshow<\/p>\n<h3 class=\"text-lg font-bold text-text-100 mt-1 -mb-1.5\">Oplev mere FUMOT VAPE p\u00e5 vozolpuff<\/h3>\n<p class=\"whitespace-normal break-words\">Bes\u00f8g vores <strong><a class=\"underline\" href=\"https:\/\/vozolpuff.de\/da\/\">Vaping-center<\/a><\/strong> For et st\u00f8rre udvalg af premium-produkter, udforsk det alsidige <strong><a class=\"underline\" href=\"https:\/\/vozolpuff.de\/da\/product-category\/fumot-vape\/\">FUMOT VAPE-m\u00e6rke<\/a><\/strong> eller v\u00e6lg blandt vores andre <strong><a class=\"underline\" href=\"https:\/\/vozolpuff.de\/da\/product-category\/fumot-vape\/randm-tornado-7000\/\">RandM Tornado 7000-kreationer<\/a><\/strong>.<\/p>","protected":false},"excerpt":{"rendered":"<div>\n<div class=\"grid-cols-1 grid gap-2.5 [&amp;_&gt;_*]:min-w-0 !gap-3.5\">\n<p class=\"whitespace-normal break-words\">Genie\u00dfen Sie klassische S\u00fc\u00dfe mit der RandM Tornado 7000 Cherry Einweg-Vape. Der authentische s\u00fc\u00df-s\u00e4uerliche Kirschgeschmack vollreifer Fr\u00fcchte bietet zeitloses Dampfvergn\u00fcgen. Mit kraftvollem 850mAh Akku, gro\u00dfz\u00fcgigem 14ml Liquidtank und 7000 fruchtigen Z\u00fcgen f\u00fcr langanhaltenden Genuss mit RGB-Beleuchtung.<\/p>\n<\/div>\n<\/div>\n<div class=\"h-8\"><\/div>\n","protected":false},"featured_media":3942,"comment_status":"open","ping_status":"closed","template":"","meta":{"_acf_changed":false},"product_brand":[],"product_cat":[50],"product_tag":[],"class_list":{"0":"post-3938","1":"product","2":"type-product","3":"status-publish","4":"has-post-thumbnail","6":"product_cat-randm-tornado-7000","8":"first","9":"instock","10":"shipping-taxable","11":"purchasable","12":"product-type-variable"},"acf":[],"_links":{"self":[{"href":"https:\/\/vozolpuff.de\/da\/wp-json\/wp\/v2\/product\/3938","targetHints":{"allow":["GET"]}}],"collection":[{"href":"https:\/\/vozolpuff.de\/da\/wp-json\/wp\/v2\/product"}],"about":[{"href":"https:\/\/vozolpuff.de\/da\/wp-json\/wp\/v2\/types\/product"}],"replies":[{"embeddable":true,"href":"https:\/\/vozolpuff.de\/da\/wp-json\/wp\/v2\/comments?post=3938"}],"wp:featuredmedia":[{"embeddable":true,"href":"https:\/\/vozolpuff.de\/da\/wp-json\/wp\/v2\/media\/3942"}],"wp:attachment":[{"href":"https:\/\/vozolpuff.de\/da\/wp-json\/wp\/v2\/media?parent=3938"}],"wp:term":[{"taxonomy":"product_brand","embeddable":true,"href":"https:\/\/vozolpuff.de\/da\/wp-json\/wp\/v2\/product_brand?post=3938"},{"taxonomy":"product_cat","embeddable":true,"href":"https:\/\/vozolpuff.de\/da\/wp-json\/wp\/v2\/product_cat?post=3938"},{"taxonomy":"product_tag","embeddable":true,"href":"https:\/\/vozolpuff.de\/da\/wp-json\/wp\/v2\/product_tag?post=3938"}],"curies":[{"name":"wp","href":"https:\/\/api.w.org\/{rel}","templated":true}]}}