{"id":3956,"date":"2025-09-10T06:03:10","date_gmt":"2025-09-10T04:03:10","guid":{"rendered":"https:\/\/vozolpuff.de\/?post_type=product&#038;p=3956"},"modified":"2025-09-10T06:03:10","modified_gmt":"2025-09-10T04:03:10","slug":"randm-tornado-7000-skittles","status":"publish","type":"product","link":"https:\/\/vozolpuff.de\/da\/vare\/randm-tornado-7000-skittles\/","title":{"rendered":"RandM Tornado 7000 Skittles"},"content":{"rendered":"<h2 class=\"text-xl font-bold text-text-100 mt-1 -mb-0.5\">RandM Tornado 7000 Skittles engangs-e-cigaret<\/h2>\n<p class=\"whitespace-normal break-words\">Smag regnbuen med RandM Tornado 7000 Skittles-smagen. Denne nostalgiske fortolkning af slik bringer den ikoniske blanding af forskellige frugtsmag direkte ind i din vaping-oplevelse og v\u00e6kker barndomsminder med hvert sug. Det avancerede engangsapparat leverer ekstraordin\u00e6re 7000 sug med farverig smagsoplevelse, drevet af et holdbart 850 mAh lithiumbatteri. Den rummelige 14 ml e-v\u00e6ske-beholder sikrer ugers nydelse uden vedligeholdelse. Den nemme inhalationsaktivering reagerer \u00f8jeblikkeligt p\u00e5 hvert sug, mens den justerbare luftstr\u00f8msfunktion tager h\u00f8jde for personlige damp pr\u00e6ferencer.<\/p>\n<h3 class=\"text-lg font-bold text-text-100 mt-1 -mb-1.5\">Hardware-egenskaber<\/h3>\n<p class=\"whitespace-normal break-words\"><strong>Energikilde:<\/strong> 850 mAh fast monteret (genopladelig)<br \/>\n<strong>Dampgenerering:<\/strong> P\u00e5lidelig og kontinuerlig funktion<br \/>\n<strong>Tankkapacitet:<\/strong> 14 ml f\u00e6rdiglavet<br \/>\n<strong>Nikotinstyrker:<\/strong> 0%, 2%, 3% eller 5% til valg<br \/>\n<strong>Pustekapacitet:<\/strong> Cirka 7.000 inhalationer<br \/>\n<strong>Ventilationsfunktion:<\/strong> Variabel luftstr\u00f8msindstilling<br \/>\n<strong>Lysshow:<\/strong> Flerfarvet RGB-belysning<\/p>\n<h3 class=\"text-lg font-bold text-text-100 mt-1 -mb-1.5\">Oplev mere FUMOT VAPE p\u00e5 vozolpuff<\/h3>\n<p class=\"whitespace-normal break-words\">Udforsk vores <strong><a class=\"underline\" href=\"https:\/\/vozolpuff.de\/da\/\">Vape-sortiment<\/a><\/strong> For endnu flere fantastiske smagsoplevelser, se hele vores sortiment. <strong><a class=\"underline\" href=\"https:\/\/vozolpuff.de\/da\/product-category\/fumot-vape\/\">FUMOT VAPE Mangfoldighed<\/a><\/strong> eller lad andre inspirere dig <strong><a class=\"underline\" href=\"https:\/\/vozolpuff.de\/da\/product-category\/fumot-vape\/randm-tornado-7000\/\">RandM Tornado 7000 H\u00f8jdepunkter<\/a><\/strong> overraske.<\/p>","protected":false},"excerpt":{"rendered":"<div>\n<div class=\"grid-cols-1 grid gap-2.5 [&amp;_&gt;_*]:min-w-0 !gap-3.5\">\n<p class=\"whitespace-normal break-words\">Schmecken Sie den Regenbogen mit der RandM Tornado 7000 Skittles Einweg-Vape. Die nostalgische S\u00fc\u00dfwaren-Interpretation bringt die ikonische Mischung verschiedener Fruchtaromen direkt zu Ihnen und weckt Kindheitserinnerungen. Mit 850mAh Akku, 14ml Tank und 7000 bunten Z\u00fcgen plus RGB-Beleuchtung.<\/p>\n<\/div>\n<\/div>\n<div class=\"h-8\"><\/div>\n","protected":false},"featured_media":3960,"comment_status":"open","ping_status":"closed","template":"","meta":{"_acf_changed":false},"product_brand":[],"product_cat":[50],"product_tag":[],"class_list":{"0":"post-3956","1":"product","2":"type-product","3":"status-publish","4":"has-post-thumbnail","6":"product_cat-randm-tornado-7000","8":"first","9":"instock","10":"shipping-taxable","11":"purchasable","12":"product-type-variable"},"acf":[],"_links":{"self":[{"href":"https:\/\/vozolpuff.de\/da\/wp-json\/wp\/v2\/product\/3956","targetHints":{"allow":["GET"]}}],"collection":[{"href":"https:\/\/vozolpuff.de\/da\/wp-json\/wp\/v2\/product"}],"about":[{"href":"https:\/\/vozolpuff.de\/da\/wp-json\/wp\/v2\/types\/product"}],"replies":[{"embeddable":true,"href":"https:\/\/vozolpuff.de\/da\/wp-json\/wp\/v2\/comments?post=3956"}],"wp:featuredmedia":[{"embeddable":true,"href":"https:\/\/vozolpuff.de\/da\/wp-json\/wp\/v2\/media\/3960"}],"wp:attachment":[{"href":"https:\/\/vozolpuff.de\/da\/wp-json\/wp\/v2\/media?parent=3956"}],"wp:term":[{"taxonomy":"product_brand","embeddable":true,"href":"https:\/\/vozolpuff.de\/da\/wp-json\/wp\/v2\/product_brand?post=3956"},{"taxonomy":"product_cat","embeddable":true,"href":"https:\/\/vozolpuff.de\/da\/wp-json\/wp\/v2\/product_cat?post=3956"},{"taxonomy":"product_tag","embeddable":true,"href":"https:\/\/vozolpuff.de\/da\/wp-json\/wp\/v2\/product_tag?post=3956"}],"curies":[{"name":"wp","href":"https:\/\/api.w.org\/{rel}","templated":true}]}}