{"id":4046,"date":"2025-09-10T10:38:57","date_gmt":"2025-09-10T08:38:57","guid":{"rendered":"https:\/\/vozolpuff.de\/?post_type=product&#038;p=4046"},"modified":"2025-09-10T10:38:57","modified_gmt":"2025-09-10T08:38:57","slug":"randm-tornado-7000-bingo-crush","status":"publish","type":"product","link":"https:\/\/vozolpuff.de\/da\/vare\/randm-tornado-7000-bingo-crush\/","title":{"rendered":"RandM Tornado 7000 Bingo Crush"},"content":{"rendered":"<h2 class=\"text-xl font-bold text-text-100 mt-1 -mb-0.5\">RandM Tornado 7000 Bingo Crush S\u00f8d gaming-inspiration Vape<\/h2>\n<p class=\"whitespace-normal break-words\">Oplev legende s\u00f8dme med RandM Tornado 7000 Bingo Crush. Denne legesyge smagskreation kombinerer farverige slikaromaer og tilbyder 7000 sjove tr\u00e6k fra en 14 ml beholder med nikotinvariationer fra 0% til 5%.<\/p>\n<h3 class=\"text-lg font-bold text-text-100 mt-1 -mb-1.5\">Bingo Crush Candy-eventyr:<\/h3>\n<p class=\"whitespace-normal break-words\">Bingo Crush tager dig med til en verden af farverige slik med en sp\u00e6ndende blanding af forskellige sliksmag. Denne legesyge smagskombination gengives pr\u00e6cist ved hj\u00e6lp af den innovative Mesh Coil-teknologi og skaber en autentisk nostalgisk slikoplevelse.<\/p>\n<p class=\"whitespace-normal break-words\">Det kraftfulde 850 mAh batteri med moderne Type-C-opladningsfunktion sikrer konstant tilg\u00e6ngelighed, mens den variable luftstr\u00f8mskontrol muligg\u00f8r perfekt personalisering. Denne tekniske ekspertise g\u00f8r hvert sug til en s\u00f8d forn\u00f8jelse.<\/p>\n<p class=\"whitespace-normal break-words\">Den brugervenlige Draw-to-Activate-funktion og det tiltalende design g\u00f8r denne e-cigaret til den perfekte ledsager for alle, der s\u00e6tter pris p\u00e5 s\u00f8de, legesyge smagsvarianter og moderne teknologi i lige h\u00f8j grad.<\/p>\n<h3 class=\"text-lg font-bold text-text-100 mt-1 -mb-1.5\">Bingo Crush Produktfunktioner:<\/h3>\n<p class=\"whitespace-normal break-words\">\u2611 Nikotinindhold: 0%, 2%, 3%, 5%<br \/>\n\u2611 V\u00e6skem\u00e6ngde: 14 ml<br \/>\n\u2611 Antal tr\u00e6k: 7000 pr. enhed<br \/>\n\u2611 Justerbar luftstr\u00f8m<br \/>\n\u2611 Type-C-opladning<br \/>\n\u2611 Integreret 850 mAh batteri<br \/>\n\u2611 Premium Mesh-Coil-konstruktion<\/p>\n<p class=\"whitespace-normal break-words\">Oplev vores komplette <strong><a class=\"underline\" href=\"https:\/\/vozolpuff.de\/da\/\">produktportef\u00f8lje<\/a><\/strong> eller udforsk den innovative <strong><a class=\"underline\" href=\"https:\/\/vozolpuff.de\/da\/product-category\/fumot-vape\/\">FUMOT VAPE Kategori<\/a><\/strong>. Hele den <strong><a class=\"underline\" href=\"https:\/\/vozolpuff.de\/da\/product-category\/fumot-vape\/randm-tornado-7000\/\">RandM Tornado 7000 smag verden<\/a><\/strong> venter p\u00e5 din opdagelsesrejse.<\/p>","protected":false},"excerpt":{"rendered":"<p class=\"whitespace-normal break-words\">RandM Tornado 7000 Bingo Crush engangs-vape tilbyder legesyge slikaromaer til et farverigt slikeventyr. 7000 sug, 14 ml e-v\u00e6ske, 850 mAh genopladeligt batteri med type C-opladning. Mesh-coil for autentisk sliknostalgi. F\u00e5s i 0%, 2%, 3% og 5% nikotin.<\/p>\n<p class=\"whitespace-normal break-words\">","protected":false},"featured_media":4049,"comment_status":"open","ping_status":"closed","template":"","meta":{"_acf_changed":false},"product_brand":[],"product_cat":[50],"product_tag":[],"class_list":{"0":"post-4046","1":"product","2":"type-product","3":"status-publish","4":"has-post-thumbnail","6":"product_cat-randm-tornado-7000","8":"first","9":"instock","10":"shipping-taxable","11":"purchasable","12":"product-type-variable"},"acf":[],"_links":{"self":[{"href":"https:\/\/vozolpuff.de\/da\/wp-json\/wp\/v2\/product\/4046","targetHints":{"allow":["GET"]}}],"collection":[{"href":"https:\/\/vozolpuff.de\/da\/wp-json\/wp\/v2\/product"}],"about":[{"href":"https:\/\/vozolpuff.de\/da\/wp-json\/wp\/v2\/types\/product"}],"replies":[{"embeddable":true,"href":"https:\/\/vozolpuff.de\/da\/wp-json\/wp\/v2\/comments?post=4046"}],"wp:featuredmedia":[{"embeddable":true,"href":"https:\/\/vozolpuff.de\/da\/wp-json\/wp\/v2\/media\/4049"}],"wp:attachment":[{"href":"https:\/\/vozolpuff.de\/da\/wp-json\/wp\/v2\/media?parent=4046"}],"wp:term":[{"taxonomy":"product_brand","embeddable":true,"href":"https:\/\/vozolpuff.de\/da\/wp-json\/wp\/v2\/product_brand?post=4046"},{"taxonomy":"product_cat","embeddable":true,"href":"https:\/\/vozolpuff.de\/da\/wp-json\/wp\/v2\/product_cat?post=4046"},{"taxonomy":"product_tag","embeddable":true,"href":"https:\/\/vozolpuff.de\/da\/wp-json\/wp\/v2\/product_tag?post=4046"}],"curies":[{"name":"wp","href":"https:\/\/api.w.org\/{rel}","templated":true}]}}