{"id":4308,"date":"2025-09-12T04:33:47","date_gmt":"2025-09-12T02:33:47","guid":{"rendered":"https:\/\/vozolpuff.de\/?post_type=product&#038;p=4308"},"modified":"2025-09-29T12:51:20","modified_gmt":"2025-09-29T10:51:20","slug":"waspe-aiviou-60000-grape-ice-strawberry-candy-strawberry-raspberry-cherry","status":"publish","type":"product","link":"https:\/\/vozolpuff.de\/da\/vare\/waspe-aiviou-60000-grape-ice-strawberry-candy-strawberry-raspberry-cherry\/","title":{"rendered":"WASPE AIVIOU 60000 Drueis\/Erdb\u00e6rslik\/Erdb\u00e6r-Hindb\u00e6r-Kirseb\u00e6r"},"content":{"rendered":"<h2 class=\"text-xl font-bold text-text-100 mt-1 -mb-0.5\">WASPE AIVIOU 60000 Grape Ice\/Strawberry Candy\/Strawberry Raspberry Cherry engangs vape<\/h2>\n<p class=\"whitespace-normal break-words\">WASPE AIVIOU 60000 med Grape Ice, Strawberry Candy og Strawberry Raspberry Cherry kombinerer tre klassiske frugtsmage for autentisk dampgl\u00e6de. Med en imponerende kapacitet p\u00e5 60.000 pust, tre omskiftelige smagstilstande og justerbare nikotinniveauer fra 0% til 5% er denne f\u00f8rsteklasses engangscigaret baseret p\u00e5 gennempr\u00f8vet kvalitet. Den gener\u00f8se 54 ml e-v\u00e6sketank og det intelligente statusdisplay sikrer p\u00e5lidelig dampnydelse.<\/p>\n<h3 class=\"text-lg font-bold text-text-100 mt-1 -mb-1.5\">Klassisk frugtsmag<\/h3>\n<p class=\"whitespace-normal break-words\">Denne sofistikerede engangs e-cigaret giver dig mulighed for problemfrit at skifte mellem tre tidl\u00f8se smage: k\u00f8lig grape med en forfriskende finish, s\u00f8dt jordb\u00e6rslik og den harmoniske tredobbelte frugtblanding af jordb\u00e6r, hindb\u00e6r og kirseb\u00e6r. Hver smag er autentisk gengivet ved hj\u00e6lp af optimeret 0,9\u03a9 mesh-teknologi.<\/p>\n<p class=\"whitespace-normal break-words\">Det kraftige 650 mAh-batteri med Type-C-hurtigopladningsfunktion garanterer konstant ydeevne for alle klassiske smagsvarianter. Det digitale display overv\u00e5ger pr\u00e6cist batteriets levetid og fyldningsniveauet i alle tre smagsbeholdere.<\/p>\n<h3 class=\"text-lg font-bold text-text-100 mt-1 -mb-1.5\">Oplev mere WASPE VAPE p\u00e5 vozolpuff<\/h3>\n<p class=\"whitespace-normal break-words\">Find flere afpr\u00f8vede og testede vape-produkter i vores <strong><a class=\"underline\" href=\"https:\/\/vozolpuff.de\/da\/\">Butik med dampapparater<\/a><\/strong>udforske <strong><a class=\"underline\" href=\"https:\/\/vozolpuff.de\/da\/product-category\/waspe-vape\/\">WASPE VAPE produktfamilie<\/a><\/strong> eller v\u00e6lg mellem alle <strong><a class=\"underline\" href=\"https:\/\/vozolpuff.de\/da\/product-category\/waspe-vape\/waspe-aiviou-60000\/\">WASPE AIVIOU 60000 smagsprofiler<\/a><\/strong>.<\/p>","protected":false},"excerpt":{"rendered":"<div>\n<div class=\"grid-cols-1 grid gap-2.5 [&amp;_&gt;_*]:min-w-0 !gap-3.5\">\n<p class=\"whitespace-normal break-words\">Die WASPE AIVIOU 60000 Grape Ice\/Strawberry Candy\/Strawberry Raspberry Cherry Einweg-Vape kombiniert drei klassische Fruchtaromen. 60.000 Z\u00fcge, schaltbare Modi, 54ml Tank, 0-5% Nikotin und 650mAh Akku f\u00fcr authentischen Genuss.<\/p>\n<\/div>\n<\/div>\n<div class=\"h-8\"><\/div>\n","protected":false},"featured_media":4310,"comment_status":"open","ping_status":"closed","template":"","meta":{"_acf_changed":false},"product_brand":[],"product_cat":[53],"product_tag":[],"class_list":{"0":"post-4308","1":"product","2":"type-product","3":"status-publish","4":"has-post-thumbnail","6":"product_cat-waspe-aiviou-60000","8":"first","9":"instock","10":"shipping-taxable","11":"purchasable","12":"product-type-variable"},"acf":[],"_links":{"self":[{"href":"https:\/\/vozolpuff.de\/da\/wp-json\/wp\/v2\/product\/4308","targetHints":{"allow":["GET"]}}],"collection":[{"href":"https:\/\/vozolpuff.de\/da\/wp-json\/wp\/v2\/product"}],"about":[{"href":"https:\/\/vozolpuff.de\/da\/wp-json\/wp\/v2\/types\/product"}],"replies":[{"embeddable":true,"href":"https:\/\/vozolpuff.de\/da\/wp-json\/wp\/v2\/comments?post=4308"}],"wp:featuredmedia":[{"embeddable":true,"href":"https:\/\/vozolpuff.de\/da\/wp-json\/wp\/v2\/media\/4310"}],"wp:attachment":[{"href":"https:\/\/vozolpuff.de\/da\/wp-json\/wp\/v2\/media?parent=4308"}],"wp:term":[{"taxonomy":"product_brand","embeddable":true,"href":"https:\/\/vozolpuff.de\/da\/wp-json\/wp\/v2\/product_brand?post=4308"},{"taxonomy":"product_cat","embeddable":true,"href":"https:\/\/vozolpuff.de\/da\/wp-json\/wp\/v2\/product_cat?post=4308"},{"taxonomy":"product_tag","embeddable":true,"href":"https:\/\/vozolpuff.de\/da\/wp-json\/wp\/v2\/product_tag?post=4308"}],"curies":[{"name":"wp","href":"https:\/\/api.w.org\/{rel}","templated":true}]}}