{"id":4324,"date":"2025-09-12T04:39:19","date_gmt":"2025-09-12T02:39:19","guid":{"rendered":"https:\/\/vozolpuff.de\/?post_type=product&#038;p=4324"},"modified":"2025-09-29T12:50:56","modified_gmt":"2025-09-29T10:50:56","slug":"waspe-aiviou-60000-cherry-cola-ice-strawberry-cola-cola-ice","status":"publish","type":"product","link":"https:\/\/vozolpuff.de\/da\/vare\/waspe-aiviou-60000-cherry-cola-ice-strawberry-cola-cola-ice\/","title":{"rendered":"WASPE AIVIOU 60000 Cherry Cola Ice\/Erdb\u00e6r Cola\/Cola Ice"},"content":{"rendered":"<h2 class=\"text-xl font-bold text-text-100 mt-1 -mb-0.5\">WASPE AIVIOU 60000 Cherry Cola Ice\/Strawberry Cola\/Cola Ice Engangs-vape<\/h2>\n<p class=\"whitespace-normal break-words\">WASPE AIVIOU 60000 med Cherry Cola Ice, Strawberry Cola og Cola Ice tilbyder tre forfriskende cola-varianter for en unik dampoplevelse. Med en kapacitet p\u00e5 60.000 sug og tre omskiftelige aromamodi kombinerer denne innovative engangs-cigaret nostalgiske smagsvarianter med moderne teknologi i nikotin koncentrationer fra 0% til 5%. Den rummelige 54 ml e-v\u00e6ske beholder og det smarte digitale display sikrer langvarig nydelse.<\/p>\n<h3 class=\"text-lg font-bold text-text-100 mt-1 -mb-1.5\">Cola-smagsvariant<\/h3>\n<p class=\"whitespace-normal break-words\">Denne topmoderne engangs-e-cigaret giver dig mulighed for frit at skifte mellem tre cola-inspirerede profiler: klassisk kirseb\u00e6rcola med en k\u00f8lig finish, en frugtagtig kombination af jordb\u00e6r og cola samt ren cola med en forfriskende effekt. Hver smag gengives autentisk af specialiserede 0,9 \u03a9 mesh-fordampere og giver en nostalgisk damperfaring.<\/p>\n<p class=\"whitespace-normal break-words\">Det robuste 650 mAh batteri med Type-C hurtigopladningsteknologi sikrer p\u00e5lidelig ydeevne for alle Cola-varianter. Det intelligente display tilbyder overv\u00e5gning i realtid af batteriets levetid og fyldningsniveauet i hvert smagsreservoir.<\/p>\n<h3 class=\"text-lg font-bold text-text-100 mt-1 -mb-1.5\">Oplev mere WASPE VAPE p\u00e5 vozolpuff<\/h3>\n<p class=\"whitespace-normal break-words\">Bes\u00f8g vores <strong><a class=\"underline\" href=\"https:\/\/vozolpuff.de\/da\/\">Engangs-vape-specialforretning<\/a><\/strong> For flere nostalgiske produkter, se n\u00e6rmere p\u00e5 <strong><a class=\"underline\" href=\"https:\/\/vozolpuff.de\/da\/product-category\/waspe-vape\/\">WASPE VAPE-kollektionen<\/a><\/strong> eller opdag alt <strong><a class=\"underline\" href=\"https:\/\/vozolpuff.de\/da\/product-category\/waspe-vape\/waspe-aiviou-60000\/\">WASPE AIVIOU 60000 Smagsverdener<\/a><\/strong>.<\/p>","protected":false},"excerpt":{"rendered":"<div>\n<div class=\"grid-cols-1 grid gap-2.5 [&amp;_&gt;_*]:min-w-0 !gap-3.5\">\n<p class=\"whitespace-normal break-words\">Die WASPE AIVIOU 60000 Cherry Cola Ice\/Strawberry Cola\/Cola Ice Einweg-Vape bietet drei erfrischende Cola-Variationen. 60.000 Z\u00fcge, umschaltbare Aromamodi, 54ml Tank, 0-5% Nikotin und 650mAh Akku f\u00fcr nostalgischen Genuss.<\/p>\n<\/div>\n<\/div>\n<div class=\"h-8\"><\/div>\n","protected":false},"featured_media":4326,"comment_status":"open","ping_status":"closed","template":"","meta":{"_acf_changed":false},"product_brand":[],"product_cat":[53],"product_tag":[],"class_list":{"0":"post-4324","1":"product","2":"type-product","3":"status-publish","4":"has-post-thumbnail","6":"product_cat-waspe-aiviou-60000","8":"first","9":"instock","10":"shipping-taxable","11":"purchasable","12":"product-type-variable"},"acf":[],"_links":{"self":[{"href":"https:\/\/vozolpuff.de\/da\/wp-json\/wp\/v2\/product\/4324","targetHints":{"allow":["GET"]}}],"collection":[{"href":"https:\/\/vozolpuff.de\/da\/wp-json\/wp\/v2\/product"}],"about":[{"href":"https:\/\/vozolpuff.de\/da\/wp-json\/wp\/v2\/types\/product"}],"replies":[{"embeddable":true,"href":"https:\/\/vozolpuff.de\/da\/wp-json\/wp\/v2\/comments?post=4324"}],"wp:featuredmedia":[{"embeddable":true,"href":"https:\/\/vozolpuff.de\/da\/wp-json\/wp\/v2\/media\/4326"}],"wp:attachment":[{"href":"https:\/\/vozolpuff.de\/da\/wp-json\/wp\/v2\/media?parent=4324"}],"wp:term":[{"taxonomy":"product_brand","embeddable":true,"href":"https:\/\/vozolpuff.de\/da\/wp-json\/wp\/v2\/product_brand?post=4324"},{"taxonomy":"product_cat","embeddable":true,"href":"https:\/\/vozolpuff.de\/da\/wp-json\/wp\/v2\/product_cat?post=4324"},{"taxonomy":"product_tag","embeddable":true,"href":"https:\/\/vozolpuff.de\/da\/wp-json\/wp\/v2\/product_tag?post=4324"}],"curies":[{"name":"wp","href":"https:\/\/api.w.org\/{rel}","templated":true}]}}