{"id":592,"date":"2025-08-23T12:10:34","date_gmt":"2025-08-23T10:10:34","guid":{"rendered":"https:\/\/vozolpuff.de\/?post_type=product&#038;p=592"},"modified":"2026-01-15T11:59:54","modified_gmt":"2026-01-15T10:59:54","slug":"vozol-star-40000-vzbull","status":"publish","type":"product","link":"https:\/\/vozolpuff.de\/da\/vare\/vozol-star-40000-vzbull\/","title":{"rendered":"VOZOL STAR 40000 Vzbull"},"content":{"rendered":"<h2 class=\"text-xl font-bold text-text-100 mt-1 -mb-0.5\">VOZOL STAR 40000 Vzbull engangs vape<\/h2>\n<p class=\"whitespace-normal break-words\">Oplev energiens kraft med <strong>VOZOL STAR 40000 Vzbull<\/strong>. Denne kraftfulde engangs e-cigaret leverer den karakteristiske energidrik-smag for energisk dampnydelse med op til <strong>40.000 tog<\/strong>.<\/p>\n<h3 class=\"text-lg font-bold text-text-100 mt-1 -mb-1.5\">Energidrik Sensation<\/h3>\n<p class=\"whitespace-normal break-words\"><strong>Smag:<\/strong> Klassisk energidrik<br \/>\n<strong>Pr\u00e6stationer:<\/strong> Op til 40.000 tog<br \/>\n<strong>Batteri:<\/strong> 1000mAh str\u00f8mforsyningsbatteri<br \/>\n<strong>Nikotinstyrke:<\/strong> 50 mg\/ml<\/p>\n<p class=\"whitespace-normal break-words\">Den autentiske smag af energidrik v\u00e6kker minder om forfriskende \u00f8jeblikke. Det kraftige 1000 mAh-batteri matcher perfekt denne smags energiske karakter og leverer konstant str\u00f8m indtil sidste sug.<\/p>\n<h3 class=\"text-lg font-bold text-text-100 mt-1 -mb-1.5\">Forfriskende nydelse af damp<\/h3>\n<p class=\"whitespace-normal break-words\">Disse <strong>Vzbull engangs e-cigaret<\/strong> appellerer til alle dem, der elsker den umiskendelige energismag. Ideel til aktive dampere, der foretr\u00e6kker en velkendt og forfriskende smag.<\/p>\n<p class=\"whitespace-normal break-words\"><strong>Funktioner:<\/strong> Autentisk energidrik-karakter, stimulerende smag, enest\u00e5ende holdbarhed, brugervenlighed og gennempr\u00f8vede VOZOL-produktionsstandarder.<\/p>\n<p class=\"whitespace-normal break-words\">Gennemse vores <strong><a class=\"underline\" href=\"https:\/\/vozolpuff.de\/da\/\">Online vape-butik<\/a><\/strong>, opdag hele den <strong><a class=\"underline\" href=\"https:\/\/vozolpuff.de\/da\/product-category\/vozol-vape\/\">VOZOL VAPE-kollektionen<\/a><\/strong> eller v\u00e6lg fra den komplette <strong><a class=\"underline\" href=\"https:\/\/vozolpuff.de\/da\/product-category\/vozol-vape\/vozol-star-40000\/\">VOZOL Star 40000 palle<\/a><\/strong>.<\/p>","protected":false},"excerpt":{"rendered":"<p>VOZOL STAR 40000 Vzbull engangs vape leverer autentisk energidrik-smag til energisk dampnydelse. Denne kraftfulde engangs e-cigaret tilbyder op til 40.000 pust, 1000 mAh batteri og 50 mg\/ml nikotin. Opkvikkende energikarakter m\u00f8der langtidsholdbar ydeevne.<\/p>","protected":false},"featured_media":594,"comment_status":"open","ping_status":"closed","template":"","meta":{"_acf_changed":false},"product_brand":[],"product_cat":[29],"product_tag":[],"class_list":{"0":"post-592","1":"product","2":"type-product","3":"status-publish","4":"has-post-thumbnail","6":"product_cat-vozol-star-40000","8":"first","9":"instock","10":"shipping-taxable","11":"purchasable","12":"product-type-variable"},"acf":[],"_links":{"self":[{"href":"https:\/\/vozolpuff.de\/da\/wp-json\/wp\/v2\/product\/592","targetHints":{"allow":["GET"]}}],"collection":[{"href":"https:\/\/vozolpuff.de\/da\/wp-json\/wp\/v2\/product"}],"about":[{"href":"https:\/\/vozolpuff.de\/da\/wp-json\/wp\/v2\/types\/product"}],"replies":[{"embeddable":true,"href":"https:\/\/vozolpuff.de\/da\/wp-json\/wp\/v2\/comments?post=592"}],"wp:featuredmedia":[{"embeddable":true,"href":"https:\/\/vozolpuff.de\/da\/wp-json\/wp\/v2\/media\/594"}],"wp:attachment":[{"href":"https:\/\/vozolpuff.de\/da\/wp-json\/wp\/v2\/media?parent=592"}],"wp:term":[{"taxonomy":"product_brand","embeddable":true,"href":"https:\/\/vozolpuff.de\/da\/wp-json\/wp\/v2\/product_brand?post=592"},{"taxonomy":"product_cat","embeddable":true,"href":"https:\/\/vozolpuff.de\/da\/wp-json\/wp\/v2\/product_cat?post=592"},{"taxonomy":"product_tag","embeddable":true,"href":"https:\/\/vozolpuff.de\/da\/wp-json\/wp\/v2\/product_tag?post=592"}],"curies":[{"name":"wp","href":"https:\/\/api.w.org\/{rel}","templated":true}]}}