{"id":622,"date":"2025-08-23T12:25:19","date_gmt":"2025-08-23T10:25:19","guid":{"rendered":"https:\/\/vozolpuff.de\/?post_type=product&#038;p=622"},"modified":"2026-01-15T11:58:52","modified_gmt":"2026-01-15T10:58:52","slug":"vozol-star-40000-white-peach-raspberry","status":"publish","type":"product","link":"https:\/\/vozolpuff.de\/da\/vare\/vozol-star-40000-white-peach-raspberry\/","title":{"rendered":"VOZOL STAR 40000 Hvid fersken hindb\u00e6r"},"content":{"rendered":"<h2 class=\"text-xl font-bold text-text-100 mt-1 -mb-0.5\">VOZOL STAR 40000 Hvid fersken hindb\u00e6r Engangs-vape<\/h2>\n<p class=\"whitespace-normal break-words\">Fordyb dig i en verden af fine smagsoplevelser med <strong>VOZOL STAR 40000 Hvid fersken hindb\u00e6r<\/strong>. Denne sofistikerede engangs e-cigaret kombinerer delikat hvid fersken med frugtagtig hindb\u00e6r for en elegant dampoplevelse med op til <strong>40.000 tog<\/strong>.<\/p>\n<h3 class=\"text-lg font-bold text-text-100 mt-1 -mb-1.5\">\u00c6del frugtsammens\u00e6tning<\/h3>\n<p class=\"whitespace-normal break-words\"><strong>Smagsnuancer:<\/strong> Hvid fersken, hindb\u00e6r<br \/>\n<strong>Omfanget af tjenester:<\/strong> Op til 40.000 tog<br \/>\n<strong>K\u00f8r:<\/strong> 1000mAh premium batteri<br \/>\n<strong>nikotinkoncentration:<\/strong> 50 mg\/ml<\/p>\n<p class=\"whitespace-normal break-words\">Fl\u00f8jlsbl\u00f8d hvid fersken harmonerer elegant med den livlige syrlighed fra r\u00f8de hindb\u00e6r. Denne \u00e6dle kombination overf\u00f8res j\u00e6vnt og smagsm\u00e6ssigt korrekt takket v\u00e6re den p\u00e5lidelige batteriteknologi.<\/p>\n<h3 class=\"text-lg font-bold text-text-100 mt-1 -mb-1.5\">Elegant \u00f8jeblik af nydelse<\/h3>\n<p class=\"whitespace-normal break-words\">Disse <strong>White Peach Raspberry engangs e-cigaret<\/strong> appellerer til dampere med sans for fine smagssammens\u00e6tninger. Den subtile balance mellem s\u00f8dme og friskhed g\u00f8r hvert sug til et s\u00e6rligt \u00f8jeblik.<\/p>\n<p class=\"whitespace-normal break-words\"><strong>Egenskaber:<\/strong> \u00c6del smagsharmoni, subtil aromadybde, enest\u00e5ende levetid, intuitiv h\u00e5ndtering og f\u00f8rsteklasses VOZOL-forarbejdningsstandard.<\/p>\n<p class=\"whitespace-normal break-words\">Oplev vores <strong><a class=\"underline\" href=\"https:\/\/vozolpuff.de\/da\/\">Kvalitetssortiment<\/a><\/strong>fordyb dig i den <strong><a class=\"underline\" href=\"https:\/\/vozolpuff.de\/da\/product-category\/vozol-vape\/\">VOZOL VAPE Premium Verden<\/a><\/strong> eller udforsk den komplette <strong><a class=\"underline\" href=\"https:\/\/vozolpuff.de\/da\/product-category\/vozol-vape\/vozol-star-40000\/\">VOZOL Star 40000 smagssortiment<\/a><\/strong>.<\/p>","protected":false},"excerpt":{"rendered":"<p>VOZOL STAR 40000 White Peach Raspberry engangs vape kombinerer delikat hvid fersken med frugtagtig hindb\u00e6r for en sofistikeret harmoni af smag. Denne sofistikerede engangs e-cigaret tilbyder op til 40.000 pust, 1000mAh premium batteri og 50mg\/ml nikotin. Elegant frugtsammens\u00e6tning m\u00f8der subtil smagsdybde.<\/p>","protected":false},"featured_media":624,"comment_status":"open","ping_status":"closed","template":"","meta":{"_acf_changed":false},"product_brand":[],"product_cat":[29],"product_tag":[],"class_list":{"0":"post-622","1":"product","2":"type-product","3":"status-publish","4":"has-post-thumbnail","6":"product_cat-vozol-star-40000","8":"first","9":"instock","10":"shipping-taxable","11":"purchasable","12":"product-type-variable"},"acf":[],"_links":{"self":[{"href":"https:\/\/vozolpuff.de\/da\/wp-json\/wp\/v2\/product\/622","targetHints":{"allow":["GET"]}}],"collection":[{"href":"https:\/\/vozolpuff.de\/da\/wp-json\/wp\/v2\/product"}],"about":[{"href":"https:\/\/vozolpuff.de\/da\/wp-json\/wp\/v2\/types\/product"}],"replies":[{"embeddable":true,"href":"https:\/\/vozolpuff.de\/da\/wp-json\/wp\/v2\/comments?post=622"}],"wp:featuredmedia":[{"embeddable":true,"href":"https:\/\/vozolpuff.de\/da\/wp-json\/wp\/v2\/media\/624"}],"wp:attachment":[{"href":"https:\/\/vozolpuff.de\/da\/wp-json\/wp\/v2\/media?parent=622"}],"wp:term":[{"taxonomy":"product_brand","embeddable":true,"href":"https:\/\/vozolpuff.de\/da\/wp-json\/wp\/v2\/product_brand?post=622"},{"taxonomy":"product_cat","embeddable":true,"href":"https:\/\/vozolpuff.de\/da\/wp-json\/wp\/v2\/product_cat?post=622"},{"taxonomy":"product_tag","embeddable":true,"href":"https:\/\/vozolpuff.de\/da\/wp-json\/wp\/v2\/product_tag?post=622"}],"curies":[{"name":"wp","href":"https:\/\/api.w.org\/{rel}","templated":true}]}}