{"id":822,"date":"2025-08-24T10:16:25","date_gmt":"2025-08-24T08:16:25","guid":{"rendered":"https:\/\/vozolpuff.de\/?post_type=product&#038;p=822"},"modified":"2026-01-15T12:15:52","modified_gmt":"2026-01-15T11:15:52","slug":"vozol-vista-40000-melon-gum","status":"publish","type":"product","link":"https:\/\/vozolpuff.de\/da\/vare\/vozol-vista-40000-melon-gum\/","title":{"rendered":"Vozol Vista 40000 Melon Gum"},"content":{"rendered":"<h2 class=\"text-2xl font-bold mt-1 text-text-100\">Vozol Vista 40000 Melon Gum - E-cigaret<\/h2>\n<p class=\"whitespace-normal break-words\">Oplev den <strong>Vozol Vista 40000 Melon Gum<\/strong> - en legesyg genopladelig engangs-damp, der kombinerer s\u00f8d melon med en nostalgisk tyggegummismag. Denne innovative e-cigaret er udstyret med et kraftigt 1000 mAh-batteri og USB-C-turboopladning og giver mulighed for op til <strong>40.000 s\u00f8de og frugtagtige puffs<\/strong>. Det avancerede dual mesh coil-system med S.i.L.C-teknologi sikrer autentisk smagsoverf\u00f8rsel, mens wattkontrol p\u00e5 4 niveauer og dobbelt luftstr\u00f8mskontrol giver mulighed for individuelle justeringer.<\/p>\n<h3 class=\"text-xl font-bold text-text-100 mt-1 -mb-0.5\">Melon Gum Vista 40000 H\u00f8jdepunkter:<\/h3>\n<p class=\"whitespace-normal break-words\"><strong>Kraftigt litium-ion-batteri p\u00e5 1000 mAh:<\/strong> P\u00e5lidelig str\u00f8mforsyning med superhurtig Type-C-opladningsproces<\/p>\n<p class=\"whitespace-normal break-words\"><strong>Dual-flow tr\u00e6kstyring:<\/strong> Ubesv\u00e6ret skift mellem stramme MTL-pust og l\u00f8se dampoplevelser<\/p>\n<p class=\"whitespace-normal break-words\"><strong>Fire-trins effektmodulation:<\/strong> Pr\u00e6cis kontrol over dampm\u00e6ngden giver en autentisk oplevelse af melongummi<\/p>\n<p class=\"whitespace-normal break-words\"><strong>Komplet visning 270\u00b0 LED-gr\u00e6nseflade:<\/strong> Detaljeret visning af pustestatistik, batteriniveau og udgangstilstand<\/p>\n<p class=\"whitespace-normal break-words\"><strong>S.i.L.C Dual-Mesh-teknologi:<\/strong> Avanceret spolearkitektur for ensartet smag af melongummi<\/p>\n<p class=\"whitespace-normal break-words\"><strong>Smart Response LED-system:<\/strong> Elegante lysanimationer synkroniseret med hver eneste damphandling<\/p>\n<p class=\"whitespace-normal break-words\"><strong>Premium nikotinkoncentration 50 mg\/ml (5%):<\/strong> Optimal nikotinforsyning til kr\u00e6vende brugere<\/p>\n<h3 class=\"text-xl font-bold text-text-100 mt-1 -mb-0.5\">Oplev mere VOZOL VAPE p\u00e5 vozolpuff<\/h3>\n<p class=\"whitespace-normal break-words\">K\u00f8b Vozol Vista 40000 Melon Gum hos Tysklands f\u00f8rende vape-butik. Bes\u00f8g vores <a class=\"underline\" href=\"https:\/\/vozolpuff.de\/da\/\"><strong>Hjemmeside<\/strong><\/a> for flere premium-produkter, opdag det komplette <a class=\"underline\" href=\"https:\/\/vozolpuff.de\/da\/product-category\/vozol-vape\/\"><strong>VOZOL VAPE<\/strong><\/a> samling eller gennemse alle <a class=\"underline\" href=\"https:\/\/vozolpuff.de\/da\/product-category\/vozol-vape\/vozol-vista-40000\/\"><strong>Vozol Vista 40000<\/strong><\/a> Smagsvarianter.<\/p>","protected":false},"excerpt":{"rendered":"<p>Den <strong>Vozol Vista 40000 Melon Gum e-cigaret<\/strong> Kombinerer s\u00f8d melon med en nostalgisk tyggegummismag og giver op til 40.000 s\u00f8de og frugtagtige pust. Med kraftigt 1000 mAh-batteri, USB-C-turboopladning og S.i.L.C-teknologi med dobbeltmasker. 4-niveau wattkontrol, dobbelt luftstr\u00f8mskontrol og 270\u00b0 LED-interface. Nikotinkoncentration: 50 mg\/ml (5%).<\/p>","protected":false},"featured_media":825,"comment_status":"open","ping_status":"closed","template":"","meta":{"_acf_changed":false},"product_brand":[],"product_cat":[31],"product_tag":[],"class_list":{"0":"post-822","1":"product","2":"type-product","3":"status-publish","4":"has-post-thumbnail","6":"product_cat-vozol-vista-40000","8":"first","9":"instock","10":"shipping-taxable","11":"purchasable","12":"product-type-variable"},"acf":[],"_links":{"self":[{"href":"https:\/\/vozolpuff.de\/da\/wp-json\/wp\/v2\/product\/822","targetHints":{"allow":["GET"]}}],"collection":[{"href":"https:\/\/vozolpuff.de\/da\/wp-json\/wp\/v2\/product"}],"about":[{"href":"https:\/\/vozolpuff.de\/da\/wp-json\/wp\/v2\/types\/product"}],"replies":[{"embeddable":true,"href":"https:\/\/vozolpuff.de\/da\/wp-json\/wp\/v2\/comments?post=822"}],"wp:featuredmedia":[{"embeddable":true,"href":"https:\/\/vozolpuff.de\/da\/wp-json\/wp\/v2\/media\/825"}],"wp:attachment":[{"href":"https:\/\/vozolpuff.de\/da\/wp-json\/wp\/v2\/media?parent=822"}],"wp:term":[{"taxonomy":"product_brand","embeddable":true,"href":"https:\/\/vozolpuff.de\/da\/wp-json\/wp\/v2\/product_brand?post=822"},{"taxonomy":"product_cat","embeddable":true,"href":"https:\/\/vozolpuff.de\/da\/wp-json\/wp\/v2\/product_cat?post=822"},{"taxonomy":"product_tag","embeddable":true,"href":"https:\/\/vozolpuff.de\/da\/wp-json\/wp\/v2\/product_tag?post=822"}],"curies":[{"name":"wp","href":"https:\/\/api.w.org\/{rel}","templated":true}]}}