{"id":862,"date":"2025-08-24T10:40:11","date_gmt":"2025-08-24T08:40:11","guid":{"rendered":"https:\/\/vozolpuff.de\/?post_type=product&#038;p=862"},"modified":"2026-01-15T12:14:12","modified_gmt":"2026-01-15T11:14:12","slug":"vozol-vista-40000-watermelon-bubble-gum","status":"publish","type":"product","link":"https:\/\/vozolpuff.de\/da\/vare\/vozol-vista-40000-watermelon-bubble-gum\/","title":{"rendered":"Vozol Vista 40000 Vandmelon tyggegummi"},"content":{"rendered":"<h2 class=\"text-2xl font-bold mt-1 text-text-100\">Vozol Vista 40000 Vandmelon Bubble Gum Engangs-vape<\/h2>\n<p class=\"whitespace-normal break-words\">Oplev den <strong>Vozol Vista 40000 Vandmelon tyggegummi<\/strong> - en legende genopladelig engangsdamper, der kombinerer forfriskende vandmelon med en nostalgisk tyggegummismag for at skabe en unik dampoplevelse. Udstyret med et p\u00e5lideligt 1000 mAh batteri og USB-C-turboopladning giver denne f\u00f8rsteklasses e-cigaret mulighed for op til <strong>40.000 s\u00f8de og forfriskende puffs<\/strong>. Det avancerede dual mesh coil-system med S.i.L.C-teknologi sikrer autentisk smagsoverf\u00f8rsel, mens wattkontrol p\u00e5 4 niveauer og dobbelt luftstr\u00f8mskontrol giver mulighed for individuelle justeringer.<\/p>\n<h3 class=\"text-xl font-bold text-text-100 mt-1 -mb-0.5\">Vandmelon Bubble Gum Vista 40000 Funktioner:<\/h3>\n<p class=\"whitespace-normal break-words\"><strong>Kraftigt litium-ion-batteri p\u00e5 1000 mAh:<\/strong> P\u00e5lidelig str\u00f8mforsyning med superhurtig Type-C-opladningsproces<\/p>\n<p class=\"whitespace-normal break-words\"><strong>Dual-flow tr\u00e6kstyring:<\/strong> Ubesv\u00e6ret skift mellem stramme MTL-pust og l\u00f8se dampoplevelser<\/p>\n<p class=\"whitespace-normal break-words\"><strong>Fire-trins effektmodulation:<\/strong> Pr\u00e6cis kontrol over dampm\u00e6ngden giver en autentisk oplevelse af vandmelon og tyggegummi.<\/p>\n<p class=\"whitespace-normal break-words\"><strong>Komplet visning 270\u00b0 LED-gr\u00e6nseflade:<\/strong> Detaljeret visning af pustestatistik, batteriniveau og udgangstilstand<\/p>\n<p class=\"whitespace-normal break-words\"><strong>S.i.L.C Dual-Mesh System:<\/strong> Avanceret coil-arkitektur giver ensartet smag af vandmelon og tyggegummi<\/p>\n<p class=\"whitespace-normal break-words\"><strong>Smart-responsiv LED-belysning:<\/strong> Elegante lyseffekter synkroniseret med hver eneste dampbev\u00e6gelse<\/p>\n<p class=\"whitespace-normal break-words\"><strong>Premium nikotinniveau 50 mg\/ml (5%):<\/strong> Optimal nikotinforsyning til kr\u00e6vende brugere<\/p>\n<h3 class=\"text-xl font-bold text-text-100 mt-1 -mb-0.5\">Oplev mere VOZOL VAPE p\u00e5 vozolpuff<\/h3>\n<p class=\"whitespace-normal break-words\">K\u00f8b Vozol Vista 40000 Watermelon Bubble Gum hos Tysklands f\u00f8rende vape-butik. Bes\u00f8g vores <a class=\"underline\" href=\"https:\/\/vozolpuff.de\/da\/\"><strong>Hjemmeside<\/strong><\/a> for flere premium-produkter, opdag det komplette <a class=\"underline\" href=\"https:\/\/vozolpuff.de\/da\/product-category\/vozol-vape\/\"><strong>VOZOL VAPE<\/strong><\/a> samling eller gennemse alle <a class=\"underline\" href=\"https:\/\/vozolpuff.de\/da\/product-category\/vozol-vape\/vozol-vista-40000\/\"><strong>Vozol Vista 40000<\/strong><\/a> Smagsvarianter.<\/p>","protected":false},"excerpt":{"rendered":"<p>Den <strong>Vozol Vista 40000 Vandmelon Bubble Gum Engangs-vape<\/strong> kombinerer forfriskende vandmelon med en nostalgisk tyggegummismag for at skabe en unik dampoplevelse i op til 40.000 s\u00f8de og forfriskende pust. Med p\u00e5lideligt 1000 mAh-batteri, USB-C-turboopladning og S.i.L.C-teknologi med dobbeltmasker. 4-niveau wattkontrol, dobbelt luftstr\u00f8mskontrol og 270\u00b0 LED-interface. Nikotinniveau: 50 mg\/ml (5%).<\/p>","protected":false},"featured_media":865,"comment_status":"open","ping_status":"closed","template":"","meta":{"_acf_changed":false},"product_brand":[],"product_cat":[31],"product_tag":[],"class_list":{"0":"post-862","1":"product","2":"type-product","3":"status-publish","4":"has-post-thumbnail","6":"product_cat-vozol-vista-40000","8":"first","9":"instock","10":"shipping-taxable","11":"purchasable","12":"product-type-variable"},"acf":[],"_links":{"self":[{"href":"https:\/\/vozolpuff.de\/da\/wp-json\/wp\/v2\/product\/862","targetHints":{"allow":["GET"]}}],"collection":[{"href":"https:\/\/vozolpuff.de\/da\/wp-json\/wp\/v2\/product"}],"about":[{"href":"https:\/\/vozolpuff.de\/da\/wp-json\/wp\/v2\/types\/product"}],"replies":[{"embeddable":true,"href":"https:\/\/vozolpuff.de\/da\/wp-json\/wp\/v2\/comments?post=862"}],"wp:featuredmedia":[{"embeddable":true,"href":"https:\/\/vozolpuff.de\/da\/wp-json\/wp\/v2\/media\/865"}],"wp:attachment":[{"href":"https:\/\/vozolpuff.de\/da\/wp-json\/wp\/v2\/media?parent=862"}],"wp:term":[{"taxonomy":"product_brand","embeddable":true,"href":"https:\/\/vozolpuff.de\/da\/wp-json\/wp\/v2\/product_brand?post=862"},{"taxonomy":"product_cat","embeddable":true,"href":"https:\/\/vozolpuff.de\/da\/wp-json\/wp\/v2\/product_cat?post=862"},{"taxonomy":"product_tag","embeddable":true,"href":"https:\/\/vozolpuff.de\/da\/wp-json\/wp\/v2\/product_tag?post=862"}],"curies":[{"name":"wp","href":"https:\/\/api.w.org\/{rel}","templated":true}]}}