{"id":867,"date":"2025-08-24T10:43:10","date_gmt":"2025-08-24T08:43:10","guid":{"rendered":"https:\/\/vozolpuff.de\/?post_type=product&#038;p=867"},"modified":"2026-01-15T12:13:59","modified_gmt":"2026-01-15T11:13:59","slug":"vozol-vista-40000-watermelon-ice","status":"publish","type":"product","link":"https:\/\/vozolpuff.de\/da\/vare\/vozol-vista-40000-watermelon-ice\/","title":{"rendered":"Vozol Vista 40000 Vandmelon-is"},"content":{"rendered":"<h2 class=\"text-2xl font-bold mt-1 text-text-100\">Vozol Vista 40000 Watermelon Ice engangs vape<\/h2>\n<p class=\"whitespace-normal break-words\">Den <strong>Vozol Vista 40000 Vandmelon-is<\/strong> giver den ultimative forfriskende oplevelse med en saftig vandmelonsmag og forfriskende afk\u00f8ling til perfekte sommerdage. Denne genopladelige engangs e-cigaret af h\u00f8j kvalitet er udstyret med et kraftigt 1000 mAh batteri og USB-C-hurtigopladningsfunktion. Oplev op til <strong>40.000 forfriskende frugtagtige puffs<\/strong> takket v\u00e6re den innovative dual mesh coil med S.i.L.C-teknologi, suppleret med 4-trins wattjustering og dobbelt luftstr\u00f8msregulering.<\/p>\n<h3 class=\"text-xl font-bold text-text-100 mt-1 -mb-0.5\">Vandmelon Ice Vista 40000 Funktioner:<\/h3>\n<p class=\"whitespace-normal break-words\"><strong>H\u00f8jtydende 1000 mAh batterisystem:<\/strong> Langvarig str\u00f8m med hurtig Type-C-opladning til kontinuerlig dampnydelse<\/p>\n<p class=\"whitespace-normal break-words\"><strong>Bi-level tr\u00e6kmodstand:<\/strong> Fleksibel overgang mellem intensive MTL-pust og mere afslappede inhalationer<\/p>\n<p class=\"whitespace-normal break-words\"><strong>Quattro-Watt-kontrol:<\/strong> Individuel dampintensitet for den perfekte Watermelon Ice-smagsoplevelse<\/p>\n<p class=\"whitespace-normal break-words\"><strong>LED-sk\u00e6rm med 270\u00b0 udsyn hele vejen rundt:<\/strong> Komplet information om togt\u00e6ller, batteristatus og driftstilstand<\/p>\n<p class=\"whitespace-normal break-words\"><strong>S.i.L.C Dual-Mesh-teknologi:<\/strong> Topmoderne spoleteknologi til ensartet nydelse af Watermelon Ice<\/p>\n<p class=\"whitespace-normal break-words\"><strong>Reaktive belysningsfunktioner:<\/strong> Attraktive LED-shows aktiveres ved hver brug<\/p>\n<p class=\"whitespace-normal break-words\"><strong>Standardiseret nikotinstyrke 50 mg\/ml (5%):<\/strong> Tilfredsstillende nikotinforsyning til regelm\u00e6ssige dampere<\/p>\n<h3 class=\"text-xl font-bold text-text-100 mt-1 -mb-0.5\">Oplev mere VOZOL VAPE p\u00e5 vozolpuff<\/h3>\n<p class=\"whitespace-normal break-words\">K\u00f8b Vozol Vista 40000 Watermelon Ice hos Tysklands f\u00f8rende vape-butik. Bes\u00f8g vores <a class=\"underline\" href=\"https:\/\/vozolpuff.de\/da\/\"><strong>Hjemmeside<\/strong><\/a> for flere premium-produkter, opdag det komplette <a class=\"underline\" href=\"https:\/\/vozolpuff.de\/da\/product-category\/vozol-vape\/\"><strong>VOZOL VAPE<\/strong><\/a> samling eller gennemse alle <a class=\"underline\" href=\"https:\/\/vozolpuff.de\/da\/product-category\/vozol-vape\/vozol-vista-40000\/\"><strong>Vozol Vista 40000<\/strong><\/a> Smagsvarianter.<\/p>","protected":false},"excerpt":{"rendered":"<p>Den <strong>Vozol Vista 40000 Watermelon Ice engangs vape<\/strong> giver den ultimative forfriskende oplevelse med en saftig vandmelonsmag og forfriskende afk\u00f8ling i op til 40.000 forfriskende frugtagtige pust. Med kraftigt 1000 mAh-batteri, USB-C-hurtigopladningsfunktion og S.i.L.C-teknologi med dobbeltmasker. 4-trins wattjustering, dobbelt luftstr\u00f8msregulering og 270\u00b0 LED-sk\u00e6rm. Nikotinstyrke: 50 mg\/ml (5%).<\/p>","protected":false},"featured_media":870,"comment_status":"open","ping_status":"closed","template":"","meta":{"_acf_changed":false},"product_brand":[],"product_cat":[31],"product_tag":[],"class_list":{"0":"post-867","1":"product","2":"type-product","3":"status-publish","4":"has-post-thumbnail","6":"product_cat-vozol-vista-40000","8":"first","9":"instock","10":"shipping-taxable","11":"purchasable","12":"product-type-variable"},"acf":[],"_links":{"self":[{"href":"https:\/\/vozolpuff.de\/da\/wp-json\/wp\/v2\/product\/867","targetHints":{"allow":["GET"]}}],"collection":[{"href":"https:\/\/vozolpuff.de\/da\/wp-json\/wp\/v2\/product"}],"about":[{"href":"https:\/\/vozolpuff.de\/da\/wp-json\/wp\/v2\/types\/product"}],"replies":[{"embeddable":true,"href":"https:\/\/vozolpuff.de\/da\/wp-json\/wp\/v2\/comments?post=867"}],"wp:featuredmedia":[{"embeddable":true,"href":"https:\/\/vozolpuff.de\/da\/wp-json\/wp\/v2\/media\/870"}],"wp:attachment":[{"href":"https:\/\/vozolpuff.de\/da\/wp-json\/wp\/v2\/media?parent=867"}],"wp:term":[{"taxonomy":"product_brand","embeddable":true,"href":"https:\/\/vozolpuff.de\/da\/wp-json\/wp\/v2\/product_brand?post=867"},{"taxonomy":"product_cat","embeddable":true,"href":"https:\/\/vozolpuff.de\/da\/wp-json\/wp\/v2\/product_cat?post=867"},{"taxonomy":"product_tag","embeddable":true,"href":"https:\/\/vozolpuff.de\/da\/wp-json\/wp\/v2\/product_tag?post=867"}],"curies":[{"name":"wp","href":"https:\/\/api.w.org\/{rel}","templated":true}]}}