{"id":898,"date":"2025-08-24T14:59:22","date_gmt":"2025-08-24T12:59:22","guid":{"rendered":"https:\/\/vozolpuff.de\/?post_type=product&#038;p=898"},"modified":"2026-01-15T11:55:29","modified_gmt":"2026-01-15T10:55:29","slug":"vozol-rave-40000-strawberry-ice","status":"publish","type":"product","link":"https:\/\/vozolpuff.de\/da\/vare\/vozol-rave-40000-strawberry-ice\/","title":{"rendered":"Vozol Rave 40000 Jordb\u00e6r-is"},"content":{"rendered":"<h2 class=\"text-xl font-bold text-text-100 mt-1 -mb-0.5\">Vozol Rave 40000 Strawberry Ice engangs e-cigaret<\/h2>\n<p class=\"whitespace-normal break-words\">Den <strong>VOZOL RAVE 40000 puffs jordb\u00e6ris til engangsbrug<\/strong> er en forn\u00f8jelse med den s\u00f8de smag af fuldmodne jordb\u00e6r og en forfriskende k\u00f8lig komponent. Med sin imponerende kapacitet p\u00e5 40.000 pust og sit kraftige 1000 mAh-batteri s\u00e6tter denne e-cigaret nye standarder i engangskategorien. Det innovative 3D-buede display med 270\u00b0 beat sensing og de fleksible driftstilstande giver en uforlignelig Strawberry Cool-smagsoplevelse.<\/p>\n<h3 class=\"text-lg font-bold text-text-100 mt-1 -mb-1.5\">VOZOL RAVE 40000 Strawberry Ice Properties:<\/h3>\n<p class=\"whitespace-normal break-words\"><strong>Flydende kapacitet:<\/strong> 20 ml Premium Strawberry Ice e-v\u00e6ske<br \/>\n<strong>Str\u00f8mkilde:<\/strong> 1000 mAh genopladeligt Li-Ion-batteri<br \/>\n<strong>Dampudgang:<\/strong> Op til 40.000 pust (Eco-tilstand) | 25.000 pust (Max-tilstand)<br \/>\n<strong>Indhold af nikotin:<\/strong> 5% (50 mg) til intensiv p\u00e5virkning af halsen<br \/>\n<strong>Spoleteknologi:<\/strong> High-end mesh-damper til rene smagsoplevelser<br \/>\n<strong>Luftstr\u00f8mssystem:<\/strong> Indstilling af variabel lufttilf\u00f8rsel<br \/>\n<strong>Sk\u00e6rmvisning:<\/strong> Intelligent display til overv\u00e5gning af status<br \/>\n<strong>Sensorens display:<\/strong> 270\u00b0 beat-responsiv teknologi<br \/>\n<strong>Vaping-tilstande:<\/strong> Gentle mode og Intense mode til r\u00e5dighed<br \/>\n<strong>Hardware:<\/strong> Dobbelte MCU-processorenheder fra S.i.L.C Tech<\/p>\n<h3 class=\"text-lg font-bold text-text-100 mt-1 -mb-1.5\">Oplev mere VOZOL VAPE p\u00e5 vozolpuff<\/h3>\n<p class=\"whitespace-normal break-words\">Oplev flere e-cigaretter af h\u00f8j kvalitet i vores <strong><a class=\"underline\" href=\"https:\/\/vozolpuff.de\/da\/\">Online butik<\/a><\/strong> eller udforsk den komplette <strong><a class=\"underline\" href=\"https:\/\/vozolpuff.de\/da\/product-category\/vozol-vape\/\">VOZOL VAPE produktsortiment<\/a><\/strong>. Du kan finde alle tilg\u00e6ngelige smagsvarianter i vores <strong><a class=\"underline\" href=\"https:\/\/vozolpuff.de\/da\/product-category\/vozol-vape\/vozol-rave-40000\/\">Vozol Rave 40000 kollektion<\/a><\/strong>.<\/p>","protected":false},"excerpt":{"rendered":"<p>Den <strong>VOZOL RAVE 40000 Strawberry Ice engangs e-cigaret<\/strong> med en s\u00f8d jordb\u00e6rsmag og en forfriskende k\u00f8lig komponent til op til 40.000 pust. Med 20 ml premium e-v\u00e6ske, 1000 mAh genopladeligt batteri og innovativ 3D-kurvet sk\u00e6rm med 270\u00b0 beat sensing. Fleksible driftstilstande, high-end mesh-damper og S.i.L.C Dual MCU-processor. Nikotinindhold: 5% (50 mg).<\/p>","protected":false},"featured_media":901,"comment_status":"open","ping_status":"closed","template":"","meta":{"_acf_changed":false},"product_brand":[],"product_cat":[32],"product_tag":[],"class_list":{"0":"post-898","1":"product","2":"type-product","3":"status-publish","4":"has-post-thumbnail","6":"product_cat-vozol-rave-40000","8":"first","9":"instock","10":"shipping-taxable","11":"purchasable","12":"product-type-variable"},"acf":[],"_links":{"self":[{"href":"https:\/\/vozolpuff.de\/da\/wp-json\/wp\/v2\/product\/898","targetHints":{"allow":["GET"]}}],"collection":[{"href":"https:\/\/vozolpuff.de\/da\/wp-json\/wp\/v2\/product"}],"about":[{"href":"https:\/\/vozolpuff.de\/da\/wp-json\/wp\/v2\/types\/product"}],"replies":[{"embeddable":true,"href":"https:\/\/vozolpuff.de\/da\/wp-json\/wp\/v2\/comments?post=898"}],"wp:featuredmedia":[{"embeddable":true,"href":"https:\/\/vozolpuff.de\/da\/wp-json\/wp\/v2\/media\/901"}],"wp:attachment":[{"href":"https:\/\/vozolpuff.de\/da\/wp-json\/wp\/v2\/media?parent=898"}],"wp:term":[{"taxonomy":"product_brand","embeddable":true,"href":"https:\/\/vozolpuff.de\/da\/wp-json\/wp\/v2\/product_brand?post=898"},{"taxonomy":"product_cat","embeddable":true,"href":"https:\/\/vozolpuff.de\/da\/wp-json\/wp\/v2\/product_cat?post=898"},{"taxonomy":"product_tag","embeddable":true,"href":"https:\/\/vozolpuff.de\/da\/wp-json\/wp\/v2\/product_tag?post=898"}],"curies":[{"name":"wp","href":"https:\/\/api.w.org\/{rel}","templated":true}]}}