{"id":938,"date":"2025-08-24T15:38:54","date_gmt":"2025-08-24T13:38:54","guid":{"rendered":"https:\/\/vozolpuff.de\/?post_type=product&#038;p=938"},"modified":"2026-01-15T11:53:38","modified_gmt":"2026-01-15T10:53:38","slug":"vozol-rave-40000-strawberry-mango","status":"publish","type":"product","link":"https:\/\/vozolpuff.de\/da\/vare\/vozol-rave-40000-strawberry-mango\/","title":{"rendered":"Vozol Rave 40000 Jordb\u00e6r Mango"},"content":{"rendered":"<h2 class=\"text-xl font-bold text-text-100 mt-1 -mb-0.5\">Vozol Rave 40000 Strawberry Mango engangs e-cigaret<\/h2>\n<p class=\"whitespace-normal break-words\">VOZOL RAVE 40000 Strawberry Mango kombinerer tropisk mangos\u00f8dme med saftige jordb\u00e6r for at skabe en uimodst\u00e5elig smagsoplevelse. Denne topmoderne engangsdamper imponerer med sine imponerende 40.000 pust og avancerede S.i.L.C-teknologi. 1000 mAh-batteriet med USB-C-opladningsfunktion sikrer p\u00e5lidelig ydeevne, mens det intelligente 270\u00b0 beat-sensing-display giver l\u00f8bende feedback. To forskellige damptilstande giver mulighed for tilpasning til dine pr\u00e6ferencer.<\/p>\n<h3 class=\"text-lg font-bold text-text-100 mt-1 -mb-1.5\">Specifikationer for Strawberry Mango Edition:<\/h3>\n<p class=\"whitespace-normal break-words\"><strong>Flydende kapacitet:<\/strong> 20 ml frugtagtig jordb\u00e6r-mango e-v\u00e6ske<br \/>\n<strong>Batteristr\u00f8m:<\/strong> 1000 mAh genopladelig med Type-C-forbindelse<br \/>\n<strong>Antal pust:<\/strong> Maksimalt 40.000 tr\u00e6k (normal) | 25.000 tr\u00e6k (intensiv tilstand)<br \/>\n<strong>Nikotinstyrke:<\/strong> 5% (50 mg) for et kraftigt halshit<br \/>\n<strong>Type fordamper:<\/strong> F\u00f8rsteklasses mesh-spiralteknologi<br \/>\n<strong>Modstandsdygtighed over for tr\u00e6k:<\/strong> Justerbar luftstr\u00f8mskontrol<br \/>\n<strong>Visningsfunktion:<\/strong> Digitalt batteri og flydende display<br \/>\n<strong>Sensorens display:<\/strong> 270\u00b0 beat-registrering med live feedback<br \/>\n<strong>Driftstilstande:<\/strong> Normal og oversp\u00e6ndingstilstand<br \/>\n<strong>processorenhed:<\/strong> Dobbelte MCU-chips fra S.i.L.C Tech<\/p>\n<h3 class=\"text-lg font-bold text-text-100 mt-1 -mb-1.5\">Oplev mere VOZOL VAPE p\u00e5 vozolpuff<\/h3>\n<p class=\"whitespace-normal break-words\">Oplev mere <strong><a class=\"underline\" href=\"https:\/\/vozolpuff.de\/da\/\">VOZOL-produkter<\/a><\/strong> i vores sortiment eller gennemse vores komplette udvalg af <strong><a class=\"underline\" href=\"https:\/\/vozolpuff.de\/da\/product-category\/vozol-vape\/\">VOZOL VAPE Kategori<\/a><\/strong>. Du kan finde alle tilg\u00e6ngelige smagsvarianter i vores <strong><a class=\"underline\" href=\"https:\/\/vozolpuff.de\/da\/product-category\/vozol-vape\/vozol-rave-40000\/\">Vozol Rave 40000 kollektion<\/a><\/strong>.<\/p>","protected":false},"excerpt":{"rendered":"<p>Den <strong>VOZOL RAVE 40000 Strawberry Mango engangs e-cigaret<\/strong> kombinerer tropisk mangos\u00f8dme med saftige jordb\u00e6r for at skabe en uimodst\u00e5elig smagsoplevelse i op til 40.000 pust. Med 1000 mAh genopladeligt Type-C batteri, 20 ml frugtagtig e-v\u00e6ske og intelligent 270\u00b0 beat-sensing display. To damptilstande, premium mesh coil-teknologi og S.i.L.C Dual MCU-chips. Nikotinstyrke: 5% (50 mg).<\/p>","protected":false},"featured_media":941,"comment_status":"open","ping_status":"closed","template":"","meta":{"_acf_changed":false},"product_brand":[],"product_cat":[32],"product_tag":[],"class_list":{"0":"post-938","1":"product","2":"type-product","3":"status-publish","4":"has-post-thumbnail","6":"product_cat-vozol-rave-40000","8":"first","9":"instock","10":"shipping-taxable","11":"purchasable","12":"product-type-variable"},"acf":[],"_links":{"self":[{"href":"https:\/\/vozolpuff.de\/da\/wp-json\/wp\/v2\/product\/938","targetHints":{"allow":["GET"]}}],"collection":[{"href":"https:\/\/vozolpuff.de\/da\/wp-json\/wp\/v2\/product"}],"about":[{"href":"https:\/\/vozolpuff.de\/da\/wp-json\/wp\/v2\/types\/product"}],"replies":[{"embeddable":true,"href":"https:\/\/vozolpuff.de\/da\/wp-json\/wp\/v2\/comments?post=938"}],"wp:featuredmedia":[{"embeddable":true,"href":"https:\/\/vozolpuff.de\/da\/wp-json\/wp\/v2\/media\/941"}],"wp:attachment":[{"href":"https:\/\/vozolpuff.de\/da\/wp-json\/wp\/v2\/media?parent=938"}],"wp:term":[{"taxonomy":"product_brand","embeddable":true,"href":"https:\/\/vozolpuff.de\/da\/wp-json\/wp\/v2\/product_brand?post=938"},{"taxonomy":"product_cat","embeddable":true,"href":"https:\/\/vozolpuff.de\/da\/wp-json\/wp\/v2\/product_cat?post=938"},{"taxonomy":"product_tag","embeddable":true,"href":"https:\/\/vozolpuff.de\/da\/wp-json\/wp\/v2\/product_tag?post=938"}],"curies":[{"name":"wp","href":"https:\/\/api.w.org\/{rel}","templated":true}]}}