{"id":2227,"date":"2025-08-28T17:25:11","date_gmt":"2025-08-28T15:25:11","guid":{"rendered":"https:\/\/vozolpuff.de\/?post_type=product&#038;p=2227"},"modified":"2025-08-28T17:25:11","modified_gmt":"2025-08-28T15:25:11","slug":"randm-tornado-15000-strawberry-kiwi","status":"publish","type":"product","link":"https:\/\/vozolpuff.de\/en\/product\/randm-tornado-15000-strawberry-kiwi\/","title":{"rendered":"RandM Tornado 15000 Strawberry Kiwi"},"content":{"rendered":"<h2 class=\"text-xl font-bold text-text-100 mt-1 -mb-0.5\">RandM Tornado 15000 Strawberry Kiwi disposable vape<\/h2>\n<p class=\"whitespace-normal break-words\">Seduce your taste buds with the harmonious combination of red strawberries and tart kiwis in the RandM Tornado 15000 Strawberry Kiwi. This fruity disposable e-cigarette combines sweetness and acidity to create a balanced flavour experience. With 15,000 puffs and 25 ml capacity, available in 0%, 2%, 3% and 5% nicotine.<\/p>\n<h3 class=\"text-lg font-bold text-text-100 mt-1 -mb-1.5\">Strawberry Kiwi Product properties:<\/h3>\n<p class=\"whitespace-normal break-words\"><strong>Robust 850mAh energy storage:<\/strong> Reliable power source ensures continuous steam production and preserves the freshness of the fruit flavours over the entire period of use.<\/p>\n<p class=\"whitespace-normal break-words\"><strong>Spacious 25 ML liquid tank:<\/strong> Generously sized reservoir allows for extensive fruit enjoyment sessions without disruptive breaks or service requirements.<\/p>\n<p class=\"whitespace-normal break-words\"><strong>Flavour-enhancing 0.90\u03a9 mesh coil:<\/strong> Precisely calibrated vaporisation technology enhances the natural Strawberry Kiwi notes and provides authentic flavour experiences.<\/p>\n<p class=\"whitespace-normal break-words\"><strong>High-speed Type-C interface:<\/strong> Advanced charging technology reduces downtimes to a minimum and optimises the available enjoyment time.<\/p>\n<p class=\"whitespace-normal break-words\"><strong>Phenomenal 15,000 puffs of power:<\/strong> Exceptional capacity for long-lasting fruit enjoyment without compromising on flavour purity or vapour quality.<\/p>\n<p class=\"whitespace-normal break-words\"><strong>Bright RGB technology:<\/strong> Dynamic colour effects create a lively vaping experience and provide precise information about all device statuses.<\/p>\n<h3 class=\"text-lg font-bold text-text-100 mt-1 -mb-1.5\">Discover more FUMOT VAPE at vozolpuff<\/h3>\n<p class=\"whitespace-normal break-words\">Discover more first-class vapour products in our <strong><a class=\"underline\" href=\"https:\/\/vozolpuff.de\/en\/\">Main assortment<\/a><\/strong>, explore the complete <strong><a class=\"underline\" href=\"https:\/\/vozolpuff.de\/en\/product-category\/fumot-vape\/\">FUMOT VAPE Collection<\/a><\/strong> or browse through all available <strong><a class=\"underline\" href=\"https:\/\/vozolpuff.de\/en\/product-category\/fumot-vape\/randm-tornado-15000\/\">RandM Tornado 15000 flavours<\/a><\/strong> for your perfect vapour experience.<\/p>","protected":false},"excerpt":{"rendered":"<div>\n<div class=\"grid-cols-1 grid gap-2.5 [&amp;_&gt;_*]:min-w-0 !gap-3.5\">\n<p class=\"whitespace-normal break-words\">Die RandM Tornado 15000 Strawberry Kiwi Einweg-Vape vereint s\u00fc\u00dfe Erdbeeren mit s\u00e4uerlichen Kiwis zu einem ausgewogenen Geschmackserlebnis. Mit 15.000 Z\u00fcgen, 25ml Tank, 850mAh Akku und RGB-Beleuchtung. Erh\u00e4ltlich in 0%, 2%, 3% und 5% Nikotin.<\/p>\n<\/div>\n<\/div>\n<div class=\"h-8\"><\/div>\n","protected":false},"featured_media":2230,"comment_status":"open","ping_status":"closed","template":"","meta":{"_acf_changed":false},"product_brand":[],"product_cat":[44],"product_tag":[],"class_list":{"0":"post-2227","1":"product","2":"type-product","3":"status-publish","4":"has-post-thumbnail","6":"product_cat-randm-tornado-15000","8":"first","9":"instock","10":"shipping-taxable","11":"purchasable","12":"product-type-variable"},"acf":[],"_links":{"self":[{"href":"https:\/\/vozolpuff.de\/en\/wp-json\/wp\/v2\/product\/2227","targetHints":{"allow":["GET"]}}],"collection":[{"href":"https:\/\/vozolpuff.de\/en\/wp-json\/wp\/v2\/product"}],"about":[{"href":"https:\/\/vozolpuff.de\/en\/wp-json\/wp\/v2\/types\/product"}],"replies":[{"embeddable":true,"href":"https:\/\/vozolpuff.de\/en\/wp-json\/wp\/v2\/comments?post=2227"}],"wp:featuredmedia":[{"embeddable":true,"href":"https:\/\/vozolpuff.de\/en\/wp-json\/wp\/v2\/media\/2230"}],"wp:attachment":[{"href":"https:\/\/vozolpuff.de\/en\/wp-json\/wp\/v2\/media?parent=2227"}],"wp:term":[{"taxonomy":"product_brand","embeddable":true,"href":"https:\/\/vozolpuff.de\/en\/wp-json\/wp\/v2\/product_brand?post=2227"},{"taxonomy":"product_cat","embeddable":true,"href":"https:\/\/vozolpuff.de\/en\/wp-json\/wp\/v2\/product_cat?post=2227"},{"taxonomy":"product_tag","embeddable":true,"href":"https:\/\/vozolpuff.de\/en\/wp-json\/wp\/v2\/product_tag?post=2227"}],"curies":[{"name":"wp","href":"https:\/\/api.w.org\/{rel}","templated":true}]}}