{"id":2277,"date":"2025-08-28T17:47:38","date_gmt":"2025-08-28T15:47:38","guid":{"rendered":"https:\/\/vozolpuff.de\/?post_type=product&#038;p=2277"},"modified":"2025-08-28T17:47:39","modified_gmt":"2025-08-28T15:47:39","slug":"randm-tornado-15000-apple-peach-pear","status":"publish","type":"product","link":"https:\/\/vozolpuff.de\/en\/product\/randm-tornado-15000-apple-peach-pear\/","title":{"rendered":"RandM Tornado 15000 Apple Peach Pear"},"content":{"rendered":"<h2 class=\"text-xl font-bold text-text-100 mt-1 -mb-0.5\">RandM Tornado 15000 Apple Peach Pear disposable vape<\/h2>\n<p class=\"whitespace-normal break-words\">Indulge yourself with the harmonious trio of crisp apples, juicy peaches and sweet pears in the RandM Tornado 15000 Apple Peach Pear. This balanced fruit composition offers a natural and refreshing vapour experience. With 15,000 puffs and 25 ml tank capacity, available in 0%, 2%, 3% and 5% nicotine strengths.<\/p>\n<h3 class=\"text-lg font-bold text-text-100 mt-1 -mb-1.5\">Apple Peach Pear Product specifications:<\/h3>\n<p class=\"whitespace-normal break-words\"><strong>Powerful 850mAh orchard battery:<\/strong> Robust energy source keeps the natural fruit flavours fresh and ensures continuous performance for the entire orchard experience.<\/p>\n<p class=\"whitespace-normal break-words\"><strong>Extensive 25 ML fruit store:<\/strong> Generous tank dimensions enable intensive orchard tours without interrupting the authentic enjoyment of the fruit.<\/p>\n<p class=\"whitespace-normal break-words\"><strong>Fruit-optimising 0.90\u03a9 mesh coil:<\/strong> Precision vaporisation technology extracts the characteristic notes of all three fruits and creates a perfect orchard symphony.<\/p>\n<p class=\"whitespace-normal break-words\"><strong>Speed Type-C fruit loader:<\/strong> State-of-the-art charging technology minimises waiting times and maximises the time for natural fruit enjoyment.<\/p>\n<p class=\"whitespace-normal break-words\"><strong>Outstanding 15,000 puffs of fruit power:<\/strong> Remarkable endurance for long-term orchard visits without compromising on freshness or flavour variety.<\/p>\n<p class=\"whitespace-normal break-words\"><strong>Orchard RGB lighting:<\/strong> The natural play of colours is reminiscent of sunny orchards and serves as a reliable function monitor.<\/p>\n<h3 class=\"text-lg font-bold text-text-100 mt-1 -mb-1.5\">Discover more FUMOT VAPE at vozolpuff<\/h3>\n<p class=\"whitespace-normal break-words\">Discover more first-class vapour products in our <strong><a class=\"underline\" href=\"https:\/\/vozolpuff.de\/en\/\">Main assortment<\/a><\/strong>, explore the complete <strong><a class=\"underline\" href=\"https:\/\/vozolpuff.de\/en\/product-category\/fumot-vape\/\">FUMOT VAPE Collection<\/a><\/strong> or browse through all available <strong><a class=\"underline\" href=\"https:\/\/vozolpuff.de\/en\/product-category\/fumot-vape\/randm-tornado-15000\/\">RandM Tornado 15000 flavours<\/a><\/strong> for your perfect vapour experience.<\/p>","protected":false},"excerpt":{"rendered":"<div>\n<div class=\"grid-cols-1 grid gap-2.5 [&amp;_&gt;_*]:min-w-0 !gap-3.5\">\n<p class=\"whitespace-normal break-words\">Die RandM Tornado 15000 Apple Peach Pear Einweg-Vape vereint knackige \u00c4pfel, saftige Pfirsiche und s\u00fc\u00dfe Birnen zu einer harmonischen Fruchtkomposition. Mit 15.000 Z\u00fcgen, 25ml Tank, 850mAh Akku und RGB-Beleuchtung f\u00fcr nat\u00fcrliches Dampferlebnis. Erh\u00e4ltlich in 0%, 2%, 3% und 5% Nikotin.<\/p>\n<\/div>\n<\/div>\n<div class=\"h-8\"><\/div>\n","protected":false},"featured_media":2284,"comment_status":"open","ping_status":"closed","template":"","meta":{"_acf_changed":false},"product_brand":[],"product_cat":[44],"product_tag":[],"class_list":{"0":"post-2277","1":"product","2":"type-product","3":"status-publish","4":"has-post-thumbnail","6":"product_cat-randm-tornado-15000","8":"first","9":"instock","10":"shipping-taxable","11":"purchasable","12":"product-type-variable"},"acf":[],"_links":{"self":[{"href":"https:\/\/vozolpuff.de\/en\/wp-json\/wp\/v2\/product\/2277","targetHints":{"allow":["GET"]}}],"collection":[{"href":"https:\/\/vozolpuff.de\/en\/wp-json\/wp\/v2\/product"}],"about":[{"href":"https:\/\/vozolpuff.de\/en\/wp-json\/wp\/v2\/types\/product"}],"replies":[{"embeddable":true,"href":"https:\/\/vozolpuff.de\/en\/wp-json\/wp\/v2\/comments?post=2277"}],"wp:featuredmedia":[{"embeddable":true,"href":"https:\/\/vozolpuff.de\/en\/wp-json\/wp\/v2\/media\/2284"}],"wp:attachment":[{"href":"https:\/\/vozolpuff.de\/en\/wp-json\/wp\/v2\/media?parent=2277"}],"wp:term":[{"taxonomy":"product_brand","embeddable":true,"href":"https:\/\/vozolpuff.de\/en\/wp-json\/wp\/v2\/product_brand?post=2277"},{"taxonomy":"product_cat","embeddable":true,"href":"https:\/\/vozolpuff.de\/en\/wp-json\/wp\/v2\/product_cat?post=2277"},{"taxonomy":"product_tag","embeddable":true,"href":"https:\/\/vozolpuff.de\/en\/wp-json\/wp\/v2\/product_tag?post=2277"}],"curies":[{"name":"wp","href":"https:\/\/api.w.org\/{rel}","templated":true}]}}