{"id":2291,"date":"2025-08-28T17:50:33","date_gmt":"2025-08-28T15:50:33","guid":{"rendered":"https:\/\/vozolpuff.de\/?post_type=product&#038;p=2291"},"modified":"2025-08-28T17:50:33","modified_gmt":"2025-08-28T15:50:33","slug":"randm-tornado-15000-berry-lemonade","status":"publish","type":"product","link":"https:\/\/vozolpuff.de\/en\/product\/randm-tornado-15000-berry-lemonade\/","title":{"rendered":"RandM Tornado 15000 Berry Lemonade"},"content":{"rendered":"<h2 class=\"text-xl font-bold text-text-100 mt-1 -mb-0.5\">RandM Tornado 15000 Berry Lemonade disposable vape<\/h2>\n<p class=\"whitespace-normal break-words\">Refresh yourself with the tangy RandM Tornado 15000 Berry Lemonade - an invigorating blend of sweet berries and tart lemonade. This refreshing combination offers the perfect balance between fruitiness and citrus freshness. With 15,000 puffs and 25 ml capacity, available in 0%, 2%, 3% and 5% nicotine concentrations.<\/p>\n<h3 class=\"text-lg font-bold text-text-100 mt-1 -mb-1.5\">Berry Lemonade function details:<\/h3>\n<p class=\"whitespace-normal break-words\"><strong>Dynamic 850mAh lemonade battery:<\/strong> Powerful energy cell ensures consistently sparkling performance and preserves the characteristic freshness of Berry Lemonade throughout its entire service life.<\/p>\n<p class=\"whitespace-normal break-words\"><strong>Refreshing 25 ML thirst quencher tank:<\/strong> A large supply of liquid guarantees extended refreshment breaks without disturbing interruptions to the thirst-quenching pleasure.<\/p>\n<p class=\"whitespace-normal break-words\"><strong>Bubble-optimised 0.90\u03a9 mesh coil:<\/strong> Specially developed evaporation technology enhances the sparkling lemonade properties and harmoniously emphasises the berry sweetness.<\/p>\n<p class=\"whitespace-normal break-words\"><strong>Quick-Charge Type-C refreshment port:<\/strong> Ultra-fast charging technology drastically reduces downtimes and extends the refreshing vapour moments.<\/p>\n<p class=\"whitespace-normal break-words\"><strong>Phenomenal 15,000 puffs of thirst quencher capacity:<\/strong> Exceptional range for weeks of refreshment without losing the characteristic lemonade tanginess.<\/p>\n<p class=\"whitespace-normal break-words\"><strong>Effervescent RGB lighting effects:<\/strong> Lively colour animations imitate fizzy lemonade and provide precise information about all appliance statuses.<\/p>\n<h3 class=\"text-lg font-bold text-text-100 mt-1 -mb-1.5\">Discover more FUMOT VAPE at vozolpuff<\/h3>\n<p class=\"whitespace-normal break-words\">Discover more first-class vapour products in our <strong><a class=\"underline\" href=\"https:\/\/vozolpuff.de\/en\/\">Main assortment<\/a><\/strong>, explore the complete <strong><a class=\"underline\" href=\"https:\/\/vozolpuff.de\/en\/product-category\/fumot-vape\/\">FUMOT VAPE Collection<\/a><\/strong> or browse through all available <strong><a class=\"underline\" href=\"https:\/\/vozolpuff.de\/en\/product-category\/fumot-vape\/randm-tornado-15000\/\">RandM Tornado 15000 flavours<\/a><\/strong> for your perfect vapour experience.<\/p>","protected":false},"excerpt":{"rendered":"<div>\n<div class=\"grid-cols-1 grid gap-2.5 [&amp;_&gt;_*]:min-w-0 !gap-3.5\">\n<p class=\"whitespace-normal break-words\">Die RandM Tornado 15000 Berry Lemonade Einweg-Vape kombiniert s\u00fc\u00dfe Beeren mit s\u00e4uerlicher Limonade zu einer erfrischenden Balance. Mit 15.000 Z\u00fcgen, 25ml Tank, 850mAh Akku und RGB-Beleuchtung bietet sie spritzigen Dampfgenuss. Erh\u00e4ltlich in 0%, 2%, 3% und 5% Nikotin.<\/p>\n<\/div>\n<\/div>\n<div class=\"h-8\"><\/div>\n","protected":false},"featured_media":2294,"comment_status":"open","ping_status":"closed","template":"","meta":{"_acf_changed":false},"product_brand":[],"product_cat":[44],"product_tag":[],"class_list":{"0":"post-2291","1":"product","2":"type-product","3":"status-publish","4":"has-post-thumbnail","6":"product_cat-randm-tornado-15000","8":"first","9":"instock","10":"shipping-taxable","11":"purchasable","12":"product-type-variable"},"acf":[],"_links":{"self":[{"href":"https:\/\/vozolpuff.de\/en\/wp-json\/wp\/v2\/product\/2291","targetHints":{"allow":["GET"]}}],"collection":[{"href":"https:\/\/vozolpuff.de\/en\/wp-json\/wp\/v2\/product"}],"about":[{"href":"https:\/\/vozolpuff.de\/en\/wp-json\/wp\/v2\/types\/product"}],"replies":[{"embeddable":true,"href":"https:\/\/vozolpuff.de\/en\/wp-json\/wp\/v2\/comments?post=2291"}],"wp:featuredmedia":[{"embeddable":true,"href":"https:\/\/vozolpuff.de\/en\/wp-json\/wp\/v2\/media\/2294"}],"wp:attachment":[{"href":"https:\/\/vozolpuff.de\/en\/wp-json\/wp\/v2\/media?parent=2291"}],"wp:term":[{"taxonomy":"product_brand","embeddable":true,"href":"https:\/\/vozolpuff.de\/en\/wp-json\/wp\/v2\/product_brand?post=2291"},{"taxonomy":"product_cat","embeddable":true,"href":"https:\/\/vozolpuff.de\/en\/wp-json\/wp\/v2\/product_cat?post=2291"},{"taxonomy":"product_tag","embeddable":true,"href":"https:\/\/vozolpuff.de\/en\/wp-json\/wp\/v2\/product_tag?post=2291"}],"curies":[{"name":"wp","href":"https:\/\/api.w.org\/{rel}","templated":true}]}}