{"id":2311,"date":"2025-08-28T17:56:13","date_gmt":"2025-08-28T15:56:13","guid":{"rendered":"https:\/\/vozolpuff.de\/?post_type=product&#038;p=2311"},"modified":"2025-08-28T17:57:30","modified_gmt":"2025-08-28T15:57:30","slug":"randm-tornado-15000-blueberry-bubblegum","status":"publish","type":"product","link":"https:\/\/vozolpuff.de\/en\/product\/randm-tornado-15000-blueberry-bubblegum\/","title":{"rendered":"RandM Tornado 15000 Blueberry Bubblegum"},"content":{"rendered":"<h2 class=\"text-xl font-bold text-text-100 mt-1 -mb-0.5\">RandM Tornado 15000 Blueberry Bubblegum disposable vape<\/h2>\n<p class=\"whitespace-normal break-words\">Experience nostalgic childhood pleasures with the RandM Tornado 15000 Blueberry Bubblegum - a playful blend of juicy blueberries and classic bubblegum flavour. This unique combination evokes sweet memories and offers an unmistakable vapour experience. 15,000 puffs and 25 ml tank volume in 0%, 2%, 3% and 5% nicotine strengths.<\/p>\n<h3 class=\"text-lg font-bold text-text-100 mt-1 -mb-1.5\">Blueberry Bubblegum special equipment:<\/h3>\n<p class=\"whitespace-normal break-words\"><strong>Nostalgic 850mAh chewing gum battery:<\/strong> Reliable power supply preserves the characteristic bubblegum charm and ensures consistent performance for the entire nostalgic experience.<\/p>\n<p class=\"whitespace-normal break-words\"><strong>Playful 25 ML chewing gum container:<\/strong> Generous tank offers sufficient capacity for extended bubblegum vapour phases without disturbing interruptions to the sweet pleasure.<\/p>\n<p class=\"whitespace-normal break-words\"><strong>Bubblegum-optimised 0.90\u03a9 mesh coil:<\/strong> Specially adapted heating technology enhances the typical chewing gum properties and perfectly emphasises the blueberry freshness.<\/p>\n<p class=\"whitespace-normal break-words\"><strong>Fun Type-C nostalgia port:<\/strong> Modern fast-charging technology significantly shortens waiting times between playful moments of vapour.<\/p>\n<p class=\"whitespace-normal break-words\"><strong>A gigantic 15,000 puffs of bubblegum power:<\/strong> Exceptional capacity for weeks of nostalgic travelling without losing the characteristic chewing gum charm.<\/p>\n<p class=\"whitespace-normal break-words\"><strong>Colourful RGB chewing gum show:<\/strong> Cheerful colour changes are reminiscent of colourful chewing gum balls and serve as a charming function indicator.<\/p>\n<h3 class=\"text-lg font-bold text-text-100 mt-1 -mb-1.5\">Discover more FUMOT VAPE at vozolpuff<\/h3>\n<p class=\"whitespace-normal break-words\">Discover more first-class vapour products in our <strong><a class=\"underline\" href=\"https:\/\/vozolpuff.de\/en\/\">Main assortment<\/a><\/strong>, explore the complete <strong><a class=\"underline\" href=\"https:\/\/vozolpuff.de\/en\/product-category\/fumot-vape\/\">FUMOT VAPE Collection<\/a><\/strong> or browse through all available <strong><a class=\"underline\" href=\"https:\/\/vozolpuff.de\/en\/product-category\/fumot-vape\/randm-tornado-15000\/\">RandM Tornado 15000 flavours<\/a><\/strong> for your perfect vapour experience.<\/p>","protected":false},"excerpt":{"rendered":"<div>\n<div class=\"grid-cols-1 grid gap-2.5 [&amp;_&gt;_*]:min-w-0 !gap-3.5\">\n<p class=\"whitespace-normal break-words\">Die RandM Tornado 15000 Blueberry Bubblegum Einweg-Vape kombiniert saftige Blaubeeren mit klassischem Kaugummi-Geschmack f\u00fcr nostalgische Kindheitsfreuden. Mit 15.000 Z\u00fcgen, 25ml Tank, 850mAh Akku und RGB-Beleuchtung. Erh\u00e4ltlich in 0%, 2%, 3% und 5% Nikotin.<\/p>\n<\/div>\n<\/div>\n<div class=\"h-8\"><\/div>\n","protected":false},"featured_media":2314,"comment_status":"open","ping_status":"closed","template":"","meta":{"_acf_changed":false},"product_brand":[],"product_cat":[44],"product_tag":[],"class_list":{"0":"post-2311","1":"product","2":"type-product","3":"status-publish","4":"has-post-thumbnail","6":"product_cat-randm-tornado-15000","8":"first","9":"instock","10":"shipping-taxable","11":"purchasable","12":"product-type-variable"},"acf":[],"_links":{"self":[{"href":"https:\/\/vozolpuff.de\/en\/wp-json\/wp\/v2\/product\/2311","targetHints":{"allow":["GET"]}}],"collection":[{"href":"https:\/\/vozolpuff.de\/en\/wp-json\/wp\/v2\/product"}],"about":[{"href":"https:\/\/vozolpuff.de\/en\/wp-json\/wp\/v2\/types\/product"}],"replies":[{"embeddable":true,"href":"https:\/\/vozolpuff.de\/en\/wp-json\/wp\/v2\/comments?post=2311"}],"wp:featuredmedia":[{"embeddable":true,"href":"https:\/\/vozolpuff.de\/en\/wp-json\/wp\/v2\/media\/2314"}],"wp:attachment":[{"href":"https:\/\/vozolpuff.de\/en\/wp-json\/wp\/v2\/media?parent=2311"}],"wp:term":[{"taxonomy":"product_brand","embeddable":true,"href":"https:\/\/vozolpuff.de\/en\/wp-json\/wp\/v2\/product_brand?post=2311"},{"taxonomy":"product_cat","embeddable":true,"href":"https:\/\/vozolpuff.de\/en\/wp-json\/wp\/v2\/product_cat?post=2311"},{"taxonomy":"product_tag","embeddable":true,"href":"https:\/\/vozolpuff.de\/en\/wp-json\/wp\/v2\/product_tag?post=2311"}],"curies":[{"name":"wp","href":"https:\/\/api.w.org\/{rel}","templated":true}]}}