{"id":3920,"date":"2025-09-10T05:53:08","date_gmt":"2025-09-10T03:53:08","guid":{"rendered":"https:\/\/vozolpuff.de\/?post_type=product&#038;p=3920"},"modified":"2025-09-10T05:53:08","modified_gmt":"2025-09-10T03:53:08","slug":"randm-tornado-7000-blackcurrant-ice","status":"publish","type":"product","link":"https:\/\/vozolpuff.de\/en\/product\/randm-tornado-7000-blackcurrant-ice\/","title":{"rendered":"RandM Tornado 7000 Blackcurrant Ice"},"content":{"rendered":"<h2 class=\"text-xl font-bold text-text-100 mt-1 -mb-0.5\">RandM Tornado 7000 Blackcurrant Ice disposable e-cigarette<\/h2>\n<p class=\"whitespace-normal break-words\">Cool down with the refreshing RandM Tornado 7000 Blackcurrant Ice flavour. This ice-cold flavour combination combines the dark intensity of blackcurrant with a frosty menthol finish that makes every puff a refreshing experience. The high performance disposable device allows up to 7000 puffs of crystal clear flavour, backed by a reliable 850mAh battery system. The large capacity 14ml e-juice tank provides long-lasting enjoyment without the need for maintenance. The responsive inhalation activation starts immediately, while the adjustable airflow setting allows for personal customisation.<\/p>\n<h3 class=\"text-lg font-bold text-text-100 mt-1 -mb-1.5\">Hardware specifications<\/h3>\n<p class=\"whitespace-normal break-words\"><strong>Energy supply:<\/strong> 850mAh built-in (rechargeable)<br \/>\n<strong>Vapour output:<\/strong> Constant and reliable function<br \/>\n<strong>E-liquid content:<\/strong> 14ml completely prepared<br \/>\n<strong>Nicotine variations:<\/strong> 0%, 2%, 3% or 5% available<br \/>\n<strong>Inhalation volume:<\/strong> Approximately 7,000 puffs<br \/>\n<strong>Air supply control:<\/strong> Variable flow setting<br \/>\n<strong>Light design:<\/strong> Integrated RGB colour lighting<\/p>\n<h3 class=\"text-lg font-bold text-text-100 mt-1 -mb-1.5\">Discover more FUMOT VAPE at vozolpuff<\/h3>\n<p class=\"whitespace-normal break-words\">Discover more premium vapour appliances in our <strong><a class=\"underline\" href=\"https:\/\/vozolpuff.de\/en\/\">Online catalogue<\/a><\/strong>dive deep into the <strong><a class=\"underline\" href=\"https:\/\/vozolpuff.de\/en\/product-category\/fumot-vape\/\">FUMOT VAPE product family<\/a><\/strong> or find your perfect flavour in the <strong><a class=\"underline\" href=\"https:\/\/vozolpuff.de\/en\/product-category\/fumot-vape\/randm-tornado-7000\/\">RandM Tornado 7000 series<\/a><\/strong>.<\/p>","protected":false},"excerpt":{"rendered":"<div>\n<div class=\"grid-cols-1 grid gap-2.5 [&amp;_&gt;_*]:min-w-0 !gap-3.5\">\n<p class=\"whitespace-normal break-words\">Erfrischen Sie sich mit der RandM Tornado 7000 Blackcurrant Ice Einweg-Vape. Die intensive Kombination aus dunklen Johannisbeeren und eisigem Menthol-Finish sorgt f\u00fcr kristallklaren Geschmack und frostiges Dampferlebnis. Mit zuverl\u00e4ssigem 850mAh Akku, 14ml Tank und 7000 erfrischenden Z\u00fcgen inklusive RGB-Design.<\/p>\n<\/div>\n<\/div>\n<div class=\"h-8\"><\/div>\n","protected":false},"featured_media":3924,"comment_status":"open","ping_status":"closed","template":"","meta":{"_acf_changed":false},"product_brand":[],"product_cat":[50],"product_tag":[],"class_list":{"0":"post-3920","1":"product","2":"type-product","3":"status-publish","4":"has-post-thumbnail","6":"product_cat-randm-tornado-7000","8":"first","9":"instock","10":"shipping-taxable","11":"purchasable","12":"product-type-variable"},"acf":[],"_links":{"self":[{"href":"https:\/\/vozolpuff.de\/en\/wp-json\/wp\/v2\/product\/3920","targetHints":{"allow":["GET"]}}],"collection":[{"href":"https:\/\/vozolpuff.de\/en\/wp-json\/wp\/v2\/product"}],"about":[{"href":"https:\/\/vozolpuff.de\/en\/wp-json\/wp\/v2\/types\/product"}],"replies":[{"embeddable":true,"href":"https:\/\/vozolpuff.de\/en\/wp-json\/wp\/v2\/comments?post=3920"}],"wp:featuredmedia":[{"embeddable":true,"href":"https:\/\/vozolpuff.de\/en\/wp-json\/wp\/v2\/media\/3924"}],"wp:attachment":[{"href":"https:\/\/vozolpuff.de\/en\/wp-json\/wp\/v2\/media?parent=3920"}],"wp:term":[{"taxonomy":"product_brand","embeddable":true,"href":"https:\/\/vozolpuff.de\/en\/wp-json\/wp\/v2\/product_brand?post=3920"},{"taxonomy":"product_cat","embeddable":true,"href":"https:\/\/vozolpuff.de\/en\/wp-json\/wp\/v2\/product_cat?post=3920"},{"taxonomy":"product_tag","embeddable":true,"href":"https:\/\/vozolpuff.de\/en\/wp-json\/wp\/v2\/product_tag?post=3920"}],"curies":[{"name":"wp","href":"https:\/\/api.w.org\/{rel}","templated":true}]}}