{"id":4252,"date":"2025-09-12T04:13:16","date_gmt":"2025-09-12T02:13:16","guid":{"rendered":"https:\/\/vozolpuff.de\/?post_type=product&#038;p=4252"},"modified":"2025-09-29T12:52:37","modified_gmt":"2025-09-29T10:52:37","slug":"waspe-aiviou-60000-strawberry-watermelon-strawberry-raspberry-candy-grape-ice","status":"publish","type":"product","link":"https:\/\/vozolpuff.de\/en\/product\/waspe-aiviou-60000-strawberry-watermelon-strawberry-raspberry-candy-grape-ice\/","title":{"rendered":"WASPE AIVIOU 60000 Strawberry Watermelon\/Strawberry Raspberry Candy\/Grape Ice"},"content":{"rendered":"<h2 class=\"text-xl font-bold text-text-100 mt-1 -mb-0.5\">WASPE AIVIOU 60000 Strawberry Watermelon\/Strawberry Raspberry Candy\/Grape Ice disposable vape<\/h2>\n<p class=\"whitespace-normal break-words\">Experience three fruity flavours with the WASPE AIVIOU 60000 in the combination Strawberry Watermelon, Strawberry Raspberry Candy and Grape Ice. This exceptional disposable e-cigarette delivers 60,000 flavoured puffs through advanced triple coil technology and flexible nicotine options from 0% to 5%. The generous 54ml tank and intuitive LED display turn every vaping session into a personalised enjoyment experience.<\/p>\n<h3 class=\"text-lg font-bold text-text-100 mt-1 -mb-1.5\">Premium fruit flavour trio<\/h3>\n<p class=\"whitespace-normal break-words\">The innovative triple flavour technology presents sweet strawberry combined with juicy watermelon, sweet and sour strawberry-raspberry as a candy variant and cool grapes with a refreshing effect. Each flavour is perfectly extracted by specialised 0.9\u03a9 mesh coils and offers unique vaping pleasure at the touch of a button.<\/p>\n<p class=\"whitespace-normal break-words\">The reliable 650mAh lithium battery with Type-C fast-charging technology ensures constant performance for all flavours. The intelligent monitoring system displays precise battery and liquid levels for each flavour reservoir.<\/p>\n<h3 class=\"text-lg font-bold text-text-100 mt-1 -mb-1.5\">Discover more WASPE VAPE at vozolpuff<\/h3>\n<p class=\"whitespace-normal break-words\">Visit our <strong><a class=\"underline\" href=\"https:\/\/vozolpuff.de\/en\/\">Premium Vape Shop<\/a><\/strong> for more high-quality products, browse through our <strong><a class=\"underline\" href=\"https:\/\/vozolpuff.de\/en\/product-category\/waspe-vape\/\">WASPE VAPE product series<\/a><\/strong> or discover all <strong><a class=\"underline\" href=\"https:\/\/vozolpuff.de\/en\/product-category\/waspe-vape\/waspe-aiviou-60000\/\">WASPE AIVIOU 60000 flavours<\/a><\/strong>.<\/p>","protected":false},"excerpt":{"rendered":"<div>\n<div class=\"grid-cols-1 grid gap-2.5 [&amp;_&gt;_*]:min-w-0 !gap-3.5\">\n<p class=\"whitespace-normal break-words\">Die WASPE AIVIOU 60000 Strawberry Watermelon\/Strawberry Raspberry Candy\/Grape Ice Einweg-Vape bietet drei fruchtige Aromen in einem Ger\u00e4t. 60.000 Z\u00fcge, Dreifach-Coil-Technologie, 54ml Tank, 0-5% Nikotin und 650mAh Akku f\u00fcr individuellen Genuss.<\/p>\n<\/div>\n<\/div>\n<div class=\"h-8\"><\/div>\n","protected":false},"featured_media":4254,"comment_status":"open","ping_status":"closed","template":"","meta":{"_acf_changed":false},"product_brand":[],"product_cat":[53],"product_tag":[],"class_list":{"0":"post-4252","1":"product","2":"type-product","3":"status-publish","4":"has-post-thumbnail","6":"product_cat-waspe-aiviou-60000","8":"first","9":"instock","10":"shipping-taxable","11":"purchasable","12":"product-type-variable"},"acf":[],"_links":{"self":[{"href":"https:\/\/vozolpuff.de\/en\/wp-json\/wp\/v2\/product\/4252","targetHints":{"allow":["GET"]}}],"collection":[{"href":"https:\/\/vozolpuff.de\/en\/wp-json\/wp\/v2\/product"}],"about":[{"href":"https:\/\/vozolpuff.de\/en\/wp-json\/wp\/v2\/types\/product"}],"replies":[{"embeddable":true,"href":"https:\/\/vozolpuff.de\/en\/wp-json\/wp\/v2\/comments?post=4252"}],"wp:featuredmedia":[{"embeddable":true,"href":"https:\/\/vozolpuff.de\/en\/wp-json\/wp\/v2\/media\/4254"}],"wp:attachment":[{"href":"https:\/\/vozolpuff.de\/en\/wp-json\/wp\/v2\/media?parent=4252"}],"wp:term":[{"taxonomy":"product_brand","embeddable":true,"href":"https:\/\/vozolpuff.de\/en\/wp-json\/wp\/v2\/product_brand?post=4252"},{"taxonomy":"product_cat","embeddable":true,"href":"https:\/\/vozolpuff.de\/en\/wp-json\/wp\/v2\/product_cat?post=4252"},{"taxonomy":"product_tag","embeddable":true,"href":"https:\/\/vozolpuff.de\/en\/wp-json\/wp\/v2\/product_tag?post=4252"}],"curies":[{"name":"wp","href":"https:\/\/api.w.org\/{rel}","templated":true}]}}