{"id":289,"date":"2025-08-21T09:36:49","date_gmt":"2025-08-21T07:36:49","guid":{"rendered":"https:\/\/vozolpuff.de\/?page_id=289"},"modified":"2025-08-21T09:58:28","modified_gmt":"2025-08-21T07:58:28","slug":"about","status":"publish","type":"page","link":"https:\/\/vozolpuff.de\/es\/about\/","title":{"rendered":"Acerca de"},"content":{"rendered":"<section class=\"section dark\" id=\"section_180317598\">\n\t\t<div class=\"section-bg fill\" >\n\t\t\t<img loading=\"lazy\" decoding=\"async\" width=\"1024\" height=\"588\" src=\"https:\/\/vozolpuff.de\/wp-content\/uploads\/2025\/08\/\u5fae\u4fe1\u56fe\u7247_20250820223125.png\" class=\"bg attachment- size-\" alt=\"\" \/>\t\t\t\t\t\t<div class=\"section-bg-overlay absolute fill\"><\/div>\n\t\t\t\n\n\t\t<\/div>\n\n\t\t\n\n\t\t<div class=\"section-content relative\">\n\t\t\t\n\n<div class=\"row align-center\"  id=\"row-1460722611\">\n\n\n\t<div id=\"col-160486963\" class=\"col medium-9 small-12 large-7\"  >\n\t\t\t\t<div class=\"col-inner text-center\"  >\n\t\t\t\n\t\t\t\n\n\t<div id=\"text-2685441036\" class=\"text\">\n\t\t\n\n<h3>Qui\u00e9nes somos<\/h3>\n\t\t\n<style>\n#text-2685441036 {\n  font-size: 2.75rem;\n  line-height: 1;\n}\n<\/style>\n\t<\/div>\n\t\n\t<div id=\"text-99919846\" class=\"text\">\n\t\t\n\n<p><strong>Descubra vozolpuff.co.uk, su primer puerto de escala para productos vaping desechables de alta calidad en l\u00ednea. Con seis a\u00f1os de experiencia en la industria, nos hemos establecido como un distribuidor de confianza para marcas l\u00edderes como Vozol, Waspe, Bang, JNR, RandM Tornado, Elf Box, Uwin, Vapsolo, Al Fakher y muchos nombres m\u00e1s respetados en la industria del vapeo. Nuestros productos, reconocidos internacionalmente, llegan a clientes de numerosos pa\u00edses de todo el mundo.<\/strong><\/p>\n<p><strong>En vozolpuff.de, servimos tanto a clientes minoristas como a mayoristas con una amplia gama de soluciones de vapeo desechables. Nuestro enfoque en la calidad excepcional y la satisfacci\u00f3n del cliente nos caracteriza como un minorista vaping fiable y profesional.<\/strong><\/p>\n<p><strong>Explore nuestra amplia gama de dispositivos desechables Vozol, productos RandM Tornado, art\u00edculos Vapsolo, productos Elf Box y otras marcas de primera calidad para encontrar la soluci\u00f3n de vapeo perfecta para sus necesidades individuales. Tanto si eres un entusiasta del vapeo experimentado como si acabas de empezar, nuestra amplia gama tiene algo para todos.<\/strong><\/p>\n<p><strong>Elige vozolpuff.es para una experiencia de compra sin complicaciones, precios justos y una impresionante variedad de sabores y dispositivos que mejorar\u00e1n tu aventura vapeando. \u00danete a nuestra clientela satisfecha en todo el mundo y experimenta la practicidad y satisfacci\u00f3n que ofrecen los vaporizadores desechables.<\/strong><\/p>\n<p><strong>Revoluciona tu experiencia de vapeo con los productos desechables premium de vozolpuff.co.uk. Haz tu pedido hoy y disfruta de la perfecci\u00f3n del vapeo en su m\u00e1xima expresi\u00f3n.<\/strong><\/p>\n\t\t\n<style>\n#text-99919846 {\n  font-size: 1.2rem;\n  line-height: 1.65;\n  color: rgb(255,255,255);\n}\n#text-99919846 > * {\n  color: rgb(255,255,255);\n}\n<\/style>\n\t<\/div>\n\t\n\n\t\t<\/div>\n\t\t\t\t\t<\/div>\n\n\t\n\n<\/div>\n\n\t\t<\/div>\n\n\t\t\n<style>\n#section_180317598 {\n  padding-top: 30px;\n  padding-bottom: 30px;\n  min-height: 600px;\n}\n#section_180317598 .section-bg-overlay {\n  background-color: rgba(0, 0, 0, 0.4);\n}\n@media (min-width:850px) {\n  #section_180317598 {\n    min-height: 900px;\n  }\n}\n<\/style>\n\t<\/section>","protected":false},"excerpt":{"rendered":"","protected":false},"author":1,"featured_media":0,"parent":0,"menu_order":0,"comment_status":"closed","ping_status":"closed","template":"","meta":{"_acf_changed":false,"footnotes":""},"class_list":["post-289","page","type-page","status-publish","hentry"],"acf":[],"_links":{"self":[{"href":"https:\/\/vozolpuff.de\/es\/wp-json\/wp\/v2\/pages\/289","targetHints":{"allow":["GET"]}}],"collection":[{"href":"https:\/\/vozolpuff.de\/es\/wp-json\/wp\/v2\/pages"}],"about":[{"href":"https:\/\/vozolpuff.de\/es\/wp-json\/wp\/v2\/types\/page"}],"author":[{"embeddable":true,"href":"https:\/\/vozolpuff.de\/es\/wp-json\/wp\/v2\/users\/1"}],"replies":[{"embeddable":true,"href":"https:\/\/vozolpuff.de\/es\/wp-json\/wp\/v2\/comments?post=289"}],"version-history":[{"count":10,"href":"https:\/\/vozolpuff.de\/es\/wp-json\/wp\/v2\/pages\/289\/revisions"}],"predecessor-version":[{"id":307,"href":"https:\/\/vozolpuff.de\/es\/wp-json\/wp\/v2\/pages\/289\/revisions\/307"}],"wp:attachment":[{"href":"https:\/\/vozolpuff.de\/es\/wp-json\/wp\/v2\/media?parent=289"}],"curies":[{"name":"wp","href":"https:\/\/api.w.org\/{rel}","templated":true}]}}