{"id":331,"date":"2025-08-21T10:45:50","date_gmt":"2025-08-21T08:45:50","guid":{"rendered":"https:\/\/vozolpuff.de\/?page_id=331"},"modified":"2025-08-21T10:45:52","modified_gmt":"2025-08-21T08:45:52","slug":"versand-und-lieferung","status":"publish","type":"page","link":"https:\/\/vozolpuff.de\/es\/versand-und-lieferung\/","title":{"rendered":"Env\u00edo y entrega"},"content":{"rendered":"<h2 class=\"wp-block-heading\"><strong>Tramitaci\u00f3n y env\u00edo de pedidos<\/strong><\/h2>\n\n\n\n<ul class=\"wp-block-list\">\n<li><strong>Tiempo de procesamiento<\/strong>Los pedidos se tramitan y env\u00edan en un plazo de 1 a 5 d\u00edas laborables<\/li>\n\n\n\n<li><strong>Plazo de entrega est\u00e1ndar<\/strong>El plazo de entrega habitual es de 10-15 d\u00edas laborables<\/li>\n\n\n\n<li><strong>Pausa en el env\u00edo<\/strong>La mercanc\u00eda no se env\u00eda los fines de semana ni los d\u00edas festivos.<\/li>\n<\/ul>\n\n\n\n<h2 class=\"wp-block-heading\"><strong>Seguimiento de paquetes<\/strong><\/h2>\n\n\n\n<ul class=\"wp-block-list\">\n<li><strong>Notificaci\u00f3n de seguimiento<\/strong>: Tras el env\u00edo, los clientes reciben un correo electr\u00f3nico con el n\u00famero de seguimiento para el control del env\u00edo.<\/li>\n\n\n\n<li><strong>Actualizaci\u00f3n de los datos de seguimiento<\/strong>La informaci\u00f3n de seguimiento s\u00f3lo se actualiza entre 3 y 7 d\u00edas despu\u00e9s del env\u00edo<\/li>\n<\/ul>\n\n\n\n<h2 class=\"wp-block-heading\"><strong>Cambios y anulaciones de pedidos<\/strong><\/h2>\n\n\n\n<ul class=\"wp-block-list\">\n<li><strong>Antes del env\u00edo<\/strong>Los pedidos pueden anularse antes del env\u00edo o puede modificarse la direcci\u00f3n de entrega<\/li>\n\n\n\n<li><strong>Despu\u00e9s del env\u00edo<\/strong>No se admiten devoluciones ni cambios de direcci\u00f3n despu\u00e9s del env\u00edo.<\/li>\n<\/ul>\n\n\n\n<h2 class=\"wp-block-heading\"><strong>Despacho de aduanas<\/strong><\/h2>\n\n\n\n<ul class=\"wp-block-list\">\n<li><strong>Entrega DDP (Delivery Duty Paid)<\/strong>Se ofrece a los siguientes pa\u00edses\/regiones, por lo que no se incurre en gastos de tramitaci\u00f3n aduanera ni de aduanas:\n<ul class=\"wp-block-list\">\n<li>EE.UU. (a trav\u00e9s de UPS, excepto Alaska y Hawai)<\/li>\n\n\n\n<li>Australia (a trav\u00e9s de Australia Post)<\/li>\n\n\n\n<li>Reino Unido (v\u00eda DPD Express)<\/li>\n\n\n\n<li>Europa (a trav\u00e9s de DHL Express \/ DPD Express)<\/li>\n<\/ul>\n<\/li>\n<\/ul>\n\n\n\n<h2 class=\"wp-block-heading\"><strong>Restricciones de servicio<\/strong><\/h2>\n\n\n\n<ul class=\"wp-block-list\">\n<li><strong>Pa\u00edses no disponibles<\/strong>El servicio no est\u00e1 disponible en algunos pa\u00edses con normas aduaneras estrictas: Dinamarca, Australia, Noruega y Suiza.<\/li>\n<\/ul>\n\n\n\n<h2 class=\"wp-block-heading\"><strong>Informaci\u00f3n complementaria<\/strong><\/h2>\n\n\n\n<ul class=\"wp-block-list\">\n<li><strong>Regiones remotas<\/strong>Gastos adicionales y plazos de entrega m\u00e1s largos para las zonas de dif\u00edcil acceso.<\/li>\n\n\n\n<li><strong>Atenci\u00f3n al cliente<\/strong>Si tiene alguna pregunta, p\u00f3ngase en contacto con el servicio de atenci\u00f3n al cliente en czhiwen97@gmail.com.<\/li>\n<\/ul>","protected":false},"excerpt":{"rendered":"<p>Auftragsabwicklung und Versendung Paketverfolgung \u00c4nderungen und Stornierungen von Bestellungen Zollabwicklung und Verzollung Servicebeschr\u00e4nkungen Erg\u00e4nzende Informationen<\/p>","protected":false},"author":1,"featured_media":0,"parent":0,"menu_order":0,"comment_status":"closed","ping_status":"closed","template":"","meta":{"_acf_changed":false,"footnotes":""},"class_list":["post-331","page","type-page","status-publish","hentry"],"acf":[],"_links":{"self":[{"href":"https:\/\/vozolpuff.de\/es\/wp-json\/wp\/v2\/pages\/331","targetHints":{"allow":["GET"]}}],"collection":[{"href":"https:\/\/vozolpuff.de\/es\/wp-json\/wp\/v2\/pages"}],"about":[{"href":"https:\/\/vozolpuff.de\/es\/wp-json\/wp\/v2\/types\/page"}],"author":[{"embeddable":true,"href":"https:\/\/vozolpuff.de\/es\/wp-json\/wp\/v2\/users\/1"}],"replies":[{"embeddable":true,"href":"https:\/\/vozolpuff.de\/es\/wp-json\/wp\/v2\/comments?post=331"}],"version-history":[{"count":2,"href":"https:\/\/vozolpuff.de\/es\/wp-json\/wp\/v2\/pages\/331\/revisions"}],"predecessor-version":[{"id":2549,"href":"https:\/\/vozolpuff.de\/es\/wp-json\/wp\/v2\/pages\/331\/revisions\/2549"}],"wp:attachment":[{"href":"https:\/\/vozolpuff.de\/es\/wp-json\/wp\/v2\/media?parent=331"}],"curies":[{"name":"wp","href":"https:\/\/api.w.org\/{rel}","templated":true}]}}