{"id":1004,"date":"2025-08-24T16:34:44","date_gmt":"2025-08-24T14:34:44","guid":{"rendered":"https:\/\/vozolpuff.de\/?post_type=product&#038;p=1004"},"modified":"2026-01-15T11:50:59","modified_gmt":"2026-01-15T10:50:59","slug":"vozol-rave-40000-tropical-blast","status":"publish","type":"product","link":"https:\/\/vozolpuff.de\/es\/producto\/vozol-rave-40000-tropical-blast\/","title":{"rendered":"Vozol Rave 40000 Tropical Blast"},"content":{"rendered":"<h2 class=\"text-xl font-bold text-text-100 mt-1 -mb-0.5\">Vozol Rave 40000 Tropical Blast Vape desechable<\/h2>\n<p class=\"whitespace-normal break-words\">D\u00e9jese llevar a climas tropicales con VOZOL RAVE 40000 Tropical Blast. Esta ex\u00f3tica composici\u00f3n de sabores combina jugosa pi\u00f1a, mango maduro y otras frutas tropicales en un soleado viaje arom\u00e1tico. Con la revolucionaria tecnolog\u00eda 3D Curved Screen, cada calada se convierte en un espect\u00e1culo visual.<\/p>\n<h3 class=\"text-lg font-bold text-text-100 mt-1 -mb-1.5\">Caracter\u00edsticas del Tropical Blast:<\/h3>\n<p class=\"whitespace-normal break-words\"><strong>Contenido l\u00edquido:<\/strong> 20 ml de composici\u00f3n de frutas tropicales<br \/>\n<strong>Bater\u00eda:<\/strong> M\u00f3dulo de alimentaci\u00f3n recargable de 1000 mAh<br \/>\n<strong>Gama de vapeo:<\/strong> Aproximadamente 40 000 caladas (est\u00e1ndar) | 25 000 caladas (intensivo)<br \/>\n<strong>Nivel de nicotina:<\/strong> 5% (50 mg) para disfrutar con cuerpo<br \/>\n<strong>Atomizador-Tech:<\/strong> Evaporaci\u00f3n avanzada con bobina de malla<br \/>\n<strong>Control de flujo:<\/strong> Circulaci\u00f3n de aire ajustable<br \/>\n<strong>Monitor de estado:<\/strong> Pantalla LED para informaci\u00f3n del dispositivo<br \/>\n<strong>Sensor de movimiento:<\/strong> Tecnolog\u00eda de detecci\u00f3n de 270\u00b0 con animaci\u00f3n en directo<br \/>\n<strong>Modos de funcionamiento:<\/strong> Gesti\u00f3n del rendimiento en dos fases<br \/>\n<strong>Unidad de procesamiento:<\/strong> MCU de doble n\u00facleo con innovaci\u00f3n S.i.L.C.<\/p>\n<h3 class=\"text-lg font-bold text-text-100 mt-1 -mb-1.5\">Descubre m\u00e1s VOZOL VAPE en vozolpuff<\/h3>\n<p class=\"whitespace-normal break-words\">Descubra m\u00e1s cigarrillos electr\u00f3nicos premium en nuestra <strong><a class=\"underline\" href=\"https:\/\/vozolpuff.de\/es\/\">P\u00e1gina de inicio<\/a><\/strong>Explore toda la <strong><a class=\"underline\" href=\"https:\/\/vozolpuff.de\/es\/product-category\/vozol-vape\/\">Colecci\u00f3n VOZOL VAPE<\/a><\/strong> o navegar por todos los <strong><a class=\"underline\" href=\"https:\/\/vozolpuff.de\/es\/product-category\/vozol-vape\/vozol-rave-40000\/\">Vozol Rave 40000 sabores<\/a><\/strong>.<\/p>","protected":false},"excerpt":{"rendered":"<p>El vaporizador desechable VOZOL RAVE 40000 Tropical Blast te transporta a climas tropicales con su jugosa pi\u00f1a, mango maduro y frutas ex\u00f3ticas. Con hasta 40 000 caladas, la revolucionaria tecnolog\u00eda de pantalla curva 3D, una bater\u00eda de 1000 mAh y bobinas de malla avanzadas para disfrutar de aromas soleados.<\/p>","protected":false},"featured_media":1006,"comment_status":"open","ping_status":"closed","template":"","meta":{"_acf_changed":false},"product_brand":[],"product_cat":[32],"product_tag":[],"class_list":{"0":"post-1004","1":"product","2":"type-product","3":"status-publish","4":"has-post-thumbnail","6":"product_cat-vozol-rave-40000","8":"first","9":"instock","10":"shipping-taxable","11":"purchasable","12":"product-type-variable"},"acf":[],"_links":{"self":[{"href":"https:\/\/vozolpuff.de\/es\/wp-json\/wp\/v2\/product\/1004","targetHints":{"allow":["GET"]}}],"collection":[{"href":"https:\/\/vozolpuff.de\/es\/wp-json\/wp\/v2\/product"}],"about":[{"href":"https:\/\/vozolpuff.de\/es\/wp-json\/wp\/v2\/types\/product"}],"replies":[{"embeddable":true,"href":"https:\/\/vozolpuff.de\/es\/wp-json\/wp\/v2\/comments?post=1004"}],"wp:featuredmedia":[{"embeddable":true,"href":"https:\/\/vozolpuff.de\/es\/wp-json\/wp\/v2\/media\/1006"}],"wp:attachment":[{"href":"https:\/\/vozolpuff.de\/es\/wp-json\/wp\/v2\/media?parent=1004"}],"wp:term":[{"taxonomy":"product_brand","embeddable":true,"href":"https:\/\/vozolpuff.de\/es\/wp-json\/wp\/v2\/product_brand?post=1004"},{"taxonomy":"product_cat","embeddable":true,"href":"https:\/\/vozolpuff.de\/es\/wp-json\/wp\/v2\/product_cat?post=1004"},{"taxonomy":"product_tag","embeddable":true,"href":"https:\/\/vozolpuff.de\/es\/wp-json\/wp\/v2\/product_tag?post=1004"}],"curies":[{"name":"wp","href":"https:\/\/api.w.org\/{rel}","templated":true}]}}